{"id":23624,"date":"2025-10-12T11:26:52","date_gmt":"2025-10-12T02:26:52","guid":{"rendered":"https:\/\/sfashionaccessories.com\/?post_type=product&#038;p=23624"},"modified":"2026-04-12T20:32:23","modified_gmt":"2026-04-12T11:32:23","slug":"sutia-citara-conforto-demillus-064513","status":"publish","type":"product","link":"https:\/\/sfashionaccessories.com\/?product=sutia-citara-conforto-demillus-064513","title":{"rendered":"Sutia Citara Conforto Demillus 064513"},"content":{"rendered":"<p>Suti\u00e3 confeccionado em microfibra de alta compress\u00e3o, proporcionando um efeito redutor e modelador.<\/p>\n<p>Modelo com aro e busto anat\u00f4mico sem bojo, que garante um ajuste perfeito e confort\u00e1vel.<\/p>\n<p>Laterais largas oferecem maior sustenta\u00e7\u00e3o, enquanto as al\u00e7as espumadas, fixas e regul\u00e1veis, proporcionam mais conforto ao uso di\u00e1rio. O fechamento nas costas conta com colchetes duplos e tripla regulagem, garantindo melhor ajuste.<\/p>\n<p>Composi\u00e7\u00e3o: 77% Poliamida e 23% Elastano.<\/p>\n","protected":false},"excerpt":{"rendered":"<p>Suti\u00e3 confeccionado em microfibra de alta compress\u00e3o, proporcionando um efeito redutor e modelador. Modelo com aro e busto anat\u00f4mico sem bojo, que garante um ajuste perfeito e confort\u00e1vel. Laterais largas oferecem maior sustenta\u00e7\u00e3o, enquanto as al\u00e7as espumadas, fixas e regul\u00e1veis, proporcionam mais conforto ao uso di\u00e1rio. O fechamento nas costas conta com colchetes duplos e [&hellip;]<\/p>\n","protected":false},"featured_media":23634,"comment_status":"open","ping_status":"closed","template":"","meta":{"_kadence_starter_templates_imported_post":false},"product_brand":[],"product_cat":[268,293,29,221],"product_tag":[266,395,267,265],"class_list":{"0":"post-23624","1":"product","2":"type-product","3":"status-publish","4":"has-post-thumbnail","6":"product_cat-demillus","7":"product_cat-feminino","8":"product_cat-lingeries","9":"product_cat-sutias","10":"product_tag-demillus","11":"product_tag-feminino","12":"product_tag-lingerie","13":"product_tag-sutia","15":"first","16":"instock","17":"shipping-taxable","18":"purchasable","19":"product-type-variable"},"_links":{"self":[{"href":"https:\/\/sfashionaccessories.com\/index.php?rest_route=\/wp\/v2\/product\/23624","targetHints":{"allow":["GET"]}}],"collection":[{"href":"https:\/\/sfashionaccessories.com\/index.php?rest_route=\/wp\/v2\/product"}],"about":[{"href":"https:\/\/sfashionaccessories.com\/index.php?rest_route=\/wp\/v2\/types\/product"}],"replies":[{"embeddable":true,"href":"https:\/\/sfashionaccessories.com\/index.php?rest_route=%2Fwp%2Fv2%2Fcomments&post=23624"}],"wp:featuredmedia":[{"embeddable":true,"href":"https:\/\/sfashionaccessories.com\/index.php?rest_route=\/wp\/v2\/media\/23634"}],"wp:attachment":[{"href":"https:\/\/sfashionaccessories.com\/index.php?rest_route=%2Fwp%2Fv2%2Fmedia&parent=23624"}],"wp:term":[{"taxonomy":"product_brand","embeddable":true,"href":"https:\/\/sfashionaccessories.com\/index.php?rest_route=%2Fwp%2Fv2%2Fproduct_brand&post=23624"},{"taxonomy":"product_cat","embeddable":true,"href":"https:\/\/sfashionaccessories.com\/index.php?rest_route=%2Fwp%2Fv2%2Fproduct_cat&post=23624"},{"taxonomy":"product_tag","embeddable":true,"href":"https:\/\/sfashionaccessories.com\/index.php?rest_route=%2Fwp%2Fv2%2Fproduct_tag&post=23624"}],"curies":[{"name":"wp","href":"https:\/\/api.w.org\/{rel}","templated":true}]}}