{"id":23636,"date":"2025-10-12T11:56:02","date_gmt":"2025-10-12T02:56:02","guid":{"rendered":"https:\/\/sfashionaccessories.com\/?post_type=product&#038;p=23636"},"modified":"2025-10-12T12:26:09","modified_gmt":"2025-10-12T03:26:09","slug":"gargantilha-singapura-de-prata-925-tam-50-830113","status":"publish","type":"product","link":"https:\/\/sfashionaccessories.com\/?product=gargantilha-singapura-de-prata-925-tam-50-830113","title":{"rendered":"Rommanel &#8211; GARGANTILHA SINGAPURA DE PRATA 925 &#8211; TAM.42  830115"},"content":{"rendered":"<h4>Descri\u00e7\u00e3o<\/h4>\n<div class=\"productDescription\">Rommanel &#8211; Gargantilha formada por corrente singapura fio 0,40 mm.<br \/>\nmed. 42 cm<\/div>\n<div id=\"caracteristicas\">\n<table class=\"group Folheados\" cellspacing=\"0\">\n<tbody>\n<tr class=\"even\">\n<th class=\"name-field Material\">Material<\/th>\n<td class=\"value-field Material\">Prata Maci\u00e7a 925<\/td>\n<\/tr>\n<tr>\n<th class=\"name-field Genero\">G\u00eanero<\/th>\n<td class=\"value-field Genero\">Feminino<\/td>\n<\/tr>\n<tr class=\"even\">\n<th class=\"name-field Faixa-Etaria\">Faixa Et\u00e1ria<\/th>\n<td class=\"value-field Faixa-Etaria\">Adulto<\/td>\n<\/tr>\n<tr>\n<th class=\"name-field Composicao\">Composi\u00e7\u00e3o<\/th>\n<td class=\"value-field Composicao\">Sem Pedra<\/td>\n<\/tr>\n<tr class=\"even\">\n<th class=\"name-field Tema\">Tema<\/th>\n<td class=\"value-field Tema\">B\u00e1sico<\/td>\n<\/tr>\n<tr>\n<th class=\"name-field Colecao\">Cole\u00e7\u00e3o<\/th>\n<td class=\"value-field Colecao\">C\u00e1psula F\u00e9<\/td>\n<\/tr>\n<tr class=\"even\">\n<th class=\"name-field Conceito\">Conceito<\/th>\n<td class=\"value-field Conceito\">Para este novo voo da borboleta a rommanel mergulhou na historia e tradi\u00e7\u00f5es da joalheria. com um olhar para o futuro e o cora\u00e7\u00e3o nos sentimentos que nos trazem seguran\u00e7a e aconchego desenvolveu esta linha que expressa a cren\u00e7a num futuro melhor, um futuro que desejamos que seja perfeito.<br \/>\njoias para mulheres e homens nobres como a prata, nobres de alma, de sentimentos, de emo\u00e7\u00f5es. pessoas que valorizam os momentos e acima de tudo as pessoas ao seu redor.<br \/>\nas melhores joias de prata<\/td>\n<\/tr>\n<\/tbody>\n<\/table>\n<\/div>\n","protected":false},"excerpt":{"rendered":"<p>Descri\u00e7\u00e3o Rommanel &#8211; Gargantilha formada por corrente singapura fio 0,40 mm. med. 42 cm Material Prata Maci\u00e7a 925 G\u00eanero Feminino Faixa Et\u00e1ria Adulto Composi\u00e7\u00e3o Sem Pedra Tema B\u00e1sico Cole\u00e7\u00e3o C\u00e1psula F\u00e9 Conceito Para este novo voo da borboleta a rommanel mergulhou na historia e tradi\u00e7\u00f5es da joalheria. com um olhar para o futuro e o [&hellip;]<\/p>\n","protected":false},"featured_media":23640,"comment_status":"open","ping_status":"closed","template":"","meta":{"_kadence_starter_templates_imported_post":false},"product_brand":[],"product_cat":[200,373,580,293,727,878,793,723],"product_tag":[182,728,879,877,724],"class_list":{"0":"post-23636","1":"product","2":"type-product","3":"status-publish","4":"has-post-thumbnail","6":"product_cat-acessorios-bijuterias-semi-joias","7":"product_cat-colares","8":"product_cat-destaques","9":"product_cat-feminino","10":"product_cat-gargantilha","11":"product_cat-joias","12":"product_cat-presente","13":"product_cat-rommanel","14":"product_tag-acessorios","15":"product_tag-gargantilha","16":"product_tag-joias","17":"product_tag-prata-925","18":"product_tag-rommanel","20":"first","21":"instock","22":"shipping-taxable","23":"purchasable","24":"product-type-simple"},"_links":{"self":[{"href":"https:\/\/sfashionaccessories.com\/index.php?rest_route=\/wp\/v2\/product\/23636","targetHints":{"allow":["GET"]}}],"collection":[{"href":"https:\/\/sfashionaccessories.com\/index.php?rest_route=\/wp\/v2\/product"}],"about":[{"href":"https:\/\/sfashionaccessories.com\/index.php?rest_route=\/wp\/v2\/types\/product"}],"replies":[{"embeddable":true,"href":"https:\/\/sfashionaccessories.com\/index.php?rest_route=%2Fwp%2Fv2%2Fcomments&post=23636"}],"wp:featuredmedia":[{"embeddable":true,"href":"https:\/\/sfashionaccessories.com\/index.php?rest_route=\/wp\/v2\/media\/23640"}],"wp:attachment":[{"href":"https:\/\/sfashionaccessories.com\/index.php?rest_route=%2Fwp%2Fv2%2Fmedia&parent=23636"}],"wp:term":[{"taxonomy":"product_brand","embeddable":true,"href":"https:\/\/sfashionaccessories.com\/index.php?rest_route=%2Fwp%2Fv2%2Fproduct_brand&post=23636"},{"taxonomy":"product_cat","embeddable":true,"href":"https:\/\/sfashionaccessories.com\/index.php?rest_route=%2Fwp%2Fv2%2Fproduct_cat&post=23636"},{"taxonomy":"product_tag","embeddable":true,"href":"https:\/\/sfashionaccessories.com\/index.php?rest_route=%2Fwp%2Fv2%2Fproduct_tag&post=23636"}],"curies":[{"name":"wp","href":"https:\/\/api.w.org\/{rel}","templated":true}]}}