{"id":23646,"date":"2025-10-12T12:18:28","date_gmt":"2025-10-12T03:18:28","guid":{"rendered":"https:\/\/sfashionaccessories.com\/?post_type=product&#038;p=23646"},"modified":"2025-10-12T12:18:28","modified_gmt":"2025-10-12T03:18:28","slug":"rommanel-gargantilha-banhada-a-ouro-18k-tam-42-5324214200","status":"publish","type":"product","link":"https:\/\/sfashionaccessories.com\/?product=rommanel-gargantilha-banhada-a-ouro-18k-tam-42-5324214200","title":{"rendered":"Rommanel- GARGANTILHA BANHADA A OURO 18K &#8211; TAM.42 5324214200"},"content":{"rendered":"<h4>Descri\u00e7\u00e3o<\/h4>\n<div class=\"productDescription\">Gargantilha formada por corrente de bolas diamantadas de 1,2 mm.<br \/>\nmed 42 cm<\/div>\n<div id=\"caracteristicas\">\n<table class=\"group Folheados\" cellspacing=\"0\">\n<tbody>\n<tr class=\"even\">\n<th class=\"name-field Material\">Material<\/th>\n<td class=\"value-field Material\">Banhado a Ouro 18k<\/td>\n<\/tr>\n<tr>\n<th class=\"name-field Genero\">G\u00eanero<\/th>\n<td class=\"value-field Genero\">Feminino<\/td>\n<\/tr>\n<tr class=\"even\">\n<th class=\"name-field Faixa-Etaria\">Faixa Et\u00e1ria<\/th>\n<td class=\"value-field Faixa-Etaria\">Adulto<\/td>\n<\/tr>\n<tr>\n<th class=\"name-field Composicao\">Composi\u00e7\u00e3o<\/th>\n<td class=\"value-field Composicao\">Sem Pedra<\/td>\n<\/tr>\n<tr class=\"even\">\n<th class=\"name-field Tema\">Tema<\/th>\n<td class=\"value-field Tema\">Moderno<\/td>\n<\/tr>\n<tr>\n<th class=\"name-field Colecao\">Cole\u00e7\u00e3o<\/th>\n<td class=\"value-field Colecao\">Linha Permanente Rommanel<\/td>\n<\/tr>\n<tr class=\"even\">\n<th class=\"name-field Conceito\">Conceito<\/th>\n<td class=\"value-field Conceito\">A COLE\u00c7\u00c3O PERMANENTE ROMMANEL TR\u00c1Z J\u00d3IAS TRADICIONAIS, QUE INDEPENDEM DA MODA PARA SEREM ATUAIS! OS TR\u00caS BANHOS DE OURO GARANTEM AS J\u00d3IAS ROMMANEL SATISFA\u00c7\u00c3O E ACABAMENTO SIMILAR AO OURO MACI\u00c7O. ESSE DIFERENCIAL FAZ COM QUE ALIAN\u00c7AS,AN\u00c9IS E OUTROS MODELOS TENHAM LUGAR GARANTIDO.<\/td>\n<\/tr>\n<\/tbody>\n<\/table>\n<\/div>\n","protected":false},"excerpt":{"rendered":"<p>Descri\u00e7\u00e3o Gargantilha formada por corrente de bolas diamantadas de 1,2 mm. med 42 cm Material Banhado a Ouro 18k G\u00eanero Feminino Faixa Et\u00e1ria Adulto Composi\u00e7\u00e3o Sem Pedra Tema Moderno Cole\u00e7\u00e3o Linha Permanente Rommanel Conceito A COLE\u00c7\u00c3O PERMANENTE ROMMANEL TR\u00c1Z J\u00d3IAS TRADICIONAIS, QUE INDEPENDEM DA MODA PARA SEREM ATUAIS! OS TR\u00caS BANHOS DE OURO GARANTEM AS [&hellip;]<\/p>\n","protected":false},"featured_media":23649,"comment_status":"open","ping_status":"closed","template":"","meta":{"_kadence_starter_templates_imported_post":false},"product_brand":[],"product_cat":[200,373,580,293,727,878,723],"product_tag":[182,374,728,879,724],"class_list":{"0":"post-23646","1":"product","2":"type-product","3":"status-publish","4":"has-post-thumbnail","6":"product_cat-acessorios-bijuterias-semi-joias","7":"product_cat-colares","8":"product_cat-destaques","9":"product_cat-feminino","10":"product_cat-gargantilha","11":"product_cat-joias","12":"product_cat-rommanel","13":"product_tag-acessorios","14":"product_tag-colar","15":"product_tag-gargantilha","16":"product_tag-joias","17":"product_tag-rommanel","19":"first","20":"instock","21":"shipping-taxable","22":"purchasable","23":"product-type-simple"},"_links":{"self":[{"href":"https:\/\/sfashionaccessories.com\/index.php?rest_route=\/wp\/v2\/product\/23646","targetHints":{"allow":["GET"]}}],"collection":[{"href":"https:\/\/sfashionaccessories.com\/index.php?rest_route=\/wp\/v2\/product"}],"about":[{"href":"https:\/\/sfashionaccessories.com\/index.php?rest_route=\/wp\/v2\/types\/product"}],"replies":[{"embeddable":true,"href":"https:\/\/sfashionaccessories.com\/index.php?rest_route=%2Fwp%2Fv2%2Fcomments&post=23646"}],"wp:featuredmedia":[{"embeddable":true,"href":"https:\/\/sfashionaccessories.com\/index.php?rest_route=\/wp\/v2\/media\/23649"}],"wp:attachment":[{"href":"https:\/\/sfashionaccessories.com\/index.php?rest_route=%2Fwp%2Fv2%2Fmedia&parent=23646"}],"wp:term":[{"taxonomy":"product_brand","embeddable":true,"href":"https:\/\/sfashionaccessories.com\/index.php?rest_route=%2Fwp%2Fv2%2Fproduct_brand&post=23646"},{"taxonomy":"product_cat","embeddable":true,"href":"https:\/\/sfashionaccessories.com\/index.php?rest_route=%2Fwp%2Fv2%2Fproduct_cat&post=23646"},{"taxonomy":"product_tag","embeddable":true,"href":"https:\/\/sfashionaccessories.com\/index.php?rest_route=%2Fwp%2Fv2%2Fproduct_tag&post=23646"}],"curies":[{"name":"wp","href":"https:\/\/api.w.org\/{rel}","templated":true}]}}