{"id":23659,"date":"2025-10-12T12:54:44","date_gmt":"2025-10-12T03:54:44","guid":{"rendered":"https:\/\/sfashionaccessories.com\/?post_type=product&#038;p=23659"},"modified":"2025-10-12T13:11:58","modified_gmt":"2025-10-12T04:11:58","slug":"brinco-rommanel-prata-925-borboleta-zirconia-820257","status":"publish","type":"product","link":"https:\/\/sfashionaccessories.com\/?product=brinco-rommanel-prata-925-borboleta-zirconia-820257","title":{"rendered":"Brinco Rommanel Prata 925 Borboleta Zirc\u00f4nia 820257"},"content":{"rendered":"<div class=\"product-description-navigation row justify-content-center\">\n<div class=\"col text-center p-3 active\" data-link=\"0\">\n<h3 class=\"h2 m-0\">Descri\u00e7\u00e3o do produto<\/h3>\n<\/div>\n<div class=\"col text-center p-3\" data-link=\"1\">\n<h2 class=\"h2 m-0\"><strong style=\"font-size: 16px;\">Brinco Rommanel Prata 925 Borboleta Zirc\u00f4nia 820257<\/strong><\/h2>\n<\/div>\n<\/div>\n<div class=\"product-description-item row mt-3 mt-md-5\">\n<div class=\"d-none w-100 active\">\n<div class=\"cms p-3 p-sm-0\">\n<p><strong>Brinco Rommanel<\/strong> borboleta vazada com\u00a0 zirc\u00f4nias de 2,0 mm (par). Cole\u00e7\u00e3o Prata 925.<\/p>\n<p><strong>Tamanho:\u00a0<\/strong>0,9 cm x 0,9 cm<\/p>\n<\/div>\n<\/div>\n<\/div>\n","protected":false},"excerpt":{"rendered":"<p>Descri\u00e7\u00e3o do produto Brinco Rommanel Prata 925 Borboleta Zirc\u00f4nia 820257 Brinco Rommanel borboleta vazada com\u00a0 zirc\u00f4nias de 2,0 mm (par). Cole\u00e7\u00e3o Prata 925. Tamanho:\u00a00,9 cm x 0,9 cm<\/p>\n","protected":false},"featured_media":23661,"comment_status":"open","ping_status":"closed","template":"","meta":{"_kadence_starter_templates_imported_post":false},"product_brand":[],"product_cat":[200,369,293,878,793,723,209],"product_tag":[182,879,877,724],"class_list":{"0":"post-23659","1":"product","2":"type-product","3":"status-publish","4":"has-post-thumbnail","6":"product_cat-acessorios-bijuterias-semi-joias","7":"product_cat-brincos","8":"product_cat-feminino","9":"product_cat-joias","10":"product_cat-presente","11":"product_cat-rommanel","12":"product_cat-semi-joias","13":"product_tag-acessorios","14":"product_tag-joias","15":"product_tag-prata-925","16":"product_tag-rommanel","18":"first","19":"instock","20":"shipping-taxable","21":"purchasable","22":"product-type-simple"},"_links":{"self":[{"href":"https:\/\/sfashionaccessories.com\/index.php?rest_route=\/wp\/v2\/product\/23659","targetHints":{"allow":["GET"]}}],"collection":[{"href":"https:\/\/sfashionaccessories.com\/index.php?rest_route=\/wp\/v2\/product"}],"about":[{"href":"https:\/\/sfashionaccessories.com\/index.php?rest_route=\/wp\/v2\/types\/product"}],"replies":[{"embeddable":true,"href":"https:\/\/sfashionaccessories.com\/index.php?rest_route=%2Fwp%2Fv2%2Fcomments&post=23659"}],"wp:featuredmedia":[{"embeddable":true,"href":"https:\/\/sfashionaccessories.com\/index.php?rest_route=\/wp\/v2\/media\/23661"}],"wp:attachment":[{"href":"https:\/\/sfashionaccessories.com\/index.php?rest_route=%2Fwp%2Fv2%2Fmedia&parent=23659"}],"wp:term":[{"taxonomy":"product_brand","embeddable":true,"href":"https:\/\/sfashionaccessories.com\/index.php?rest_route=%2Fwp%2Fv2%2Fproduct_brand&post=23659"},{"taxonomy":"product_cat","embeddable":true,"href":"https:\/\/sfashionaccessories.com\/index.php?rest_route=%2Fwp%2Fv2%2Fproduct_cat&post=23659"},{"taxonomy":"product_tag","embeddable":true,"href":"https:\/\/sfashionaccessories.com\/index.php?rest_route=%2Fwp%2Fv2%2Fproduct_tag&post=23659"}],"curies":[{"name":"wp","href":"https:\/\/api.w.org\/{rel}","templated":true}]}}