{"id":23677,"date":"2025-10-15T13:03:41","date_gmt":"2025-10-15T04:03:41","guid":{"rendered":"https:\/\/sfashionaccessories.com\/?post_type=product&#038;p=23677"},"modified":"2025-11-04T15:06:49","modified_gmt":"2025-11-04T06:06:49","slug":"tododia-cereja-e-avela-body-splash-natura-200ml","status":"publish","type":"product","link":"https:\/\/sfashionaccessories.com\/?product=tododia-cereja-e-avela-body-splash-natura-200ml","title":{"rendered":"TODODIA CEREJA E AVEL\u00c3 BODY SPLASH NATURA \u2013 200ML"},"content":{"rendered":"<div class=\"MuiBox-root natds8339 natds42 natds8338\">\n<h2><strong>Desperte seus sentidos com a fragr\u00e2ncia de Cereja e Avel\u00e3.<\/strong><\/h2>\n<\/div>\n<p class=\"MuiTypography-root MuiTypography-body1 MuiTypography-colorTextPrimary MuiTypography-alignLeft\">Uma fragr\u00e2ncia frutal que atrai e marca presen\u00e7a. Notas de cereja, amora e rom\u00e3 revelam a sa\u00edda e s\u00e3o combinadas com flor de ameixa e notas cremosas de avel\u00e3. O fundo envolvente traz a presen\u00e7a de acordes de castanha, am\u00eandoas e baunilha. Essa mistura traz sensa\u00e7\u00e3o de bem estar. O Body Splash Desodorante Col\u00f4nia De Tododia \u00e9 um convite a vestir seu corpo com uma perfuma\u00e7\u00e3o leve. Tododia busca inspira\u00e7\u00e3o na combina\u00e7\u00e3o de notas surpreendentes, traduzidas em fragr\u00e2ncias irresist\u00edveis. Sensa\u00e7\u00f5es de frescor e leveza, que d\u00e3o o toque final ao cuidado de cada dia. Al\u00e9m de tudo, ele complementa a rotina com uma hidrata\u00e7\u00e3o suave da pele.<\/p>\n<h2 class=\"MuiTypography-root BlockContentCustomLayout_custom__title__aNIKK MuiTypography-h5 MuiTypography-alignLeft\" data-gtm-vis-recent-on-screen-49267163_1183=\"9244714\" data-gtm-vis-first-on-screen-49267163_1183=\"9244714\" data-gtm-vis-total-visible-time-49267163_1183=\"100\" data-gtm-vis-has-fired-49267163_1183=\"1\"><strong>Dicas de uso<\/strong><\/h2>\n<p>Se delicie aplicando borrifadas abundantes nos punhos, pesco\u00e7o, colo, atr\u00e1s da orelha e onde mais desejar, exceto no rosto, para reviver<br \/>\na gostosa sensa\u00e7\u00e3o do banho. Vale at\u00e9 fazer aquela nuvem de spray e se envolver com esse cheirinho gostoso. Reaplique sempre que quiser renovar essa sensa\u00e7\u00e3o.<\/p>\n","protected":false},"excerpt":{"rendered":"<p>Desperte seus sentidos com a fragr\u00e2ncia de Cereja e Avel\u00e3. Uma fragr\u00e2ncia frutal que atrai e marca presen\u00e7a. Notas de cereja, amora e rom\u00e3 revelam a sa\u00edda e s\u00e3o combinadas com flor de ameixa e notas cremosas de avel\u00e3. O fundo envolvente traz a presen\u00e7a de acordes de castanha, am\u00eandoas e baunilha. Essa mistura traz [&hellip;]<\/p>\n","protected":false},"featured_media":23680,"comment_status":"open","ping_status":"closed","template":"","meta":{"_kadence_starter_templates_imported_post":false},"product_brand":[],"product_cat":[530,713,206,293,203],"product_tag":[412,272,502,234,233],"class_list":{"0":"post-23677","1":"product","2":"type-product","3":"status-publish","4":"has-post-thumbnail","6":"product_cat-body-splash","7":"product_cat-colonia","8":"product_cat-cosmeticos-cremes-hidradantesperfumes","9":"product_cat-feminino","10":"product_cat-natura-creme-oleo-sabonete-perfume","11":"product_tag-body-splash","12":"product_tag-cosmeticos","13":"product_tag-desodorante-feminino","14":"product_tag-natura","15":"product_tag-perfume","17":"first","18":"instock","19":"shipping-taxable","20":"purchasable","21":"product-type-simple"},"_links":{"self":[{"href":"https:\/\/sfashionaccessories.com\/index.php?rest_route=\/wp\/v2\/product\/23677","targetHints":{"allow":["GET"]}}],"collection":[{"href":"https:\/\/sfashionaccessories.com\/index.php?rest_route=\/wp\/v2\/product"}],"about":[{"href":"https:\/\/sfashionaccessories.com\/index.php?rest_route=\/wp\/v2\/types\/product"}],"replies":[{"embeddable":true,"href":"https:\/\/sfashionaccessories.com\/index.php?rest_route=%2Fwp%2Fv2%2Fcomments&post=23677"}],"wp:featuredmedia":[{"embeddable":true,"href":"https:\/\/sfashionaccessories.com\/index.php?rest_route=\/wp\/v2\/media\/23680"}],"wp:attachment":[{"href":"https:\/\/sfashionaccessories.com\/index.php?rest_route=%2Fwp%2Fv2%2Fmedia&parent=23677"}],"wp:term":[{"taxonomy":"product_brand","embeddable":true,"href":"https:\/\/sfashionaccessories.com\/index.php?rest_route=%2Fwp%2Fv2%2Fproduct_brand&post=23677"},{"taxonomy":"product_cat","embeddable":true,"href":"https:\/\/sfashionaccessories.com\/index.php?rest_route=%2Fwp%2Fv2%2Fproduct_cat&post=23677"},{"taxonomy":"product_tag","embeddable":true,"href":"https:\/\/sfashionaccessories.com\/index.php?rest_route=%2Fwp%2Fv2%2Fproduct_tag&post=23677"}],"curies":[{"name":"wp","href":"https:\/\/api.w.org\/{rel}","templated":true}]}}