{"id":23697,"date":"2025-10-15T17:17:45","date_gmt":"2025-10-15T08:17:45","guid":{"rendered":"https:\/\/sfashionaccessories.com\/?post_type=product&#038;p=23697"},"modified":"2026-04-15T15:11:19","modified_gmt":"2026-04-15T06:11:19","slug":"matizadores-mocha-mousse","status":"publish","type":"product","link":"https:\/\/sfashionaccessories.com\/?product=matizadores-mocha-mousse","title":{"rendered":"Matizadores Mocha Mousse"},"content":{"rendered":"<p style=\"font-weight: 400;\"><b><strong>Como usar<\/strong><\/b><\/p>\n<p style=\"font-weight: 400;\">Ap\u00f3s lavar os cabelos com shampoo, aplique o matizador puro mecha a mecha. Deixe agir entre 15 a 30 minutos e depois enx\u00e1gue.<\/p>\n<p style=\"font-weight: 400;\"><b><strong>Importante saber<\/strong><\/b><\/p>\n<p style=\"font-weight: 400;\">O resultado da matiza\u00e7\u00e3o varia de acordo com a cor que o fio se encontra atualmente. Sempre realize teste de mecha antes da aplica\u00e7\u00e3o. Este produto n\u00e3o tem fun\u00e7\u00e3o de colora\u00e7\u00e3o e tonalizante e n\u00e3o cobre fios brancos.<\/p>\n<p style=\"font-weight: 400;\"><b><strong>Quando usar<\/strong><\/b><\/p>\n<p style=\"font-weight: 400;\">Uma vez por semana ou a cada 15 dias, conforme a necessidade, para manter os fios matizados.<\/p>\n<p style=\"font-weight: 400;\"><b><strong>Dica Extra<\/strong><\/b><\/p>\n<p style=\"font-weight: 400;\">Pode ser usado tamb\u00e9m para finalizar procedimentos de mecha morena iluminada.<\/p>\n","protected":false},"excerpt":{"rendered":"<p>Como usar Ap\u00f3s lavar os cabelos com shampoo, aplique o matizador puro mecha a mecha. Deixe agir entre 15 a 30 minutos e depois enx\u00e1gue. Importante saber O resultado da matiza\u00e7\u00e3o varia de acordo com a cor que o fio se encontra atualmente. Sempre realize teste de mecha antes da aplica\u00e7\u00e3o. Este produto n\u00e3o tem [&hellip;]<\/p>\n","protected":false},"featured_media":23702,"comment_status":"open","ping_status":"closed","template":"","meta":{"_kadence_starter_templates_imported_post":false},"product_brand":[],"product_cat":[204,544,206,580,524,689,859],"product_tag":[476,272,486,443],"class_list":{"0":"post-23697","1":"product","2":"type-product","3":"status-publish","4":"has-post-thumbnail","6":"product_cat-matizador-sampoo-condicionador-hidratante","7":"product_cat-coloracao-tintura","8":"product_cat-cosmeticos-cremes-hidradantesperfumes","9":"product_cat-destaques","10":"product_cat-magic-color","11":"product_cat-matizadores","12":"product_cat-tintura-de-cabelo","13":"product_tag-cabelos","14":"product_tag-cosmeticos","15":"product_tag-magic-color","16":"product_tag-matizador","18":"first","19":"instock","20":"shipping-taxable","21":"purchasable","22":"product-type-variable"},"_links":{"self":[{"href":"https:\/\/sfashionaccessories.com\/index.php?rest_route=\/wp\/v2\/product\/23697","targetHints":{"allow":["GET"]}}],"collection":[{"href":"https:\/\/sfashionaccessories.com\/index.php?rest_route=\/wp\/v2\/product"}],"about":[{"href":"https:\/\/sfashionaccessories.com\/index.php?rest_route=\/wp\/v2\/types\/product"}],"replies":[{"embeddable":true,"href":"https:\/\/sfashionaccessories.com\/index.php?rest_route=%2Fwp%2Fv2%2Fcomments&post=23697"}],"wp:featuredmedia":[{"embeddable":true,"href":"https:\/\/sfashionaccessories.com\/index.php?rest_route=\/wp\/v2\/media\/23702"}],"wp:attachment":[{"href":"https:\/\/sfashionaccessories.com\/index.php?rest_route=%2Fwp%2Fv2%2Fmedia&parent=23697"}],"wp:term":[{"taxonomy":"product_brand","embeddable":true,"href":"https:\/\/sfashionaccessories.com\/index.php?rest_route=%2Fwp%2Fv2%2Fproduct_brand&post=23697"},{"taxonomy":"product_cat","embeddable":true,"href":"https:\/\/sfashionaccessories.com\/index.php?rest_route=%2Fwp%2Fv2%2Fproduct_cat&post=23697"},{"taxonomy":"product_tag","embeddable":true,"href":"https:\/\/sfashionaccessories.com\/index.php?rest_route=%2Fwp%2Fv2%2Fproduct_tag&post=23697"}],"curies":[{"name":"wp","href":"https:\/\/api.w.org\/{rel}","templated":true}]}}