{"id":23711,"date":"2025-10-15T18:18:16","date_gmt":"2025-10-15T09:18:16","guid":{"rendered":"https:\/\/sfashionaccessories.com\/?post_type=product&#038;p=23711"},"modified":"2026-04-05T13:10:56","modified_gmt":"2026-04-05T04:10:56","slug":"calca-cintura-perfeita-lavado-medio-pit-bull-jeans-modeladora","status":"publish","type":"product","link":"https:\/\/sfashionaccessories.com\/?product=calca-cintura-perfeita-lavado-medio-pit-bull-jeans-modeladora","title":{"rendered":"Cal\u00e7a Cintura Perfeita Pit Bull Jeans Modeladora-87248"},"content":{"rendered":"<ul class=\"accordion\">\n<li><a class=\"flex justify-between py-4\" data-visibility=\"show\">Descri\u00e7\u00e3o do produto+<\/a>\n<div class=\"content \">\n<p data-prosemirror-content-type=\"node\" data-prosemirror-node-name=\"paragraph\" data-prosemirror-node-block=\"true\" data-pm-slice=\"1 1 []\">Com foco em valoriza\u00e7\u00e3o do corpo e estrutura anat\u00f4mica, essa cal\u00e7a cintura perfeita da Pit Bull Jeans oferece o equil\u00edbrio ideal entre est\u00e9tica e funcionalidade. A modelagem ajustada garante firmeza na regi\u00e3o abdominal, enquanto o bojo Bundex remov\u00edvel proporciona um realce natural ao bumbum com liberdade de uso. O z\u00edper frontal cinza agrega um detalhe moderno e t\u00e9cnico \u00e0 pe\u00e7a, complementado pelo c\u00f3s com bot\u00e3o flex\u00edvel e refor\u00e7os estrat\u00e9gicos nos bolsos. Um modelo indispens\u00e1vel para quem busca eleg\u00e2ncia com caimento impec\u00e1vel.<\/p>\n<p data-prosemirror-content-type=\"node\" data-prosemirror-node-name=\"paragraph\" data-prosemirror-node-block=\"true\"><strong data-prosemirror-content-type=\"mark\" data-prosemirror-mark-name=\"strong\">DETALHES:<\/strong><\/p>\n<p data-prosemirror-content-type=\"node\" data-prosemirror-node-name=\"paragraph\" data-prosemirror-node-block=\"true\"><strong data-prosemirror-content-type=\"mark\" data-prosemirror-mark-name=\"strong\">\u2013 Composi\u00e7\u00e3o do produto:<\/strong><\/p>\n<ul class=\"ak-ul\" data-prosemirror-content-type=\"node\" data-prosemirror-node-name=\"bulletList\" data-prosemirror-node-block=\"true\">\n<li data-prosemirror-content-type=\"node\" data-prosemirror-node-name=\"listItem\" data-prosemirror-node-block=\"true\">\n<p data-prosemirror-content-type=\"node\" data-prosemirror-node-name=\"paragraph\" data-prosemirror-node-block=\"true\">51% Algod\u00e3o<\/p>\n<\/li>\n<li data-prosemirror-content-type=\"node\" data-prosemirror-node-name=\"listItem\" data-prosemirror-node-block=\"true\">\n<p data-prosemirror-content-type=\"node\" data-prosemirror-node-name=\"paragraph\" data-prosemirror-node-block=\"true\">22% Liocel<\/p>\n<\/li>\n<li data-prosemirror-content-type=\"node\" data-prosemirror-node-name=\"listItem\" data-prosemirror-node-block=\"true\">\n<p data-prosemirror-content-type=\"node\" data-prosemirror-node-name=\"paragraph\" data-prosemirror-node-block=\"true\">26% Poli\u00e9ster<\/p>\n<\/li>\n<li data-prosemirror-content-type=\"node\" data-prosemirror-node-name=\"listItem\" data-prosemirror-node-block=\"true\">\n<p data-prosemirror-content-type=\"node\" data-prosemirror-node-name=\"paragraph\" data-prosemirror-node-block=\"true\">1% Elastano<\/p>\n<\/li>\n<\/ul>\n<p data-prosemirror-content-type=\"node\" data-prosemirror-node-name=\"paragraph\" data-prosemirror-node-block=\"true\"><strong data-prosemirror-content-type=\"mark\" data-prosemirror-mark-name=\"strong\">\u2013 Modelagem cintura perfeita:<\/strong>\u00a0estrutura firme com caimento preciso e sofisticado<\/p>\n<p data-prosemirror-content-type=\"node\" data-prosemirror-node-name=\"paragraph\" data-prosemirror-node-block=\"true\"><strong data-prosemirror-content-type=\"mark\" data-prosemirror-mark-name=\"strong\">\u2013 Bojo Bundex remov\u00edvel:<\/strong>\u00a0para maior suporte e modelagem do bumbum, oferecendo um ajuste ideal e adapt\u00e1vel ao estilo de cada mulher<\/p>\n<p data-prosemirror-content-type=\"node\" data-prosemirror-node-name=\"paragraph\" data-prosemirror-node-block=\"true\"><strong data-prosemirror-content-type=\"mark\" data-prosemirror-mark-name=\"strong\">\u2013 C\u00f3s com bot\u00e3o flex\u00edvel:<\/strong>\u00a0conforto e praticidade com seguran\u00e7a no ajuste<\/p>\n<p data-prosemirror-content-type=\"node\" data-prosemirror-node-name=\"paragraph\" data-prosemirror-node-block=\"true\"><strong data-prosemirror-content-type=\"mark\" data-prosemirror-mark-name=\"strong\">\u2013 Refor\u00e7o nos bolsos traseiros:<\/strong>\u00a0resist\u00eancia e est\u00e9tica refinada<\/p>\n<p data-prosemirror-content-type=\"node\" data-prosemirror-node-name=\"paragraph\" data-prosemirror-node-block=\"true\"><strong data-prosemirror-content-type=\"mark\" data-prosemirror-mark-name=\"strong\">\u2013 Z\u00edper frontal cinza:<\/strong>\u00a0contraste sutil com toque t\u00e9cnico<\/p>\n<p data-prosemirror-content-type=\"node\" data-prosemirror-node-name=\"paragraph\" data-prosemirror-node-block=\"true\"><strong data-prosemirror-content-type=\"mark\" data-prosemirror-mark-name=\"strong\">\u2013 Cor dispon\u00edvel:<\/strong>\u00a0Azul M\u00e9dio<\/p>\n<p data-prosemirror-content-type=\"node\" data-prosemirror-node-name=\"paragraph\" data-prosemirror-node-block=\"true\">\n<\/div>\n<\/li>\n<\/ul>\n","protected":false},"excerpt":{"rendered":"<p>Descri\u00e7\u00e3o do produto+ Com foco em valoriza\u00e7\u00e3o do corpo e estrutura anat\u00f4mica, essa cal\u00e7a cintura perfeita da Pit Bull Jeans oferece o equil\u00edbrio ideal entre est\u00e9tica e funcionalidade. A modelagem ajustada garante firmeza na regi\u00e3o abdominal, enquanto o bojo Bundex remov\u00edvel proporciona um realce natural ao bumbum com liberdade de uso. O z\u00edper frontal cinza [&hellip;]<\/p>\n","protected":false},"featured_media":23719,"comment_status":"open","ping_status":"closed","template":"","meta":{"_kadence_starter_templates_imported_post":false},"product_brand":[],"product_cat":[508,153,580,293,527,28],"product_tag":[241,242,470,134,243],"class_list":{"0":"post-23711","1":"product","2":"type-product","3":"status-publish","4":"has-post-thumbnail","6":"product_cat-calcas-femininas","7":"product_cat-casual","8":"product_cat-destaques","9":"product_cat-feminino","10":"product_cat-jeans","11":"product_cat-pit-bull","12":"product_tag-calcas","13":"product_tag-calcas-femininas","14":"product_tag-calcas-jeans","15":"product_tag-jeans","16":"product_tag-pitbull","18":"first","19":"instock","20":"sale","21":"shipping-taxable","22":"purchasable","23":"product-type-variable"},"_links":{"self":[{"href":"https:\/\/sfashionaccessories.com\/index.php?rest_route=\/wp\/v2\/product\/23711","targetHints":{"allow":["GET"]}}],"collection":[{"href":"https:\/\/sfashionaccessories.com\/index.php?rest_route=\/wp\/v2\/product"}],"about":[{"href":"https:\/\/sfashionaccessories.com\/index.php?rest_route=\/wp\/v2\/types\/product"}],"replies":[{"embeddable":true,"href":"https:\/\/sfashionaccessories.com\/index.php?rest_route=%2Fwp%2Fv2%2Fcomments&post=23711"}],"wp:featuredmedia":[{"embeddable":true,"href":"https:\/\/sfashionaccessories.com\/index.php?rest_route=\/wp\/v2\/media\/23719"}],"wp:attachment":[{"href":"https:\/\/sfashionaccessories.com\/index.php?rest_route=%2Fwp%2Fv2%2Fmedia&parent=23711"}],"wp:term":[{"taxonomy":"product_brand","embeddable":true,"href":"https:\/\/sfashionaccessories.com\/index.php?rest_route=%2Fwp%2Fv2%2Fproduct_brand&post=23711"},{"taxonomy":"product_cat","embeddable":true,"href":"https:\/\/sfashionaccessories.com\/index.php?rest_route=%2Fwp%2Fv2%2Fproduct_cat&post=23711"},{"taxonomy":"product_tag","embeddable":true,"href":"https:\/\/sfashionaccessories.com\/index.php?rest_route=%2Fwp%2Fv2%2Fproduct_tag&post=23711"}],"curies":[{"name":"wp","href":"https:\/\/api.w.org\/{rel}","templated":true}]}}