{"id":23721,"date":"2025-10-15T18:43:18","date_gmt":"2025-10-15T09:43:18","guid":{"rendered":"https:\/\/sfashionaccessories.com\/?post_type=product&#038;p=23721"},"modified":"2025-10-28T18:47:11","modified_gmt":"2025-10-28T09:47:11","slug":"calca-cos-largo-vermelha-pit-bull-jeans-confortavel-e-elegante","status":"publish","type":"product","link":"https:\/\/sfashionaccessories.com\/?product=calca-cos-largo-vermelha-pit-bull-jeans-confortavel-e-elegante","title":{"rendered":"Cal\u00e7a C\u00f3s Largo Vermelha Pit Bull Jeans Confort\u00e1vel e Elegante"},"content":{"rendered":"<p data-prosemirror-content-type=\"node\" data-prosemirror-node-name=\"paragraph\" data-prosemirror-node-block=\"true\" data-pm-slice=\"1 1 []\">Essa cal\u00e7a foi desenvolvida para mulheres que buscam firmeza na regi\u00e3o abdominal aliada \u00e0 eleg\u00e2ncia do visual. O c\u00f3s largo modela com conforto, garantindo ajuste ideal \u00e0 cintura. A pe\u00e7a possui bojo Bundex remov\u00edvel, que proporciona realce natural ao bumbum com a liberdade de adaptar conforme o estilo desejado. O z\u00edper frontal vermelho acrescenta um detalhe ousado ao acabamento t\u00e9cnico da pe\u00e7a. A modelagem ajustada e o corte preciso valorizam as curvas com equil\u00edbrio entre funcionalidade e est\u00e9tica contempor\u00e2nea.<\/p>\n<p data-prosemirror-content-type=\"node\" data-prosemirror-node-name=\"paragraph\" data-prosemirror-node-block=\"true\"><strong data-prosemirror-content-type=\"mark\" data-prosemirror-mark-name=\"strong\">DETALHES:<\/strong><\/p>\n<p data-prosemirror-content-type=\"node\" data-prosemirror-node-name=\"paragraph\" data-prosemirror-node-block=\"true\"><strong data-prosemirror-content-type=\"mark\" data-prosemirror-mark-name=\"strong\">\u2013 Composi\u00e7\u00e3o do produto:<\/strong><\/p>\n<ul class=\"ak-ul\" data-prosemirror-content-type=\"node\" data-prosemirror-node-name=\"bulletList\" data-prosemirror-node-block=\"true\">\n<li data-prosemirror-content-type=\"node\" data-prosemirror-node-name=\"listItem\" data-prosemirror-node-block=\"true\">\n<p data-prosemirror-content-type=\"node\" data-prosemirror-node-name=\"paragraph\" data-prosemirror-node-block=\"true\">98% Algod\u00e3o<\/p>\n<\/li>\n<li data-prosemirror-content-type=\"node\" data-prosemirror-node-name=\"listItem\" data-prosemirror-node-block=\"true\">\n<p data-prosemirror-content-type=\"node\" data-prosemirror-node-name=\"paragraph\" data-prosemirror-node-block=\"true\">2% Elastano<\/p>\n<\/li>\n<\/ul>\n<p data-prosemirror-content-type=\"node\" data-prosemirror-node-name=\"paragraph\" data-prosemirror-node-block=\"true\"><strong data-prosemirror-content-type=\"mark\" data-prosemirror-mark-name=\"strong\">\u2013 Modelagem com c\u00f3s largo ajustado:<\/strong>\u00a0estrutura anat\u00f4mica com firmeza na cintura<\/p>\n<p data-prosemirror-content-type=\"node\" data-prosemirror-node-name=\"paragraph\" data-prosemirror-node-block=\"true\"><strong data-prosemirror-content-type=\"mark\" data-prosemirror-mark-name=\"strong\">\u2013 Bojo Bundex remov\u00edvel:<\/strong>\u00a0para maior suporte e modelagem do bumbum, oferecendo um ajuste ideal e adapt\u00e1vel ao estilo de cada mulher<\/p>\n<p data-prosemirror-content-type=\"node\" data-prosemirror-node-name=\"paragraph\" data-prosemirror-node-block=\"true\"><strong data-prosemirror-content-type=\"mark\" data-prosemirror-mark-name=\"strong\">\u2013 Bot\u00e3o flex\u00edvel no c\u00f3s:<\/strong>\u00a0praticidade com visual limpo e t\u00e9cnico<\/p>\n<p data-prosemirror-content-type=\"node\" data-prosemirror-node-name=\"paragraph\" data-prosemirror-node-block=\"true\"><strong data-prosemirror-content-type=\"mark\" data-prosemirror-mark-name=\"strong\">\u2013 Refor\u00e7o nos bolsos traseiros:<\/strong>\u00a0resist\u00eancia com acabamento dur\u00e1vel<\/p>\n<p data-prosemirror-content-type=\"node\" data-prosemirror-node-name=\"paragraph\" data-prosemirror-node-block=\"true\"><strong data-prosemirror-content-type=\"mark\" data-prosemirror-mark-name=\"strong\">\u2013 Costura no tom do tecido:<\/strong>\u00a0sofistica\u00e7\u00e3o no acabamento<\/p>\n<p data-prosemirror-content-type=\"node\" data-prosemirror-node-name=\"paragraph\" data-prosemirror-node-block=\"true\"><strong data-prosemirror-content-type=\"mark\" data-prosemirror-mark-name=\"strong\">\u2013 Z\u00edper frontal vermelho:<\/strong>\u00a0toque marcante com personalidade<\/p>\n<p data-prosemirror-content-type=\"node\" data-prosemirror-node-name=\"paragraph\" data-prosemirror-node-block=\"true\"><strong data-prosemirror-content-type=\"mark\" data-prosemirror-mark-name=\"strong\">\u2013 Cor dispon\u00edvel:<\/strong>\u00a0Vermelho<\/p>\n","protected":false},"excerpt":{"rendered":"<p>Essa cal\u00e7a foi desenvolvida para mulheres que buscam firmeza na regi\u00e3o abdominal aliada \u00e0 eleg\u00e2ncia do visual. O c\u00f3s largo modela com conforto, garantindo ajuste ideal \u00e0 cintura. A pe\u00e7a possui bojo Bundex remov\u00edvel, que proporciona realce natural ao bumbum com a liberdade de adaptar conforme o estilo desejado. O z\u00edper frontal vermelho acrescenta um [&hellip;]<\/p>\n","protected":false},"featured_media":23732,"comment_status":"open","ping_status":"closed","template":"","meta":{"_kadence_starter_templates_imported_post":false},"product_brand":[],"product_cat":[508,153,580,293,527,28],"product_tag":[241,242,134,243],"class_list":{"0":"post-23721","1":"product","2":"type-product","3":"status-publish","4":"has-post-thumbnail","6":"product_cat-calcas-femininas","7":"product_cat-casual","8":"product_cat-destaques","9":"product_cat-feminino","10":"product_cat-jeans","11":"product_cat-pit-bull","12":"product_tag-calcas","13":"product_tag-calcas-femininas","14":"product_tag-jeans","15":"product_tag-pitbull","17":"first","18":"instock","19":"shipping-taxable","20":"purchasable","21":"product-type-variable"},"_links":{"self":[{"href":"https:\/\/sfashionaccessories.com\/index.php?rest_route=\/wp\/v2\/product\/23721","targetHints":{"allow":["GET"]}}],"collection":[{"href":"https:\/\/sfashionaccessories.com\/index.php?rest_route=\/wp\/v2\/product"}],"about":[{"href":"https:\/\/sfashionaccessories.com\/index.php?rest_route=\/wp\/v2\/types\/product"}],"replies":[{"embeddable":true,"href":"https:\/\/sfashionaccessories.com\/index.php?rest_route=%2Fwp%2Fv2%2Fcomments&post=23721"}],"wp:featuredmedia":[{"embeddable":true,"href":"https:\/\/sfashionaccessories.com\/index.php?rest_route=\/wp\/v2\/media\/23732"}],"wp:attachment":[{"href":"https:\/\/sfashionaccessories.com\/index.php?rest_route=%2Fwp%2Fv2%2Fmedia&parent=23721"}],"wp:term":[{"taxonomy":"product_brand","embeddable":true,"href":"https:\/\/sfashionaccessories.com\/index.php?rest_route=%2Fwp%2Fv2%2Fproduct_brand&post=23721"},{"taxonomy":"product_cat","embeddable":true,"href":"https:\/\/sfashionaccessories.com\/index.php?rest_route=%2Fwp%2Fv2%2Fproduct_cat&post=23721"},{"taxonomy":"product_tag","embeddable":true,"href":"https:\/\/sfashionaccessories.com\/index.php?rest_route=%2Fwp%2Fv2%2Fproduct_tag&post=23721"}],"curies":[{"name":"wp","href":"https:\/\/api.w.org\/{rel}","templated":true}]}}