{"id":23734,"date":"2025-10-15T19:43:59","date_gmt":"2025-10-15T10:43:59","guid":{"rendered":"https:\/\/sfashionaccessories.com\/?post_type=product&#038;p=23734"},"modified":"2026-03-19T10:08:21","modified_gmt":"2026-03-19T01:08:21","slug":"calca-cintura-perfeita-pit-bull-jeans-modeladora-empina-bumbum","status":"publish","type":"product","link":"https:\/\/sfashionaccessories.com\/?product=calca-cintura-perfeita-pit-bull-jeans-modeladora-empina-bumbum","title":{"rendered":"Cal\u00e7a Cintura Perfeita Pitbull  Modeladora Empina Bumbum-87252"},"content":{"rendered":"<p>Criada para real\u00e7ar a silhueta com m\u00e1xima precis\u00e3o, esta cal\u00e7a cintura perfeita da Pit Bull Jeans apresenta estrutura firme com modelagem que valoriza o corpo feminino em todos os \u00e2ngulos. O c\u00f3s com bot\u00e3o flex\u00edvel oferece ajuste confort\u00e1vel sem abrir m\u00e3o do suporte, enquanto o bojo Bundex remov\u00edvel modela o bumbum de forma natural, com liberdade de uso. O z\u00edper traseiro garante um fechamento limpo, t\u00e9cnico e elegante, refor\u00e7ando a proposta de sofistica\u00e7\u00e3o e modernidade da pe\u00e7a.<\/p>\n","protected":false},"excerpt":{"rendered":"<p>Criada para real\u00e7ar a silhueta com m\u00e1xima precis\u00e3o, esta cal\u00e7a cintura perfeita da Pit Bull Jeans apresenta estrutura firme com modelagem que valoriza o corpo feminino em todos os \u00e2ngulos. O c\u00f3s com bot\u00e3o flex\u00edvel oferece ajuste confort\u00e1vel sem abrir m\u00e3o do suporte, enquanto o bojo Bundex remov\u00edvel modela o bumbum de forma natural, com [&hellip;]<\/p>\n","protected":false},"featured_media":23740,"comment_status":"open","ping_status":"closed","template":"","meta":{"_kadence_starter_templates_imported_post":false},"product_brand":[],"product_cat":[508,153,293,527,28],"product_tag":[470,134,243],"class_list":{"0":"post-23734","1":"product","2":"type-product","3":"status-publish","4":"has-post-thumbnail","6":"product_cat-calcas-femininas","7":"product_cat-casual","8":"product_cat-feminino","9":"product_cat-jeans","10":"product_cat-pit-bull","11":"product_tag-calcas-jeans","12":"product_tag-jeans","13":"product_tag-pitbull","15":"first","16":"instock","17":"sale","18":"shipping-taxable","19":"purchasable","20":"product-type-variable"},"_links":{"self":[{"href":"https:\/\/sfashionaccessories.com\/index.php?rest_route=\/wp\/v2\/product\/23734","targetHints":{"allow":["GET"]}}],"collection":[{"href":"https:\/\/sfashionaccessories.com\/index.php?rest_route=\/wp\/v2\/product"}],"about":[{"href":"https:\/\/sfashionaccessories.com\/index.php?rest_route=\/wp\/v2\/types\/product"}],"replies":[{"embeddable":true,"href":"https:\/\/sfashionaccessories.com\/index.php?rest_route=%2Fwp%2Fv2%2Fcomments&post=23734"}],"wp:featuredmedia":[{"embeddable":true,"href":"https:\/\/sfashionaccessories.com\/index.php?rest_route=\/wp\/v2\/media\/23740"}],"wp:attachment":[{"href":"https:\/\/sfashionaccessories.com\/index.php?rest_route=%2Fwp%2Fv2%2Fmedia&parent=23734"}],"wp:term":[{"taxonomy":"product_brand","embeddable":true,"href":"https:\/\/sfashionaccessories.com\/index.php?rest_route=%2Fwp%2Fv2%2Fproduct_brand&post=23734"},{"taxonomy":"product_cat","embeddable":true,"href":"https:\/\/sfashionaccessories.com\/index.php?rest_route=%2Fwp%2Fv2%2Fproduct_cat&post=23734"},{"taxonomy":"product_tag","embeddable":true,"href":"https:\/\/sfashionaccessories.com\/index.php?rest_route=%2Fwp%2Fv2%2Fproduct_tag&post=23734"}],"curies":[{"name":"wp","href":"https:\/\/api.w.org\/{rel}","templated":true}]}}