{"id":23743,"date":"2026-01-29T10:07:19","date_gmt":"2026-01-29T01:07:19","guid":{"rendered":"https:\/\/sfashionaccessories.com\/?post_type=product&#038;p=23743"},"modified":"2026-01-29T15:41:56","modified_gmt":"2026-01-29T06:41:56","slug":"calca-linho-sawary-wide-leg-280521","status":"publish","type":"product","link":"https:\/\/sfashionaccessories.com\/?product=calca-linho-sawary-wide-leg-280521","title":{"rendered":"Cal\u00e7a Linho Sawary Wide Leg &#8211; 280521"},"content":{"rendered":"<p>Cal\u00e7a linho feminina de modelagem wide leg, com caimento mais solto ao corpo. Cintura alta. c\u00f3s acompanha um cord\u00e3o com o mesmo tecido para amarra\u00e7\u00e3o Bolsos frontais e bolsos traseiros funcionais Barra com acabamento simples Tecido: linho Tipo de lavagem: Color Cor: Bege<\/p>\n","protected":false},"excerpt":{"rendered":"<p>Cal\u00e7a linho feminina de modelagem wide leg, com caimento mais solto ao corpo. Cintura alta. c\u00f3s acompanha um cord\u00e3o com o mesmo tecido para amarra\u00e7\u00e3o Bolsos frontais e bolsos traseiros funcionais Barra com acabamento simples Tecido: linho Tipo de lavagem: Color Cor: Bege<\/p>\n","protected":false},"featured_media":23753,"comment_status":"open","ping_status":"closed","template":"","meta":{"_kadence_starter_templates_imported_post":false},"product_brand":[],"product_cat":[465,508,580,293,527,499,259],"product_tag":[470,134,256],"class_list":{"0":"post-23743","1":"product","2":"type-product","3":"status-publish","4":"has-post-thumbnail","6":"product_cat-anuncios","7":"product_cat-calcas-femininas","8":"product_cat-destaques","9":"product_cat-feminino","10":"product_cat-jeans","11":"product_cat-medidas-calcas-e-shorts-feminino-sawary","12":"product_cat-sawary","13":"product_tag-calcas-jeans","14":"product_tag-jeans","15":"product_tag-sawary","17":"first","18":"instock","19":"sale","20":"shipping-taxable","21":"purchasable","22":"product-type-variable"},"_links":{"self":[{"href":"https:\/\/sfashionaccessories.com\/index.php?rest_route=\/wp\/v2\/product\/23743","targetHints":{"allow":["GET"]}}],"collection":[{"href":"https:\/\/sfashionaccessories.com\/index.php?rest_route=\/wp\/v2\/product"}],"about":[{"href":"https:\/\/sfashionaccessories.com\/index.php?rest_route=\/wp\/v2\/types\/product"}],"replies":[{"embeddable":true,"href":"https:\/\/sfashionaccessories.com\/index.php?rest_route=%2Fwp%2Fv2%2Fcomments&post=23743"}],"wp:featuredmedia":[{"embeddable":true,"href":"https:\/\/sfashionaccessories.com\/index.php?rest_route=\/wp\/v2\/media\/23753"}],"wp:attachment":[{"href":"https:\/\/sfashionaccessories.com\/index.php?rest_route=%2Fwp%2Fv2%2Fmedia&parent=23743"}],"wp:term":[{"taxonomy":"product_brand","embeddable":true,"href":"https:\/\/sfashionaccessories.com\/index.php?rest_route=%2Fwp%2Fv2%2Fproduct_brand&post=23743"},{"taxonomy":"product_cat","embeddable":true,"href":"https:\/\/sfashionaccessories.com\/index.php?rest_route=%2Fwp%2Fv2%2Fproduct_cat&post=23743"},{"taxonomy":"product_tag","embeddable":true,"href":"https:\/\/sfashionaccessories.com\/index.php?rest_route=%2Fwp%2Fv2%2Fproduct_tag&post=23743"}],"curies":[{"name":"wp","href":"https:\/\/api.w.org\/{rel}","templated":true}]}}