{"id":23763,"date":"2025-12-22T13:08:41","date_gmt":"2025-12-22T04:08:41","guid":{"rendered":"https:\/\/sfashionaccessories.com\/?post_type=product&#038;p=23763"},"modified":"2026-04-18T14:41:23","modified_gmt":"2026-04-18T05:41:23","slug":"desodorante-roll-on-kaiak-pulso-masculino-75ml-natura","status":"publish","type":"product","link":"https:\/\/sfashionaccessories.com\/?product=desodorante-roll-on-kaiak-pulso-masculino-75ml-natura","title":{"rendered":"Desodorante Roll on Kaiak Pulso Masculino 75ml &#8211; Natura"},"content":{"rendered":"<p>Protege as axilias e perfuma com o frescor de Kaiak Pulso.<\/p>\n<p>\u2022 alta prote\u00e7\u00e3o por at\u00e9 72 horas<\/p>\n<p>\u2022 cuida da pele com ativos naturais<\/p>\n<p>\u2022 tecnologia invis\u00edvel que n\u00e3o mancha roupas claras e escuras<\/p>\n<p>\u2022 bioinova\u00e7\u00e3o: combina o melhor da ci\u00eancia e da natureza<\/p>\n<p>\u2022 fragr\u00e2ncia arom\u00e1tica c\u00edtrica.<\/p>\n","protected":false},"excerpt":{"rendered":"<p>Protege as axilias e perfuma com o frescor de Kaiak Pulso. \u2022 alta prote\u00e7\u00e3o por at\u00e9 72 horas \u2022 cuida da pele com ativos naturais \u2022 tecnologia invis\u00edvel que n\u00e3o mancha roupas claras e escuras \u2022 bioinova\u00e7\u00e3o: combina o melhor da ci\u00eancia e da natureza \u2022 fragr\u00e2ncia arom\u00e1tica c\u00edtrica.<\/p>\n","protected":false},"featured_media":23764,"comment_status":"open","ping_status":"closed","template":"","meta":{"_kadence_starter_templates_imported_post":false},"product_brand":[],"product_cat":[465,206,276,277,213,203],"product_tag":[272,239,234],"class_list":{"0":"post-23763","1":"product","2":"type-product","3":"status-publish","4":"has-post-thumbnail","6":"product_cat-anuncios","7":"product_cat-cosmeticos-cremes-hidradantesperfumes","8":"product_cat-desodorante","9":"product_cat-desodorante-masculino","10":"product_cat-desodorantes-anti-transpirantes","11":"product_cat-natura-creme-oleo-sabonete-perfume","12":"product_tag-cosmeticos","13":"product_tag-desodorante","14":"product_tag-natura","16":"first","17":"instock","18":"shipping-taxable","19":"purchasable","20":"product-type-simple"},"_links":{"self":[{"href":"https:\/\/sfashionaccessories.com\/index.php?rest_route=\/wp\/v2\/product\/23763","targetHints":{"allow":["GET"]}}],"collection":[{"href":"https:\/\/sfashionaccessories.com\/index.php?rest_route=\/wp\/v2\/product"}],"about":[{"href":"https:\/\/sfashionaccessories.com\/index.php?rest_route=\/wp\/v2\/types\/product"}],"replies":[{"embeddable":true,"href":"https:\/\/sfashionaccessories.com\/index.php?rest_route=%2Fwp%2Fv2%2Fcomments&post=23763"}],"wp:featuredmedia":[{"embeddable":true,"href":"https:\/\/sfashionaccessories.com\/index.php?rest_route=\/wp\/v2\/media\/23764"}],"wp:attachment":[{"href":"https:\/\/sfashionaccessories.com\/index.php?rest_route=%2Fwp%2Fv2%2Fmedia&parent=23763"}],"wp:term":[{"taxonomy":"product_brand","embeddable":true,"href":"https:\/\/sfashionaccessories.com\/index.php?rest_route=%2Fwp%2Fv2%2Fproduct_brand&post=23763"},{"taxonomy":"product_cat","embeddable":true,"href":"https:\/\/sfashionaccessories.com\/index.php?rest_route=%2Fwp%2Fv2%2Fproduct_cat&post=23763"},{"taxonomy":"product_tag","embeddable":true,"href":"https:\/\/sfashionaccessories.com\/index.php?rest_route=%2Fwp%2Fv2%2Fproduct_tag&post=23763"}],"curies":[{"name":"wp","href":"https:\/\/api.w.org\/{rel}","templated":true}]}}