{"id":23770,"date":"2025-10-18T19:00:30","date_gmt":"2025-10-18T10:00:30","guid":{"rendered":"https:\/\/sfashionaccessories.com\/?post_type=product&#038;p=23770"},"modified":"2026-02-21T22:21:08","modified_gmt":"2026-02-21T13:21:08","slug":"refil-desodorante-corporal-kaiak-pulso-masculino-100ml-natura","status":"publish","type":"product","link":"https:\/\/sfashionaccessories.com\/?product=refil-desodorante-corporal-kaiak-pulso-masculino-100ml-natura","title":{"rendered":"Refil Desodorante Corporal Kaiak Pulso Masculino 100mL &#8211; Natura"},"content":{"rendered":"<p>Benef\u00edcios<\/p>\n<p>Confira as vantagens de obter um Refil do Kaiak Desodorante Masculino:<br \/>\n\u2022 Embalagem leve e pr\u00e1tica, f\u00e1cil de aplicar;<br \/>\n\u2022 Protege contra os odores da transpira\u00e7\u00e3o;<br \/>\n\u2022 Produto sem sal de alum\u00ednio;<br \/>\n\u2022 Fragr\u00e2ncia de sucesso da Perfumaria Natura;<br \/>\nAl\u00e9m disso, com a compra do Refil, voc\u00ea ainda economiza dinheiro e contribui para o meio ambiente.<\/p>\n","protected":false},"excerpt":{"rendered":"<p>Benef\u00edcios Confira as vantagens de obter um Refil do Kaiak Desodorante Masculino: \u2022 Embalagem leve e pr\u00e1tica, f\u00e1cil de aplicar; \u2022 Protege contra os odores da transpira\u00e7\u00e3o; \u2022 Produto sem sal de alum\u00ednio; \u2022 Fragr\u00e2ncia de sucesso da Perfumaria Natura; Al\u00e9m disso, com a compra do Refil, voc\u00ea ainda economiza dinheiro e contribui para o [&hellip;]<\/p>\n","protected":false},"featured_media":23771,"comment_status":"open","ping_status":"closed","template":"","meta":{"_kadence_starter_templates_imported_post":false},"product_brand":[],"product_cat":[206,277,213,203,547],"product_tag":[272,239,316],"class_list":{"0":"post-23770","1":"product","2":"type-product","3":"status-publish","4":"has-post-thumbnail","6":"product_cat-cosmeticos-cremes-hidradantesperfumes","7":"product_cat-desodorante-masculino","8":"product_cat-desodorantes-anti-transpirantes","9":"product_cat-natura-creme-oleo-sabonete-perfume","10":"product_cat-refil","11":"product_tag-cosmeticos","12":"product_tag-desodorante","13":"product_tag-refil","15":"first","16":"instock","17":"shipping-taxable","18":"purchasable","19":"product-type-simple"},"_links":{"self":[{"href":"https:\/\/sfashionaccessories.com\/index.php?rest_route=\/wp\/v2\/product\/23770","targetHints":{"allow":["GET"]}}],"collection":[{"href":"https:\/\/sfashionaccessories.com\/index.php?rest_route=\/wp\/v2\/product"}],"about":[{"href":"https:\/\/sfashionaccessories.com\/index.php?rest_route=\/wp\/v2\/types\/product"}],"replies":[{"embeddable":true,"href":"https:\/\/sfashionaccessories.com\/index.php?rest_route=%2Fwp%2Fv2%2Fcomments&post=23770"}],"wp:featuredmedia":[{"embeddable":true,"href":"https:\/\/sfashionaccessories.com\/index.php?rest_route=\/wp\/v2\/media\/23771"}],"wp:attachment":[{"href":"https:\/\/sfashionaccessories.com\/index.php?rest_route=%2Fwp%2Fv2%2Fmedia&parent=23770"}],"wp:term":[{"taxonomy":"product_brand","embeddable":true,"href":"https:\/\/sfashionaccessories.com\/index.php?rest_route=%2Fwp%2Fv2%2Fproduct_brand&post=23770"},{"taxonomy":"product_cat","embeddable":true,"href":"https:\/\/sfashionaccessories.com\/index.php?rest_route=%2Fwp%2Fv2%2Fproduct_cat&post=23770"},{"taxonomy":"product_tag","embeddable":true,"href":"https:\/\/sfashionaccessories.com\/index.php?rest_route=%2Fwp%2Fv2%2Fproduct_tag&post=23770"}],"curies":[{"name":"wp","href":"https:\/\/api.w.org\/{rel}","templated":true}]}}