{"id":23776,"date":"2025-10-19T12:27:16","date_gmt":"2025-10-19T03:27:16","guid":{"rendered":"https:\/\/sfashionaccessories.com\/?post_type=product&#038;p=23776"},"modified":"2026-03-05T14:57:38","modified_gmt":"2026-03-05T05:57:38","slug":"oleo-bifasico-macadamia-corporal-tododia-natura-120ml","status":"publish","type":"product","link":"https:\/\/sfashionaccessories.com\/?product=oleo-bifasico-macadamia-corporal-tododia-natura-120ml","title":{"rendered":"\u00d3leo Bif\u00e1sico Macad\u00e2mia Corporal Tododia Natura 120ml"},"content":{"rendered":"<div class=\"relative flex\">\n<div class=\"flex gap-2 items-center\"><\/div>\n<\/div>\n<div class=\"relative flex\">\n<div class=\"flex gap-2 items-center\">\n<p>Sua f\u00f3rmula com \u00f3leo de linha\u00e7a, enriquecido em \u00f4megas 3 e 9, estimula a reestrutura\u00e7\u00e3o da pele, por meio de uma hidrata\u00e7\u00e3o intensa \u2022 a combina\u00e7\u00e3o das duas fases do produto confere uma textura surpreendente, que deixa sua pele perfumada, bem-cuidada e radiante \u2022 fragr\u00e2ncia que surpreende: marcante e cl\u00e1ssica com toque c\u00edtrico.<\/p>\n<\/div>\n<\/div>\n","protected":false},"excerpt":{"rendered":"<p>Sua f\u00f3rmula com \u00f3leo de linha\u00e7a, enriquecido em \u00f4megas 3 e 9, estimula a reestrutura\u00e7\u00e3o da pele, por meio de uma hidrata\u00e7\u00e3o intensa \u2022 a combina\u00e7\u00e3o das duas fases do produto confere uma textura surpreendente, que deixa sua pele perfumada, bem-cuidada e radiante \u2022 fragr\u00e2ncia que surpreende: marcante e cl\u00e1ssica com toque c\u00edtrico.<\/p>\n","protected":false},"featured_media":23778,"comment_status":"open","ping_status":"closed","template":"","meta":{"_kadence_starter_templates_imported_post":false},"product_brand":[],"product_cat":[206,203,542],"product_tag":[272,234,539],"class_list":{"0":"post-23776","1":"product","2":"type-product","3":"status-publish","4":"has-post-thumbnail","6":"product_cat-cosmeticos-cremes-hidradantesperfumes","7":"product_cat-natura-creme-oleo-sabonete-perfume","8":"product_cat-oleo-corporal","9":"product_tag-cosmeticos","10":"product_tag-natura","11":"product_tag-oleo-corporal","13":"first","14":"instock","15":"shipping-taxable","16":"purchasable","17":"product-type-simple"},"_links":{"self":[{"href":"https:\/\/sfashionaccessories.com\/index.php?rest_route=\/wp\/v2\/product\/23776","targetHints":{"allow":["GET"]}}],"collection":[{"href":"https:\/\/sfashionaccessories.com\/index.php?rest_route=\/wp\/v2\/product"}],"about":[{"href":"https:\/\/sfashionaccessories.com\/index.php?rest_route=\/wp\/v2\/types\/product"}],"replies":[{"embeddable":true,"href":"https:\/\/sfashionaccessories.com\/index.php?rest_route=%2Fwp%2Fv2%2Fcomments&post=23776"}],"wp:featuredmedia":[{"embeddable":true,"href":"https:\/\/sfashionaccessories.com\/index.php?rest_route=\/wp\/v2\/media\/23778"}],"wp:attachment":[{"href":"https:\/\/sfashionaccessories.com\/index.php?rest_route=%2Fwp%2Fv2%2Fmedia&parent=23776"}],"wp:term":[{"taxonomy":"product_brand","embeddable":true,"href":"https:\/\/sfashionaccessories.com\/index.php?rest_route=%2Fwp%2Fv2%2Fproduct_brand&post=23776"},{"taxonomy":"product_cat","embeddable":true,"href":"https:\/\/sfashionaccessories.com\/index.php?rest_route=%2Fwp%2Fv2%2Fproduct_cat&post=23776"},{"taxonomy":"product_tag","embeddable":true,"href":"https:\/\/sfashionaccessories.com\/index.php?rest_route=%2Fwp%2Fv2%2Fproduct_tag&post=23776"}],"curies":[{"name":"wp","href":"https:\/\/api.w.org\/{rel}","templated":true}]}}