{"id":23788,"date":"2025-10-18T18:59:40","date_gmt":"2025-10-18T09:59:40","guid":{"rendered":"https:\/\/sfashionaccessories.com\/?post_type=product&#038;p=23788"},"modified":"2026-04-17T18:02:35","modified_gmt":"2026-04-17T09:02:35","slug":"desodorante-antitranspirante-em-creme-tododia-macadamia-80gr","status":"publish","type":"product","link":"https:\/\/sfashionaccessories.com\/?product=desodorante-antitranspirante-em-creme-tododia-macadamia-80gr","title":{"rendered":"Desodorante Antitranspirante em Creme Tododia Macad\u00e2mia 80gr"},"content":{"rendered":"<p>O Creme Desodorante Tododia Natura Macad\u00e2mia conta com f\u00f3rmula exclusiva que garante prote\u00e7\u00e3o para as axilas por 48 horas sem deixar manchas nas roupas. Al\u00e9m disso, por meio de sua fragr\u00e2ncia agrad\u00e1vel e frescor, esse desodorante em creme Tododia perfuma a pele e prolonga a sensa\u00e7\u00e3o de p\u00f3s-banho.<\/p>\n","protected":false},"excerpt":{"rendered":"<p>O Creme Desodorante Tododia Natura Macad\u00e2mia conta com f\u00f3rmula exclusiva que garante prote\u00e7\u00e3o para as axilas por 48 horas sem deixar manchas nas roupas. Al\u00e9m disso, por meio de sua fragr\u00e2ncia agrad\u00e1vel e frescor, esse desodorante em creme Tododia perfuma a pele e prolonga a sensa\u00e7\u00e3o de p\u00f3s-banho.<\/p>\n","protected":false},"featured_media":23790,"comment_status":"open","ping_status":"closed","template":"","meta":{"_kadence_starter_templates_imported_post":false},"product_brand":[],"product_cat":[206,276,213,203],"product_tag":[272,239,234],"class_list":{"0":"post-23788","1":"product","2":"type-product","3":"status-publish","4":"has-post-thumbnail","6":"product_cat-cosmeticos-cremes-hidradantesperfumes","7":"product_cat-desodorante","8":"product_cat-desodorantes-anti-transpirantes","9":"product_cat-natura-creme-oleo-sabonete-perfume","10":"product_tag-cosmeticos","11":"product_tag-desodorante","12":"product_tag-natura","14":"first","15":"instock","16":"shipping-taxable","17":"purchasable","18":"product-type-simple"},"_links":{"self":[{"href":"https:\/\/sfashionaccessories.com\/index.php?rest_route=\/wp\/v2\/product\/23788","targetHints":{"allow":["GET"]}}],"collection":[{"href":"https:\/\/sfashionaccessories.com\/index.php?rest_route=\/wp\/v2\/product"}],"about":[{"href":"https:\/\/sfashionaccessories.com\/index.php?rest_route=\/wp\/v2\/types\/product"}],"replies":[{"embeddable":true,"href":"https:\/\/sfashionaccessories.com\/index.php?rest_route=%2Fwp%2Fv2%2Fcomments&post=23788"}],"wp:featuredmedia":[{"embeddable":true,"href":"https:\/\/sfashionaccessories.com\/index.php?rest_route=\/wp\/v2\/media\/23790"}],"wp:attachment":[{"href":"https:\/\/sfashionaccessories.com\/index.php?rest_route=%2Fwp%2Fv2%2Fmedia&parent=23788"}],"wp:term":[{"taxonomy":"product_brand","embeddable":true,"href":"https:\/\/sfashionaccessories.com\/index.php?rest_route=%2Fwp%2Fv2%2Fproduct_brand&post=23788"},{"taxonomy":"product_cat","embeddable":true,"href":"https:\/\/sfashionaccessories.com\/index.php?rest_route=%2Fwp%2Fv2%2Fproduct_cat&post=23788"},{"taxonomy":"product_tag","embeddable":true,"href":"https:\/\/sfashionaccessories.com\/index.php?rest_route=%2Fwp%2Fv2%2Fproduct_tag&post=23788"}],"curies":[{"name":"wp","href":"https:\/\/api.w.org\/{rel}","templated":true}]}}