{"id":23811,"date":"2025-10-18T18:45:33","date_gmt":"2025-10-18T09:45:33","guid":{"rendered":"https:\/\/sfashionaccessories.com\/?post_type=product&#038;p=23811"},"modified":"2026-03-10T14:49:24","modified_gmt":"2026-03-10T05:49:24","slug":"blusa-sexy-modeladora-com-elastico-personalizado-pit-bull-jeans","status":"publish","type":"product","link":"https:\/\/sfashionaccessories.com\/?product=blusa-sexy-modeladora-com-elastico-personalizado-pit-bull-jeans","title":{"rendered":"Blusa Sexy Modeladora com El\u00e1stico Personalizado Pit Bull Jeans"},"content":{"rendered":"<p data-pm-slice=\"1 1 []\" data-prosemirror-content-type=\"node\" data-prosemirror-node-block=\"true\" data-prosemirror-node-name=\"paragraph\">Essa blusa foi projetada para unir impacto visual e conforto em um s\u00f3 design. A malha cirr\u00ea traz o brilho sofisticado que valoriza o look, enquanto a modelagem justa real\u00e7a o busto com o aux\u00edlio de bojo fixo \u2014 exceto no tamanho GG. O diferencial est\u00e1 nos el\u00e1sticos laterais personalizados com letreiro em alto-relevo, que refor\u00e7am a est\u00e9tica urbana da pe\u00e7a. Detalhes como as al\u00e7as com enfeite PBJ e o busto forrado garantem acabamento impec\u00e1vel e total seguran\u00e7a no uso.<\/p>\n<p data-prosemirror-content-type=\"node\" data-prosemirror-node-block=\"true\" data-prosemirror-node-name=\"paragraph\"><strong data-prosemirror-content-type=\"mark\" data-prosemirror-mark-name=\"strong\">DETALHES:<\/strong><\/p>\n<p data-prosemirror-content-type=\"node\" data-prosemirror-node-block=\"true\" data-prosemirror-node-name=\"paragraph\"><strong data-prosemirror-content-type=\"mark\" data-prosemirror-mark-name=\"strong\">\u2013 Composi\u00e7\u00e3o do produto:<\/strong><\/p>\n<ul class=\"ak-ul\" data-prosemirror-content-type=\"node\" data-prosemirror-node-block=\"true\" data-prosemirror-node-name=\"bulletList\">\n<li data-prosemirror-content-type=\"node\" data-prosemirror-node-block=\"true\" data-prosemirror-node-name=\"listItem\">\n<p data-prosemirror-content-type=\"node\" data-prosemirror-node-block=\"true\" data-prosemirror-node-name=\"paragraph\">88% Poli\u00e9ster<\/p>\n<\/li>\n<li data-prosemirror-content-type=\"node\" data-prosemirror-node-block=\"true\" data-prosemirror-node-name=\"listItem\">\n<p data-prosemirror-content-type=\"node\" data-prosemirror-node-block=\"true\" data-prosemirror-node-name=\"paragraph\">12% Elastano<\/p>\n<\/li>\n<\/ul>\n<p data-prosemirror-content-type=\"node\" data-prosemirror-node-block=\"true\" data-prosemirror-node-name=\"paragraph\"><strong data-prosemirror-content-type=\"mark\" data-prosemirror-mark-name=\"strong\">\u2013 Forro do busto:<\/strong>\u00a092,60% Poli\u00e9ster, 7,40% Elastano<\/p>\n<p data-prosemirror-content-type=\"node\" data-prosemirror-node-block=\"true\" data-prosemirror-node-name=\"paragraph\"><strong data-prosemirror-content-type=\"mark\" data-prosemirror-mark-name=\"strong\">\u2013 Modelagem justa com brilho sofisticado:<\/strong>\u00a0visual marcante com caimento firme<\/p>\n<p data-prosemirror-content-type=\"node\" data-prosemirror-node-block=\"true\" data-prosemirror-node-name=\"paragraph\"><strong data-prosemirror-content-type=\"mark\" data-prosemirror-mark-name=\"strong\">\u2013 Bojo fixo no busto (exceto no GG):<\/strong>\u00a0sustenta\u00e7\u00e3o e valoriza\u00e7\u00e3o do colo<\/p>\n<p data-prosemirror-content-type=\"node\" data-prosemirror-node-block=\"true\" data-prosemirror-node-name=\"paragraph\"><strong data-prosemirror-content-type=\"mark\" data-prosemirror-mark-name=\"strong\">\u2013 Forro interno apenas no busto com tecido suave:<\/strong>\u00a0conforto e seguran\u00e7a<\/p>\n<p data-prosemirror-content-type=\"node\" data-prosemirror-node-block=\"true\" data-prosemirror-node-name=\"paragraph\"><strong data-prosemirror-content-type=\"mark\" data-prosemirror-mark-name=\"strong\">\u2013 El\u00e1stico personalizado de 2 cm nas laterais:<\/strong>\u00a0estilo urbano com identidade da marca<\/p>\n<p data-prosemirror-content-type=\"node\" data-prosemirror-node-block=\"true\" data-prosemirror-node-name=\"paragraph\"><strong data-prosemirror-content-type=\"mark\" data-prosemirror-mark-name=\"strong\">\u2013 El\u00e1stico de 1,5 cm nas costas:<\/strong>\u00a0ajuste confort\u00e1vel e firmeza<\/p>\n<p data-prosemirror-content-type=\"node\" data-prosemirror-node-block=\"true\" data-prosemirror-node-name=\"paragraph\"><strong data-prosemirror-content-type=\"mark\" data-prosemirror-mark-name=\"strong\">\u2013 Al\u00e7as com enfeite PBJ e acabamento refor\u00e7ado:<\/strong>\u00a0detalhe exclusivo com arremate limpo<\/p>\n<p data-prosemirror-content-type=\"node\" data-prosemirror-node-block=\"true\" data-prosemirror-node-name=\"paragraph\"><strong data-prosemirror-content-type=\"mark\" data-prosemirror-mark-name=\"strong\">\u2013 Barra finalizada com 2 cm:<\/strong>\u00a0estrutura t\u00e9cnica dur\u00e1vel<\/p>\n<p data-prosemirror-content-type=\"node\" data-prosemirror-node-block=\"true\" data-prosemirror-node-name=\"paragraph\"><strong data-prosemirror-content-type=\"mark\" data-prosemirror-mark-name=\"strong\">\u2013 Cor dispon\u00edvel:<\/strong>\u00a0Preto<\/p>\n","protected":false},"excerpt":{"rendered":"<p>Essa blusa foi projetada para unir impacto visual e conforto em um s\u00f3 design. A malha cirr\u00ea traz o brilho sofisticado que valoriza o look, enquanto a modelagem justa real\u00e7a o busto com o aux\u00edlio de bojo fixo \u2014 exceto no tamanho GG. O diferencial est\u00e1 nos el\u00e1sticos laterais personalizados com letreiro em alto-relevo, que [&hellip;]<\/p>\n","protected":false},"featured_media":23816,"comment_status":"open","ping_status":"closed","template":"","meta":{"_kadence_starter_templates_imported_post":false},"product_brand":[],"product_cat":[172,43,293,501,28],"product_tag":[189,395,243],"class_list":{"0":"post-23811","1":"product","2":"type-product","3":"status-publish","4":"has-post-thumbnail","6":"product_cat-blusas-tops-e-camisetas","7":"product_cat-blusas-camisetas-femininas","8":"product_cat-feminino","9":"product_cat-medidas-calcas-e-shorts-feminino-pitbull","10":"product_cat-pit-bull","11":"product_tag-blusas","12":"product_tag-feminino","13":"product_tag-pitbull","15":"first","16":"instock","17":"shipping-taxable","18":"purchasable","19":"product-type-variable"},"_links":{"self":[{"href":"https:\/\/sfashionaccessories.com\/index.php?rest_route=\/wp\/v2\/product\/23811","targetHints":{"allow":["GET"]}}],"collection":[{"href":"https:\/\/sfashionaccessories.com\/index.php?rest_route=\/wp\/v2\/product"}],"about":[{"href":"https:\/\/sfashionaccessories.com\/index.php?rest_route=\/wp\/v2\/types\/product"}],"replies":[{"embeddable":true,"href":"https:\/\/sfashionaccessories.com\/index.php?rest_route=%2Fwp%2Fv2%2Fcomments&post=23811"}],"wp:featuredmedia":[{"embeddable":true,"href":"https:\/\/sfashionaccessories.com\/index.php?rest_route=\/wp\/v2\/media\/23816"}],"wp:attachment":[{"href":"https:\/\/sfashionaccessories.com\/index.php?rest_route=%2Fwp%2Fv2%2Fmedia&parent=23811"}],"wp:term":[{"taxonomy":"product_brand","embeddable":true,"href":"https:\/\/sfashionaccessories.com\/index.php?rest_route=%2Fwp%2Fv2%2Fproduct_brand&post=23811"},{"taxonomy":"product_cat","embeddable":true,"href":"https:\/\/sfashionaccessories.com\/index.php?rest_route=%2Fwp%2Fv2%2Fproduct_cat&post=23811"},{"taxonomy":"product_tag","embeddable":true,"href":"https:\/\/sfashionaccessories.com\/index.php?rest_route=%2Fwp%2Fv2%2Fproduct_tag&post=23811"}],"curies":[{"name":"wp","href":"https:\/\/api.w.org\/{rel}","templated":true}]}}