{"id":23824,"date":"2025-10-18T19:15:56","date_gmt":"2025-10-18T10:15:56","guid":{"rendered":"https:\/\/sfashionaccessories.com\/?post_type=product&#038;p=23824"},"modified":"2026-03-31T19:07:01","modified_gmt":"2026-03-31T10:07:01","slug":"calca-skinny-cos-largo-pit-bull-jeans-estilosa-e-refinada","status":"publish","type":"product","link":"https:\/\/sfashionaccessories.com\/?product=calca-skinny-cos-largo-pit-bull-jeans-estilosa-e-refinada","title":{"rendered":"Cal\u00e7a Skinny C\u00f3s Largo PitBull Jeans Estilosa e Refinada-87255"},"content":{"rendered":"<p data-pm-slice=\"1 1 []\" data-prosemirror-content-type=\"node\" data-prosemirror-node-block=\"true\" data-prosemirror-node-name=\"paragraph\">Com estrutura que valoriza e modela com eleg\u00e2ncia, essa cal\u00e7a skinny da Pit Bull Jeans traz a funcionalidade do c\u00f3s largo combinado \u00e0 firmeza da modelagem justa. Desenvolvida para real\u00e7ar a silhueta, a pe\u00e7a possui bojo Bundex remov\u00edvel, que proporciona volume natural ao bumbum com possibilidade de ajuste ao estilo da mulher moderna. Os refor\u00e7os nos bolsos traseiros garantem resist\u00eancia ao uso cont\u00ednuo, enquanto a pala com tr\u00eas pespontos e o bot\u00e3o flex\u00edvel no c\u00f3s completam o visual com acabamento t\u00e9cnico e refinado.<\/p>\n<p data-prosemirror-content-type=\"node\" data-prosemirror-node-block=\"true\" data-prosemirror-node-name=\"paragraph\"><strong data-prosemirror-content-type=\"mark\" data-prosemirror-mark-name=\"strong\">DETALHES:<\/strong><\/p>\n<p data-prosemirror-content-type=\"node\" data-prosemirror-node-block=\"true\" data-prosemirror-node-name=\"paragraph\"><strong data-prosemirror-content-type=\"mark\" data-prosemirror-mark-name=\"strong\">\u2013 Composi\u00e7\u00e3o do produto:<\/strong><\/p>\n<ul class=\"ak-ul\" data-prosemirror-content-type=\"node\" data-prosemirror-node-block=\"true\" data-prosemirror-node-name=\"bulletList\">\n<li data-prosemirror-content-type=\"node\" data-prosemirror-node-block=\"true\" data-prosemirror-node-name=\"listItem\">\n<p data-prosemirror-content-type=\"node\" data-prosemirror-node-block=\"true\" data-prosemirror-node-name=\"paragraph\">68% Algod\u00e3o<\/p>\n<\/li>\n<li data-prosemirror-content-type=\"node\" data-prosemirror-node-block=\"true\" data-prosemirror-node-name=\"listItem\">\n<p data-prosemirror-content-type=\"node\" data-prosemirror-node-block=\"true\" data-prosemirror-node-name=\"paragraph\">30% Poli\u00e9ster<\/p>\n<\/li>\n<li data-prosemirror-content-type=\"node\" data-prosemirror-node-block=\"true\" data-prosemirror-node-name=\"listItem\">\n<p data-prosemirror-content-type=\"node\" data-prosemirror-node-block=\"true\" data-prosemirror-node-name=\"paragraph\">2% Elastano<\/p>\n<\/li>\n<\/ul>\n<p data-prosemirror-content-type=\"node\" data-prosemirror-node-block=\"true\" data-prosemirror-node-name=\"paragraph\"><strong data-prosemirror-content-type=\"mark\" data-prosemirror-mark-name=\"strong\">\u2013 Modelagem skinny com c\u00f3s largo:<\/strong>\u00a0caimento ajustado com firmeza na regi\u00e3o abdominal<\/p>\n<p data-prosemirror-content-type=\"node\" data-prosemirror-node-block=\"true\" data-prosemirror-node-name=\"paragraph\"><strong data-prosemirror-content-type=\"mark\" data-prosemirror-mark-name=\"strong\">\u2013 Bojo Bundex remov\u00edvel:<\/strong>\u00a0para maior suporte e modelagem do bumbum, oferecendo um ajuste ideal e adapt\u00e1vel ao estilo de cada mulher<\/p>\n<p data-prosemirror-content-type=\"node\" data-prosemirror-node-block=\"true\" data-prosemirror-node-name=\"paragraph\"><strong data-prosemirror-content-type=\"mark\" data-prosemirror-mark-name=\"strong\">\u2013 Bot\u00e3o flex\u00edvel no c\u00f3s:<\/strong>\u00a0conforto e praticidade com estrutura firme<\/p>\n<p data-prosemirror-content-type=\"node\" data-prosemirror-node-block=\"true\" data-prosemirror-node-name=\"paragraph\"><strong data-prosemirror-content-type=\"mark\" data-prosemirror-mark-name=\"strong\">\u2013 Pala com tr\u00eas pespontos:<\/strong>\u00a0refor\u00e7o visual com efeito modelador<\/p>\n<p data-prosemirror-content-type=\"node\" data-prosemirror-node-block=\"true\" data-prosemirror-node-name=\"paragraph\"><strong data-prosemirror-content-type=\"mark\" data-prosemirror-mark-name=\"strong\">\u2013 Refor\u00e7o nos cantos dos bolsos traseiros:<\/strong>\u00a0durabilidade superior em ponto cr\u00edtico<\/p>\n<p data-prosemirror-content-type=\"node\" data-prosemirror-node-block=\"true\" data-prosemirror-node-name=\"paragraph\"><strong data-prosemirror-content-type=\"mark\" data-prosemirror-mark-name=\"strong\">\u2013 Cor dispon\u00edvel:<\/strong>\u00a0Azul Escuro<\/p>\n","protected":false},"excerpt":{"rendered":"<p>Com estrutura que valoriza e modela com eleg\u00e2ncia, essa cal\u00e7a skinny da Pit Bull Jeans traz a funcionalidade do c\u00f3s largo combinado \u00e0 firmeza da modelagem justa. Desenvolvida para real\u00e7ar a silhueta, a pe\u00e7a possui bojo Bundex remov\u00edvel, que proporciona volume natural ao bumbum com possibilidade de ajuste ao estilo da mulher moderna. Os refor\u00e7os [&hellip;]<\/p>\n","protected":false},"featured_media":25746,"comment_status":"open","ping_status":"closed","template":"","meta":{"_kadence_starter_templates_imported_post":false},"product_brand":[],"product_cat":[508,293,527,501,28],"product_tag":[242,134,243],"class_list":{"0":"post-23824","1":"product","2":"type-product","3":"status-publish","4":"has-post-thumbnail","6":"product_cat-calcas-femininas","7":"product_cat-feminino","8":"product_cat-jeans","9":"product_cat-medidas-calcas-e-shorts-feminino-pitbull","10":"product_cat-pit-bull","11":"product_tag-calcas-femininas","12":"product_tag-jeans","13":"product_tag-pitbull","15":"first","16":"instock","17":"sale","18":"shipping-taxable","19":"purchasable","20":"product-type-variable"},"_links":{"self":[{"href":"https:\/\/sfashionaccessories.com\/index.php?rest_route=\/wp\/v2\/product\/23824","targetHints":{"allow":["GET"]}}],"collection":[{"href":"https:\/\/sfashionaccessories.com\/index.php?rest_route=\/wp\/v2\/product"}],"about":[{"href":"https:\/\/sfashionaccessories.com\/index.php?rest_route=\/wp\/v2\/types\/product"}],"replies":[{"embeddable":true,"href":"https:\/\/sfashionaccessories.com\/index.php?rest_route=%2Fwp%2Fv2%2Fcomments&post=23824"}],"wp:featuredmedia":[{"embeddable":true,"href":"https:\/\/sfashionaccessories.com\/index.php?rest_route=\/wp\/v2\/media\/25746"}],"wp:attachment":[{"href":"https:\/\/sfashionaccessories.com\/index.php?rest_route=%2Fwp%2Fv2%2Fmedia&parent=23824"}],"wp:term":[{"taxonomy":"product_brand","embeddable":true,"href":"https:\/\/sfashionaccessories.com\/index.php?rest_route=%2Fwp%2Fv2%2Fproduct_brand&post=23824"},{"taxonomy":"product_cat","embeddable":true,"href":"https:\/\/sfashionaccessories.com\/index.php?rest_route=%2Fwp%2Fv2%2Fproduct_cat&post=23824"},{"taxonomy":"product_tag","embeddable":true,"href":"https:\/\/sfashionaccessories.com\/index.php?rest_route=%2Fwp%2Fv2%2Fproduct_tag&post=23824"}],"curies":[{"name":"wp","href":"https:\/\/api.w.org\/{rel}","templated":true}]}}