{"id":23874,"date":"2025-10-19T23:24:07","date_gmt":"2025-10-19T14:24:07","guid":{"rendered":"https:\/\/sfashionaccessories.com\/?post_type=product&#038;p=23874"},"modified":"2026-02-18T15:26:47","modified_gmt":"2026-02-18T06:26:47","slug":"matizador-3d-ruivo-sensation-efeito-ruivo-300ml","status":"publish","type":"product","link":"https:\/\/sfashionaccessories.com\/?product=matizador-3d-ruivo-sensation-efeito-ruivo-300ml","title":{"rendered":"Matizador 3D Ruivo Sensation &#8211; Efeito Ruivo Laranja &#8211; 300ml"},"content":{"rendered":"<h5>A Magic Color, refer\u00eancia em matizadores, acredita que cabelo e cores s\u00e3o \u00fanicos. Portanto, desenvolvemos matizadores para a manuten\u00e7\u00e3o personalizada que enaltece o melhor de cada cabelo.<\/h5>\n<p>As M\u00e1scaras Matizadoras 3D cont\u00eam exclusiva tecnologia Amino-Pro Color, um complexo de amino\u00e1cidos e prote\u00ednas com sistema TRIPLA A\u00c7\u00c3O: matiza, restaura e protege. Com pigmentos de alta performance.<\/p>\n<p><strong>Amino-Pro Color:<\/strong>\u00a0rep\u00f5e amino\u00e1cidos e prote\u00ednas refor\u00e7ando sua estrutura, repara o fio danificado e quebradi\u00e7o, atua como protetor t\u00e9rmico e filtro UV vegetal*.<\/p>\n<p>Realize o teste de mecha\u00a0antes da aplica\u00e7\u00e3o.<\/p>\n","protected":false},"excerpt":{"rendered":"<p>A Magic Color, refer\u00eancia em matizadores, acredita que cabelo e cores s\u00e3o \u00fanicos. Portanto, desenvolvemos matizadores para a manuten\u00e7\u00e3o personalizada que enaltece o melhor de cada cabelo. As M\u00e1scaras Matizadoras 3D cont\u00eam exclusiva tecnologia Amino-Pro Color, um complexo de amino\u00e1cidos e prote\u00ednas com sistema TRIPLA A\u00c7\u00c3O: matiza, restaura e protege. Com pigmentos de alta performance. [&hellip;]<\/p>\n","protected":false},"featured_media":23873,"comment_status":"open","ping_status":"closed","template":"","meta":{"_kadence_starter_templates_imported_post":false},"product_brand":[],"product_cat":[465,204,206,524,689],"product_tag":[476,272,486,443],"class_list":{"0":"post-23874","1":"product","2":"type-product","3":"status-publish","4":"has-post-thumbnail","6":"product_cat-anuncios","7":"product_cat-matizador-sampoo-condicionador-hidratante","8":"product_cat-cosmeticos-cremes-hidradantesperfumes","9":"product_cat-magic-color","10":"product_cat-matizadores","11":"product_tag-cabelos","12":"product_tag-cosmeticos","13":"product_tag-magic-color","14":"product_tag-matizador","16":"first","17":"instock","18":"shipping-taxable","19":"purchasable","20":"product-type-simple"},"_links":{"self":[{"href":"https:\/\/sfashionaccessories.com\/index.php?rest_route=\/wp\/v2\/product\/23874","targetHints":{"allow":["GET"]}}],"collection":[{"href":"https:\/\/sfashionaccessories.com\/index.php?rest_route=\/wp\/v2\/product"}],"about":[{"href":"https:\/\/sfashionaccessories.com\/index.php?rest_route=\/wp\/v2\/types\/product"}],"replies":[{"embeddable":true,"href":"https:\/\/sfashionaccessories.com\/index.php?rest_route=%2Fwp%2Fv2%2Fcomments&post=23874"}],"wp:featuredmedia":[{"embeddable":true,"href":"https:\/\/sfashionaccessories.com\/index.php?rest_route=\/wp\/v2\/media\/23873"}],"wp:attachment":[{"href":"https:\/\/sfashionaccessories.com\/index.php?rest_route=%2Fwp%2Fv2%2Fmedia&parent=23874"}],"wp:term":[{"taxonomy":"product_brand","embeddable":true,"href":"https:\/\/sfashionaccessories.com\/index.php?rest_route=%2Fwp%2Fv2%2Fproduct_brand&post=23874"},{"taxonomy":"product_cat","embeddable":true,"href":"https:\/\/sfashionaccessories.com\/index.php?rest_route=%2Fwp%2Fv2%2Fproduct_cat&post=23874"},{"taxonomy":"product_tag","embeddable":true,"href":"https:\/\/sfashionaccessories.com\/index.php?rest_route=%2Fwp%2Fv2%2Fproduct_tag&post=23874"}],"curies":[{"name":"wp","href":"https:\/\/api.w.org\/{rel}","templated":true}]}}