{"id":23884,"date":"2025-10-29T15:56:48","date_gmt":"2025-10-29T06:56:48","guid":{"rendered":"https:\/\/sfashionaccessories.com\/?post_type=product&#038;p=23884"},"modified":"2026-01-08T11:49:57","modified_gmt":"2026-01-08T02:49:57","slug":"kit-tododia-natura-jambo-rosa-e-flor-de-caju-regularrefil","status":"publish","type":"product","link":"https:\/\/sfashionaccessories.com\/?product=kit-tododia-natura-jambo-rosa-e-flor-de-caju-regularrefil","title":{"rendered":"Kit tododia Natura Jambo Rosa e Flor de caju -Regular+Refil"},"content":{"rendered":"<p class=\"QN2lPu\">1 Refil de hidratante Jambo Rosa e Flor de Caju 400ml<\/p>\n<p class=\"QN2lPu\">1 hidratante Jambo Rosa e Flor de Caju 400ml<\/p>\n<h2 class=\"WjNdTR\">Descri\u00e7\u00e3o do produto<\/h2>\n<div class=\"Gf4Ro0\">\n<div class=\"e8lZp3\">\n<p class=\"QN2lPu\">nutre e contribui para uma pele uniforme e radiante.<\/p>\n<p class=\"QN2lPu\">o Creme Desodorante Nutri\u00e7\u00e3o Radiante Tododia Jambo Rosa e Flor de Caju foi pensado para os diversos tons de peles pretas e pardas. sua f\u00f3rmula promove nutri\u00e7\u00e3o profunda e hidrata\u00e7\u00e3o duradoura para uma pele mais radiante.<\/p>\n<\/div>\n<\/div>\n","protected":false},"excerpt":{"rendered":"<p>1 Refil de hidratante Jambo Rosa e Flor de Caju 400ml 1 hidratante Jambo Rosa e Flor de Caju 400ml Descri\u00e7\u00e3o do produto nutre e contribui para uma pele uniforme e radiante. o Creme Desodorante Nutri\u00e7\u00e3o Radiante Tododia Jambo Rosa e Flor de Caju foi pensado para os diversos tons de peles pretas e pardas. [&hellip;]<\/p>\n","protected":false},"featured_media":23885,"comment_status":"open","ping_status":"closed","template":"","meta":{"_kadence_starter_templates_imported_post":false},"product_brand":[],"product_cat":[530,206,580,214,203],"product_tag":[272,195,234],"class_list":{"0":"post-23884","1":"product","2":"type-product","3":"status-publish","4":"has-post-thumbnail","6":"product_cat-body-splash","7":"product_cat-cosmeticos-cremes-hidradantesperfumes","8":"product_cat-destaques","9":"product_cat-hidratantes-cremes-corporal","10":"product_cat-natura-creme-oleo-sabonete-perfume","11":"product_tag-cosmeticos","12":"product_tag-creme-hidratante","13":"product_tag-natura","15":"first","16":"outofstock","17":"sale","18":"shipping-taxable","19":"purchasable","20":"product-type-simple"},"_links":{"self":[{"href":"https:\/\/sfashionaccessories.com\/index.php?rest_route=\/wp\/v2\/product\/23884","targetHints":{"allow":["GET"]}}],"collection":[{"href":"https:\/\/sfashionaccessories.com\/index.php?rest_route=\/wp\/v2\/product"}],"about":[{"href":"https:\/\/sfashionaccessories.com\/index.php?rest_route=\/wp\/v2\/types\/product"}],"replies":[{"embeddable":true,"href":"https:\/\/sfashionaccessories.com\/index.php?rest_route=%2Fwp%2Fv2%2Fcomments&post=23884"}],"wp:featuredmedia":[{"embeddable":true,"href":"https:\/\/sfashionaccessories.com\/index.php?rest_route=\/wp\/v2\/media\/23885"}],"wp:attachment":[{"href":"https:\/\/sfashionaccessories.com\/index.php?rest_route=%2Fwp%2Fv2%2Fmedia&parent=23884"}],"wp:term":[{"taxonomy":"product_brand","embeddable":true,"href":"https:\/\/sfashionaccessories.com\/index.php?rest_route=%2Fwp%2Fv2%2Fproduct_brand&post=23884"},{"taxonomy":"product_cat","embeddable":true,"href":"https:\/\/sfashionaccessories.com\/index.php?rest_route=%2Fwp%2Fv2%2Fproduct_cat&post=23884"},{"taxonomy":"product_tag","embeddable":true,"href":"https:\/\/sfashionaccessories.com\/index.php?rest_route=%2Fwp%2Fv2%2Fproduct_tag&post=23884"}],"curies":[{"name":"wp","href":"https:\/\/api.w.org\/{rel}","templated":true}]}}