{"id":23893,"date":"2025-10-29T16:13:39","date_gmt":"2025-10-29T07:13:39","guid":{"rendered":"https:\/\/sfashionaccessories.com\/?post_type=product&#038;p=23893"},"modified":"2025-12-06T16:26:45","modified_gmt":"2025-12-06T07:26:45","slug":"kit-presente-tododia-cereja-e-avela-natura-hidratantebody-splash","status":"publish","type":"product","link":"https:\/\/sfashionaccessories.com\/?product=kit-presente-tododia-cereja-e-avela-natura-hidratantebody-splash","title":{"rendered":"Kit Presente Tododia Cereja e Avel\u00e3 &#8211; Natura &#8211; Hidratante+Body Splash"},"content":{"rendered":"<p>A sua fragr\u00e2ncia favorita voltou: atraente e marcante que combina o frutal da cereja com notas adocicadas. Sinta seu corpo com o Creme Nutritivo Desodorante Tododia Cereja e Avel\u00e3! Uma combina\u00e7\u00e3o balanceada de ingredientes naturais com Nutri\u00e7\u00e3o Prebi\u00f3tica, que se adapta ao que sua pele precisa a cada dia. Por isso, esse creme \u00e9 indicado para todos os tipos de pele.<\/p>\n<p>Por que sua pele precisa de nutri\u00e7\u00e3o prebi\u00f3tica?<\/p>\n<p>Ela sente suas mudan\u00e7as internas e externas: estado emocional, hormonal, estilo de vida, alimenta\u00e7\u00e3o, alegrias, estresse, efeitos do sol, polui\u00e7\u00e3o e ar condicionado. a nutri\u00e7\u00e3o prebi\u00f3tica se adapta a essas mudan\u00e7as e deixa sua pele cuidada, hidratada, na medida certa, e pronta para o que der e vier.<\/p>\n<p>&nbsp;<\/p>\n<p>Desperte seus sentidos com a fragr\u00e2ncia de Cereja e Avel\u00e3.<\/p>\n<p>uma fragr\u00e2ncia frutal que atrai e marca presen\u00e7a. Notas de cereja, amora e rom\u00e3 revelam a sa\u00edda e s\u00e3o combinadas com flor de ameixa e notas cremosas de avel\u00e3. o fundo envolvente traz a presen\u00e7a de acordes de castanha, am\u00eandoas e baunilha. essa mistura traz sensa\u00e7\u00e3o de bem estar. o Body Splash Desodorante Col\u00f4nia De Tododia \u00e9 um convite a vestir seu corpo com uma perfuma\u00e7\u00e3o leve. Tododia busca inspira\u00e7\u00e3o na combina\u00e7\u00e3o de notas surpreendentes, traduzidas em fragr\u00e2ncias irresist\u00edveis. sensa\u00e7\u00f5es de frescor e leveza, que d\u00e3o o toque final ao cuidado de cada dia. al\u00e9m de tudo, ele complementa a rotina com uma hidrata\u00e7\u00e3o suave da pele.<\/p>\n","protected":false},"excerpt":{"rendered":"<p>A sua fragr\u00e2ncia favorita voltou: atraente e marcante que combina o frutal da cereja com notas adocicadas. Sinta seu corpo com o Creme Nutritivo Desodorante Tododia Cereja e Avel\u00e3! Uma combina\u00e7\u00e3o balanceada de ingredientes naturais com Nutri\u00e7\u00e3o Prebi\u00f3tica, que se adapta ao que sua pele precisa a cada dia. Por isso, esse creme \u00e9 indicado [&hellip;]<\/p>\n","protected":false},"featured_media":23894,"comment_status":"open","ping_status":"closed","template":"","meta":{"_kadence_starter_templates_imported_post":false},"product_brand":[],"product_cat":[465,530,713,206,213,288,203,231,254],"product_tag":[272,195,444,234],"class_list":{"0":"post-23893","1":"product","2":"type-product","3":"status-publish","4":"has-post-thumbnail","6":"product_cat-anuncios","7":"product_cat-body-splash","8":"product_cat-colonia","9":"product_cat-cosmeticos-cremes-hidradantesperfumes","10":"product_cat-desodorantes-anti-transpirantes","11":"product_cat-kit-natura","12":"product_cat-natura-creme-oleo-sabonete-perfume","13":"product_cat-perfumes-natura","14":"product_cat-promocoes-descontos","15":"product_tag-cosmeticos","16":"product_tag-creme-hidratante","17":"product_tag-kit","18":"product_tag-natura","20":"first","21":"outofstock","22":"sale","23":"shipping-taxable","24":"purchasable","25":"product-type-simple"},"_links":{"self":[{"href":"https:\/\/sfashionaccessories.com\/index.php?rest_route=\/wp\/v2\/product\/23893","targetHints":{"allow":["GET"]}}],"collection":[{"href":"https:\/\/sfashionaccessories.com\/index.php?rest_route=\/wp\/v2\/product"}],"about":[{"href":"https:\/\/sfashionaccessories.com\/index.php?rest_route=\/wp\/v2\/types\/product"}],"replies":[{"embeddable":true,"href":"https:\/\/sfashionaccessories.com\/index.php?rest_route=%2Fwp%2Fv2%2Fcomments&post=23893"}],"wp:featuredmedia":[{"embeddable":true,"href":"https:\/\/sfashionaccessories.com\/index.php?rest_route=\/wp\/v2\/media\/23894"}],"wp:attachment":[{"href":"https:\/\/sfashionaccessories.com\/index.php?rest_route=%2Fwp%2Fv2%2Fmedia&parent=23893"}],"wp:term":[{"taxonomy":"product_brand","embeddable":true,"href":"https:\/\/sfashionaccessories.com\/index.php?rest_route=%2Fwp%2Fv2%2Fproduct_brand&post=23893"},{"taxonomy":"product_cat","embeddable":true,"href":"https:\/\/sfashionaccessories.com\/index.php?rest_route=%2Fwp%2Fv2%2Fproduct_cat&post=23893"},{"taxonomy":"product_tag","embeddable":true,"href":"https:\/\/sfashionaccessories.com\/index.php?rest_route=%2Fwp%2Fv2%2Fproduct_tag&post=23893"}],"curies":[{"name":"wp","href":"https:\/\/api.w.org\/{rel}","templated":true}]}}