{"id":23904,"date":"2025-10-30T17:54:26","date_gmt":"2025-10-30T08:54:26","guid":{"rendered":"https:\/\/sfashionaccessories.com\/?post_type=product&#038;p=23904"},"modified":"2026-01-08T11:51:43","modified_gmt":"2026-01-08T02:51:43","slug":"kit-natura-tododia-hidratante-creme-corporal-e-body-splash-colonia","status":"publish","type":"product","link":"https:\/\/sfashionaccessories.com\/?product=kit-natura-tododia-hidratante-creme-corporal-e-body-splash-colonia","title":{"rendered":"Kit Natura tododia &#8211; Hidratante creme corporal e Body Splash COL\u00d4NIA"},"content":{"rendered":"<p>1 &#8211; HIDRATANTE TODODIA NATURA 400ML &#8211;<br \/>\n1 &#8211;\u00a0 BODY SPLASH COL\u00d4NIA TODODIA NATURA 200ml<\/p>\n<p>Este kit \u00e9 para presentear sem medo de errar! Um kit especial para presente com hidratante e\u00a0 Body Splash.<br \/>\nQualquer mulher gosta de um mimo como esse, com uma fragr\u00e2ncia suave que agrada a todas as mulheres, de todas as idades e gostos.<\/p>\n<p>A linha Tododia Natura \u00e9 para quem gosta de se cuidar todos os dias, com cuidados que s\u00f3 a Natura poderia oferecer para voc\u00ea e seu corpo.<br \/>\nCom a combina\u00e7\u00e3o balanceada de ingredientes naturais, com A\u00c7\u00c3O PREBI\u00d3TICA que alimenta e fortalece a flora da pele, que \u00e9 a nossa primeira barreira de prote\u00e7\u00e3o.<br \/>\nPossui manteiga de cacau e \u00f3leo de linha\u00e7a.<\/p>\n<p>Possui a\u00e7\u00e3o prebi\u00f3tica, que mant\u00e9m o equil\u00edbrio natural da flora da sua pele.<br \/>\nEstimula a reposi\u00e7\u00e3o de nutrientes de acordo com cada tipo de pele.<br \/>\nPromove nutri\u00e7\u00e3o profunda, pois atinge todas as camadas da pele.<br \/>\nPossui 94% de ingredientes naturais, o que promorciona maior afinidade e menor possibilidade de alergias.<br \/>\n\u00c9 f\u00e1cil de espalhar e absorve rapidamente, proporcionando pele macia e protegida.<\/p>\n<p>-Pode ser usado em qualquer tipo de pele.<br \/>\n-O produto pode ser aplicado no corpo todo.<br \/>\n-Indicado para adultos.<\/p>\n","protected":false},"excerpt":{"rendered":"<p>1 &#8211; HIDRATANTE TODODIA NATURA 400ML &#8211; 1 &#8211;\u00a0 BODY SPLASH COL\u00d4NIA TODODIA NATURA 200ml Este kit \u00e9 para presentear sem medo de errar! Um kit especial para presente com hidratante e\u00a0 Body Splash. Qualquer mulher gosta de um mimo como esse, com uma fragr\u00e2ncia suave que agrada a todas as mulheres, de todas as [&hellip;]<\/p>\n","protected":false},"featured_media":23908,"comment_status":"open","ping_status":"closed","template":"","meta":{"_kadence_starter_templates_imported_post":false},"product_brand":[],"product_cat":[826,465,530,206,278,213,580,214,203],"product_tag":[272,195,234,337],"class_list":{"0":"post-23904","1":"product","2":"type-product","3":"status-publish","4":"has-post-thumbnail","6":"product_cat-agua-de-colonia","7":"product_cat-anuncios","8":"product_cat-body-splash","9":"product_cat-cosmeticos-cremes-hidradantesperfumes","10":"product_cat-desodorante-feminino","11":"product_cat-desodorantes-anti-transpirantes","12":"product_cat-destaques","13":"product_cat-hidratantes-cremes-corporal","14":"product_cat-natura-creme-oleo-sabonete-perfume","15":"product_tag-cosmeticos","16":"product_tag-creme-hidratante","17":"product_tag-natura","18":"product_tag-tododia","20":"first","21":"instock","22":"sale","23":"shipping-taxable","24":"purchasable","25":"product-type-simple"},"_links":{"self":[{"href":"https:\/\/sfashionaccessories.com\/index.php?rest_route=\/wp\/v2\/product\/23904","targetHints":{"allow":["GET"]}}],"collection":[{"href":"https:\/\/sfashionaccessories.com\/index.php?rest_route=\/wp\/v2\/product"}],"about":[{"href":"https:\/\/sfashionaccessories.com\/index.php?rest_route=\/wp\/v2\/types\/product"}],"replies":[{"embeddable":true,"href":"https:\/\/sfashionaccessories.com\/index.php?rest_route=%2Fwp%2Fv2%2Fcomments&post=23904"}],"wp:featuredmedia":[{"embeddable":true,"href":"https:\/\/sfashionaccessories.com\/index.php?rest_route=\/wp\/v2\/media\/23908"}],"wp:attachment":[{"href":"https:\/\/sfashionaccessories.com\/index.php?rest_route=%2Fwp%2Fv2%2Fmedia&parent=23904"}],"wp:term":[{"taxonomy":"product_brand","embeddable":true,"href":"https:\/\/sfashionaccessories.com\/index.php?rest_route=%2Fwp%2Fv2%2Fproduct_brand&post=23904"},{"taxonomy":"product_cat","embeddable":true,"href":"https:\/\/sfashionaccessories.com\/index.php?rest_route=%2Fwp%2Fv2%2Fproduct_cat&post=23904"},{"taxonomy":"product_tag","embeddable":true,"href":"https:\/\/sfashionaccessories.com\/index.php?rest_route=%2Fwp%2Fv2%2Fproduct_tag&post=23904"}],"curies":[{"name":"wp","href":"https:\/\/api.w.org\/{rel}","templated":true}]}}