{"id":23927,"date":"2025-11-10T20:29:34","date_gmt":"2025-11-10T11:29:34","guid":{"rendered":"https:\/\/sfashionaccessories.com\/?post_type=product&#038;p=23927"},"modified":"2025-12-06T20:32:47","modified_gmt":"2025-12-06T11:32:47","slug":"lupo-17737-blusa-raschel","status":"publish","type":"product","link":"https:\/\/sfashionaccessories.com\/?product=lupo-17737-blusa-raschel","title":{"rendered":"Lupo-17737 Blusa Raschel"},"content":{"rendered":"<p>Blusa Raschel Soltinha e ideal para outono\/inverno. Estas blusas s\u00e3o bem male\u00e1veis, muito el\u00e1sticas, delicadas ao toque, sensa\u00e7\u00e3o de conforto o dia todo. \u00d3tima ader\u00eancia ao corpo. Fique bem vestida em qualquer ocasi\u00e3o! TECIDO SEM COSTURA! Com gola alta cacharrel, textura em toda pe\u00e7a parecendo um tricot. Punho e barra largos para ajuste perfeito; Diferenciada e charmosa textura com lindos detalhes; Tecido antimicrobial.<\/p>\n<p>&#8211; Composi\u00e7\u00e3o: 92% Poliamida \/ 8% Elastano<\/p>\n","protected":false},"excerpt":{"rendered":"<p>Blusa Raschel Soltinha e ideal para outono\/inverno. Estas blusas s\u00e3o bem male\u00e1veis, muito el\u00e1sticas, delicadas ao toque, sensa\u00e7\u00e3o de conforto o dia todo. \u00d3tima ader\u00eancia ao corpo. Fique bem vestida em qualquer ocasi\u00e3o! TECIDO SEM COSTURA! Com gola alta cacharrel, textura em toda pe\u00e7a parecendo um tricot. Punho e barra largos para ajuste perfeito; Diferenciada [&hellip;]<\/p>\n","protected":false},"featured_media":23939,"comment_status":"open","ping_status":"closed","template":"","meta":{"_kadence_starter_templates_imported_post":false},"product_brand":[],"product_cat":[465,172,43,65,580,293,552],"product_tag":[189,553,188],"class_list":{"0":"post-23927","1":"product","2":"type-product","3":"status-publish","4":"has-post-thumbnail","6":"product_cat-anuncios","7":"product_cat-blusas-tops-e-camisetas","8":"product_cat-blusas-camisetas-femininas","9":"product_cat-fitness-blusas-top","10":"product_cat-destaques","11":"product_cat-feminino","12":"product_cat-lupo","13":"product_tag-blusas","14":"product_tag-lupo","15":"product_tag-moda-feminina","17":"first","18":"outofstock","19":"shipping-taxable","20":"product-type-variable"},"_links":{"self":[{"href":"https:\/\/sfashionaccessories.com\/index.php?rest_route=\/wp\/v2\/product\/23927","targetHints":{"allow":["GET"]}}],"collection":[{"href":"https:\/\/sfashionaccessories.com\/index.php?rest_route=\/wp\/v2\/product"}],"about":[{"href":"https:\/\/sfashionaccessories.com\/index.php?rest_route=\/wp\/v2\/types\/product"}],"replies":[{"embeddable":true,"href":"https:\/\/sfashionaccessories.com\/index.php?rest_route=%2Fwp%2Fv2%2Fcomments&post=23927"}],"wp:featuredmedia":[{"embeddable":true,"href":"https:\/\/sfashionaccessories.com\/index.php?rest_route=\/wp\/v2\/media\/23939"}],"wp:attachment":[{"href":"https:\/\/sfashionaccessories.com\/index.php?rest_route=%2Fwp%2Fv2%2Fmedia&parent=23927"}],"wp:term":[{"taxonomy":"product_brand","embeddable":true,"href":"https:\/\/sfashionaccessories.com\/index.php?rest_route=%2Fwp%2Fv2%2Fproduct_brand&post=23927"},{"taxonomy":"product_cat","embeddable":true,"href":"https:\/\/sfashionaccessories.com\/index.php?rest_route=%2Fwp%2Fv2%2Fproduct_cat&post=23927"},{"taxonomy":"product_tag","embeddable":true,"href":"https:\/\/sfashionaccessories.com\/index.php?rest_route=%2Fwp%2Fv2%2Fproduct_tag&post=23927"}],"curies":[{"name":"wp","href":"https:\/\/api.w.org\/{rel}","templated":true}]}}