{"id":23945,"date":"2025-11-10T21:17:32","date_gmt":"2025-11-10T12:17:32","guid":{"rendered":"https:\/\/sfashionaccessories.com\/?post_type=product&#038;p=23945"},"modified":"2025-12-30T19:55:54","modified_gmt":"2025-12-30T10:55:54","slug":"tresor-lancome-eau-de-parfum-30ml-perfume-feminino","status":"publish","type":"product","link":"https:\/\/sfashionaccessories.com\/?product=tresor-lancome-eau-de-parfum-30ml-perfume-feminino","title":{"rendered":"Tr\u00e9sor Lanc\u00f4me Eau de Parfum 30ml &#8211; Perfume Feminino"},"content":{"rendered":"<div class=\"Y3BBE\" data-sfc-cp=\"\" data-hveid=\"CAQQAA\" data-complete=\"true\" data-processed=\"true\">\n<h2 class=\"sc-d8a8b41-3 iBVavT\">Descri\u00e7\u00e3o do produto<\/h2>\n<div data-testid=\"parser-script\">\u00a0O Perfume Lanc\u00f4me Tr\u00e9sor Feminino Eau de Parfum, Simboliza todos os aspectos da mulher eterna que expressa o seu amor com serenidade e plenitude, que torna todos os momentos preciosos. Suave e radiante, e envolvente,e envolvente, sua fragr\u00e2ncia abre-se com uma chuva de p\u00e9talas de rosas e brotos de damasco, iluminado por um halo de notas puras e brancas das flores da pera. Juntam-se o l\u00edrio-do-campo, a baunilha, a baunilha-dos-jardins e a \u00edris, emitindo um toque de. Seu segredo se encerra na perfei\u00e7\u00e3o de seu primeiro acorde: uma rosa com uma ess\u00eancia de \u00e2mbar. As notas bases do s\u00e2ndalo e do alm\u00edscar guardam esse segredo, aderindo \u00e0 pele para deixar um rastro refinado de fragr\u00e2ncia que \u00e9 discreto embora inesquec\u00edvel.<\/div>\n<div data-testid=\"parser-script\">\u00a0<strong>Caracter\u00edsticas:<\/strong> Marca: Lanc\u00f4me\u00a0 G\u00eanero: Feminino Oriental Notas de Topo: Rosa Damascena, Cassis ou Groselha Preta Notas de Cora\u00e7\u00e3o: Lil\u00e1s, Magn\u00f3lia e P\u00eassego Notas de Fundo:e Baunilha<\/div>\n<p><span class=\"uJ19be notranslate\" data-wiz-uids=\"lh9yyd_n,lh9yyd_o\" data-complete=\"true\" data-processed=\"true\"><span dir=\"auto\" data-processed=\"true\">\u00a0 <\/span><\/span><\/p>\n<\/div>\n<div data-sfc-cp=\"\" data-hveid=\"CAQQAA\" data-complete=\"true\" data-processed=\"true\"><\/div>\n<div class=\"Y3BBE\" data-sfc-cp=\"\" data-hveid=\"CAQQAA\" data-complete=\"true\" data-processed=\"true\"><span class=\"uJ19be notranslate\" data-wiz-uids=\"lh9yyd_n,lh9yyd_o\" data-complete=\"true\" data-processed=\"true\"><span dir=\"auto\" data-processed=\"true\">O aroma \u00e9 descrito como rom\u00e2ntico, elegante e <\/span><span dir=\"auto\" data-processed=\"true\"><span data-sae=\"\">atemporal , sendo um dos perfumes\u00a0<\/span><span data-sae=\"\">mais\u00a0<\/span><\/span><span dir=\"auto\" data-processed=\"true\">ic\u00f4nicos da\u00a0<\/span><span dir=\"auto\" data-processed=\"true\">Lanc\u00f4me<\/span><\/span><\/div>\n<div class=\"Y3BBE\" data-sfc-cp=\"\" data-hveid=\"CAQQAA\" data-complete=\"true\" data-processed=\"true\"><strong class=\"Yjhzub\" data-complete=\"true\" data-processed=\"true\"><span dir=\"auto\" data-processed=\"true\">Familia Olfativa:<\/span><\/strong><span dir=\"auto\" data-processed=\"true\">\u00a0Floral Oriental<\/span><span class=\"uJ19be notranslate\" data-wiz-uids=\"lh9yyd_t,lh9yyd_u\" data-processed=\"true\" data-complete=\"true\"><span class=\"vKEkVd\" data-animation-atomic=\"\" data-sae=\"\">\u00a0<\/span><\/span><\/div>\n<ul class=\"KsbFXc U6u95\" data-processed=\"true\" data-complete=\"true\">\n<li data-hveid=\"CAcQAA\" data-complete=\"true\" data-sae=\"\"><span class=\"T286Pc\" data-sfc-cp=\"\" data-complete=\"true\"><strong class=\"Yjhzub\" data-complete=\"true\"><span dir=\"auto\">Notas de topo (sa\u00edda):<\/span><\/strong><span dir=\"auto\"><span data-sae=\"\">\u00a0Rosa , flor\u00a0<\/span><span data-sae=\"\">de\u00a0<\/span><\/span><span dir=\"auto\">damasco, p\u00eassego, lil\u00e1s e l\u00edrio-do-vale.<\/span><\/span><\/li>\n<li data-hveid=\"CAcQAQ\" data-complete=\"true\" data-sae=\"\"><span class=\"T286Pc\" data-sfc-cp=\"\" data-complete=\"true\"><strong class=\"Yjhzub\" data-complete=\"true\"><span dir=\"auto\">Notas de cora\u00e7\u00e3o:<\/span><\/strong><span dir=\"auto\">\u00a0\u00cdris e heliotr\u00f3pio. Estas notas trazem um toque\u00a0<\/span><span dir=\"auto\">levemente atalcado ao cora\u00e7\u00e3o da fragr\u00e2ncia.<\/span><\/span><\/li>\n<li data-hveid=\"CAcQAg\" data-complete=\"true\" data-sae=\"\"><span class=\"T286Pc\" data-sfc-cp=\"\" data-complete=\"true\"><strong class=\"Yjhzub\" data-complete=\"true\"><span dir=\"auto\">Notas de fundo:<\/span><\/strong><span dir=\"auto\">\u00a0S\u00e2ndalo, alm\u00edscar e \u00e2mbar. A base do perfume\u00a0<\/span><span dir=\"auto\">confere profundidade e uma sensa\u00e7\u00e3o de calor e firmeza.<\/span><\/span><\/li>\n<li data-hveid=\"CAcQAg\" data-complete=\"true\" data-sae=\"\">A embalagem do Tesouro reflete o conceito de <span dir=\"auto\" data-processed=\"true\">&#8220;tesouro&#8221;, com seu formato de pir\u00e2mide invertida, que\u00a0<\/span><span dir=\"auto\" data-processed=\"true\"><span data-sae=\"\">se\u00a0<\/span><\/span><span dir=\"auto\" data-processed=\"true\">assemelha a um diamante precioso\u00a0<\/span><span dir=\"auto\" data-processed=\"true\"><span data-sae=\"\">.<\/span><\/span><span class=\"uJ19be notranslate\" data-wiz-uids=\"lh9yyd_1j,lh9yyd_1k\" data-complete=\"true\" data-processed=\"true\"><span class=\"vKEkVd\" data-animation-atomic=\"\" data-sae=\"\">\u00a0<\/span><\/span><\/li>\n<\/ul>\n<div class=\"Y3BBE\" data-sfc-cp=\"\" data-hveid=\"CAsQAA\" data-complete=\"true\" data-processed=\"true\"><\/div>\n","protected":false},"excerpt":{"rendered":"<p>Descri\u00e7\u00e3o do produto \u00a0O Perfume Lanc\u00f4me Tr\u00e9sor Feminino Eau de Parfum, Simboliza todos os aspectos da mulher eterna que expressa o seu amor com serenidade e plenitude, que torna todos os momentos preciosos. Suave e radiante, e envolvente,e envolvente, sua fragr\u00e2ncia abre-se com uma chuva de p\u00e9talas de rosas e brotos de damasco, iluminado por [&hellip;]<\/p>\n","protected":false},"featured_media":23948,"comment_status":"open","ping_status":"closed","template":"","meta":{"_kadence_starter_templates_imported_post":false},"product_brand":[],"product_cat":[206,580,293,1058,251],"product_tag":[272,395,1059,233,1060],"class_list":{"0":"post-23945","1":"product","2":"type-product","3":"status-publish","4":"has-post-thumbnail","6":"product_cat-cosmeticos-cremes-hidradantesperfumes","7":"product_cat-destaques","8":"product_cat-feminino","9":"product_cat-lancome","10":"product_cat-perfume-perfumes","11":"product_tag-cosmeticos","12":"product_tag-feminino","13":"product_tag-lancome","14":"product_tag-perfume","15":"product_tag-perfume-importado","17":"first","18":"instock","19":"sale","20":"shipping-taxable","21":"purchasable","22":"product-type-simple"},"_links":{"self":[{"href":"https:\/\/sfashionaccessories.com\/index.php?rest_route=\/wp\/v2\/product\/23945","targetHints":{"allow":["GET"]}}],"collection":[{"href":"https:\/\/sfashionaccessories.com\/index.php?rest_route=\/wp\/v2\/product"}],"about":[{"href":"https:\/\/sfashionaccessories.com\/index.php?rest_route=\/wp\/v2\/types\/product"}],"replies":[{"embeddable":true,"href":"https:\/\/sfashionaccessories.com\/index.php?rest_route=%2Fwp%2Fv2%2Fcomments&post=23945"}],"wp:featuredmedia":[{"embeddable":true,"href":"https:\/\/sfashionaccessories.com\/index.php?rest_route=\/wp\/v2\/media\/23948"}],"wp:attachment":[{"href":"https:\/\/sfashionaccessories.com\/index.php?rest_route=%2Fwp%2Fv2%2Fmedia&parent=23945"}],"wp:term":[{"taxonomy":"product_brand","embeddable":true,"href":"https:\/\/sfashionaccessories.com\/index.php?rest_route=%2Fwp%2Fv2%2Fproduct_brand&post=23945"},{"taxonomy":"product_cat","embeddable":true,"href":"https:\/\/sfashionaccessories.com\/index.php?rest_route=%2Fwp%2Fv2%2Fproduct_cat&post=23945"},{"taxonomy":"product_tag","embeddable":true,"href":"https:\/\/sfashionaccessories.com\/index.php?rest_route=%2Fwp%2Fv2%2Fproduct_tag&post=23945"}],"curies":[{"name":"wp","href":"https:\/\/api.w.org\/{rel}","templated":true}]}}