{"id":24013,"date":"2025-11-28T23:45:43","date_gmt":"2025-11-28T14:45:43","guid":{"rendered":"https:\/\/sfashionaccessories.com\/?post_type=product&#038;p=24013"},"modified":"2025-12-21T21:24:29","modified_gmt":"2025-12-21T12:24:29","slug":"presente-natura-ekos-andiroba-2-produtos","status":"publish","type":"product","link":"https:\/\/sfashionaccessories.com\/?product=presente-natura-ekos-andiroba-2-produtos","title":{"rendered":"Presente Natura Ekos Andiroba (2 produtos)"},"content":{"rendered":"<div class=\"relative flex\">\n<div class=\"flex gap-2 items-center\"><span class=\"text-sm font-bold\">perfuma\u00e7\u00e3o fresca e um ritual de cuidado, que reduz a sensa\u00e7\u00e3o de cansa\u00e7o.<\/span><\/div>\n<\/div>\n<div class=\"relative flex\">\n<div class=\"flex gap-2 items-center\">\n<p><strong>\u2022<\/strong>\u00a0hidratante corporal que\u00a0<strong>hidrata profundamente<\/strong>\u00a0e\u00a0<strong>recupera<\/strong>\u00a0a pele<\/p>\n<p><strong>\u2022<\/strong>\u00a0promove at\u00e9\u00a0<strong>72 horas de hidrata\u00e7\u00e3o<\/strong>, alivia a sensa\u00e7\u00e3o de cansa\u00e7o e o incha\u00e7o no corpo<\/p>\n<p><strong>\u2022<\/strong>\u00a0feito com\u00a0<strong>\u00f3leo bruto de andiroba<\/strong>, reconhecido por suas propriedades regeneradoras<\/p>\n<p><strong>\u2022<\/strong>\u00a0frescor com fragr\u00e2ncia\u00a0<strong>leve e refrescante<\/strong><\/p>\n<p><strong>\u2022<\/strong>\u00a0combina o frescor das\u00a0<strong>notas verdes<\/strong>\u00a0com o r\u00fastico\u00a0<strong>amadeirado<\/strong>\u00a0e\u00a0<strong>toque floral<\/strong><\/p>\n<p><strong>\u2022<\/strong>\u00a0prolonga a sensa\u00e7\u00e3o de bem estar ao longo do dia.<\/p>\n<p>&nbsp;<\/p>\n<p><strong>cont\u00e9m<\/strong><\/p>\n<p>1 desodorante col\u00f4nia frescor feminino 150 ml<\/p>\n<p>1 polpa desodorante hidratante para o corpo 400 ml<\/p>\n<p>e 1 envelope de presente natal.<\/p>\n<\/div>\n<\/div>\n","protected":false},"excerpt":{"rendered":"<p>perfuma\u00e7\u00e3o fresca e um ritual de cuidado, que reduz a sensa\u00e7\u00e3o de cansa\u00e7o. \u2022\u00a0hidratante corporal que\u00a0hidrata profundamente\u00a0e\u00a0recupera\u00a0a pele \u2022\u00a0promove at\u00e9\u00a072 horas de hidrata\u00e7\u00e3o, alivia a sensa\u00e7\u00e3o de cansa\u00e7o e o incha\u00e7o no corpo \u2022\u00a0feito com\u00a0\u00f3leo bruto de andiroba, reconhecido por suas propriedades regeneradoras \u2022\u00a0frescor com fragr\u00e2ncia\u00a0leve e refrescante \u2022\u00a0combina o frescor das\u00a0notas verdes\u00a0com o r\u00fastico\u00a0amadeirado\u00a0e\u00a0toque [&hellip;]<\/p>\n","protected":false},"featured_media":0,"comment_status":"open","ping_status":"closed","template":"","meta":{"_kadence_starter_templates_imported_post":false},"product_brand":[],"product_cat":[465,530,322,278,580,293,214,203,251,231],"product_tag":[272,234,233],"class_list":{"0":"post-24013","1":"product","2":"type-product","3":"status-publish","5":"product_cat-anuncios","6":"product_cat-body-splash","7":"product_cat-cremes-hidratantes-oleos","8":"product_cat-desodorante-feminino","9":"product_cat-destaques","10":"product_cat-feminino","11":"product_cat-hidratantes-cremes-corporal","12":"product_cat-natura-creme-oleo-sabonete-perfume","13":"product_cat-perfume-perfumes","14":"product_cat-perfumes-natura","15":"product_tag-cosmeticos","16":"product_tag-natura","17":"product_tag-perfume","19":"first","20":"instock","21":"sale","22":"shipping-taxable","23":"purchasable","24":"product-type-simple"},"_links":{"self":[{"href":"https:\/\/sfashionaccessories.com\/index.php?rest_route=\/wp\/v2\/product\/24013","targetHints":{"allow":["GET"]}}],"collection":[{"href":"https:\/\/sfashionaccessories.com\/index.php?rest_route=\/wp\/v2\/product"}],"about":[{"href":"https:\/\/sfashionaccessories.com\/index.php?rest_route=\/wp\/v2\/types\/product"}],"replies":[{"embeddable":true,"href":"https:\/\/sfashionaccessories.com\/index.php?rest_route=%2Fwp%2Fv2%2Fcomments&post=24013"}],"wp:attachment":[{"href":"https:\/\/sfashionaccessories.com\/index.php?rest_route=%2Fwp%2Fv2%2Fmedia&parent=24013"}],"wp:term":[{"taxonomy":"product_brand","embeddable":true,"href":"https:\/\/sfashionaccessories.com\/index.php?rest_route=%2Fwp%2Fv2%2Fproduct_brand&post=24013"},{"taxonomy":"product_cat","embeddable":true,"href":"https:\/\/sfashionaccessories.com\/index.php?rest_route=%2Fwp%2Fv2%2Fproduct_cat&post=24013"},{"taxonomy":"product_tag","embeddable":true,"href":"https:\/\/sfashionaccessories.com\/index.php?rest_route=%2Fwp%2Fv2%2Fproduct_tag&post=24013"}],"curies":[{"name":"wp","href":"https:\/\/api.w.org\/{rel}","templated":true}]}}