{"id":24021,"date":"2026-01-23T13:49:29","date_gmt":"2026-01-23T04:49:29","guid":{"rendered":"https:\/\/sfashionaccessories.com\/?post_type=product&#038;p=24021"},"modified":"2026-04-19T17:53:09","modified_gmt":"2026-04-19T08:53:09","slug":"tonico-poderoso-da-gold-spell","status":"publish","type":"product","link":"https:\/\/sfashionaccessories.com\/?product=tonico-poderoso-da-gold-spell","title":{"rendered":"Tonico Poderoso da Gold Spell"},"content":{"rendered":"<p>Criamos um t\u00f4nico poderoso para te ajudar no projeto cabel\u00e3o, trata-se de um Poderoso T\u00f4nico para reconstruir, firmar e fixar os fios; isso mesmo, se voc\u00ea estava precisando de uma ajudinha para ter seu cabelo forte, evitando a quebra e mantendo ele saud\u00e1vel t\u00e1 aqui a receitinha poderosa! t\u00f4nico poderoso \u00e9 composto por vitaminas essenciais que contribuem para o crescimento forte e saud\u00e1vel dos fios! O T\u00f4nico Poderoso tem o poder do extrato da cenoura combinado com o poderoso bioex e potencializado com a biotina! Resumindo, criamos o t\u00f4nico poderoso!<\/p>\n<p>Nosso T\u00f4nico Poderoso foi desenvolvido a base de bioex: Associa\u00e7\u00e3o de extratos vegetais e princ\u00edpios ativos tradicionalmente utilizados na preven\u00e7\u00e3o e combate \u00e0 queda dos cabelos. Ajuda no crescimento de fios mais fortes e saud\u00e1veis.<\/p>\n<p>Al\u00e9m disso sua composi\u00e7\u00e3o tamb\u00e9m \u00e9 rica em biotina: tamb\u00e9m conhecida por vitamina H ou vitamina B7, \u00e9 uma vitamina hidrossol\u00favel essencial para o bom funcionamento do corpo, j\u00e1 que est\u00e1 relacionada com a produ\u00e7\u00e3o de glicog\u00eanio e de prote\u00ednas, sendo importante para manter a sa\u00fade da pele e dos cabelos, garantir a energia nas c\u00e9lulas e manter a produ\u00e7\u00e3o de prote\u00ednas.<\/p>\n<p>E adicionamos tamb\u00e9m o extrato de cenoura: A cenoura \u00e9 rica em vitaminas e antioxidantes, ou seja, ajuda a repor a \u00e1gua perdida dos fios, proporciona brilho as madeixas, faz uma limpeza suave no couro cabeludo, remove as impurezas e estimula o crescimento saud\u00e1vel.<\/p>\n","protected":false},"excerpt":{"rendered":"<p>Criamos um t\u00f4nico poderoso para te ajudar no projeto cabel\u00e3o, trata-se de um Poderoso T\u00f4nico para reconstruir, firmar e fixar os fios; isso mesmo, se voc\u00ea estava precisando de uma ajudinha para ter seu cabelo forte, evitando a quebra e mantendo ele saud\u00e1vel t\u00e1 aqui a receitinha poderosa! t\u00f4nico poderoso \u00e9 composto por vitaminas essenciais [&hellip;]<\/p>\n","protected":false},"featured_media":24980,"comment_status":"open","ping_status":"closed","template":"","meta":{"_kadence_starter_templates_imported_post":false},"product_brand":[],"product_cat":[465,206],"product_tag":[476,272,563],"class_list":{"0":"post-24021","1":"product","2":"type-product","3":"status-publish","4":"has-post-thumbnail","6":"product_cat-anuncios","7":"product_cat-cosmeticos-cremes-hidradantesperfumes","8":"product_tag-cabelos","9":"product_tag-cosmeticos","10":"product_tag-tonico-capilar","12":"first","13":"instock","14":"shipping-taxable","15":"purchasable","16":"product-type-simple"},"_links":{"self":[{"href":"https:\/\/sfashionaccessories.com\/index.php?rest_route=\/wp\/v2\/product\/24021","targetHints":{"allow":["GET"]}}],"collection":[{"href":"https:\/\/sfashionaccessories.com\/index.php?rest_route=\/wp\/v2\/product"}],"about":[{"href":"https:\/\/sfashionaccessories.com\/index.php?rest_route=\/wp\/v2\/types\/product"}],"replies":[{"embeddable":true,"href":"https:\/\/sfashionaccessories.com\/index.php?rest_route=%2Fwp%2Fv2%2Fcomments&post=24021"}],"wp:featuredmedia":[{"embeddable":true,"href":"https:\/\/sfashionaccessories.com\/index.php?rest_route=\/wp\/v2\/media\/24980"}],"wp:attachment":[{"href":"https:\/\/sfashionaccessories.com\/index.php?rest_route=%2Fwp%2Fv2%2Fmedia&parent=24021"}],"wp:term":[{"taxonomy":"product_brand","embeddable":true,"href":"https:\/\/sfashionaccessories.com\/index.php?rest_route=%2Fwp%2Fv2%2Fproduct_brand&post=24021"},{"taxonomy":"product_cat","embeddable":true,"href":"https:\/\/sfashionaccessories.com\/index.php?rest_route=%2Fwp%2Fv2%2Fproduct_cat&post=24021"},{"taxonomy":"product_tag","embeddable":true,"href":"https:\/\/sfashionaccessories.com\/index.php?rest_route=%2Fwp%2Fv2%2Fproduct_tag&post=24021"}],"curies":[{"name":"wp","href":"https:\/\/api.w.org\/{rel}","templated":true}]}}