{"id":24042,"date":"2025-11-14T15:30:43","date_gmt":"2025-11-14T06:30:43","guid":{"rendered":"https:\/\/sfashionaccessories.com\/?post_type=product&#038;p=24042"},"modified":"2026-02-22T23:17:11","modified_gmt":"2026-02-22T14:17:11","slug":"sabonete-em-barra-puro-vegetal-cremoso-ekos-castanha-natura","status":"publish","type":"product","link":"https:\/\/sfashionaccessories.com\/?product=sabonete-em-barra-puro-vegetal-cremoso-ekos-castanha-natura","title":{"rendered":"Sabonete em Barra Puro Vegetal Cremoso Ekos Castanha- Natura"},"content":{"rendered":"<div class=\"relative flex\">\n<div class=\"flex gap-2 items-center\"><span class=\"text-sm font-bold\">Explos\u00e3o de fragr\u00e2ncia e texturas \u00fanicas, com tecnologia biocosm\u00e9tica de ativos amaz\u00f4nicos.<\/span><\/div>\n<\/div>\n<div class=\"relative flex\">\n<div class=\"flex gap-2 items-center\">\n<p>Os Sabonetes Natura Ekos proporcionam m\u00faltiplas sensa\u00e7\u00f5es e amplo cuidado com voc\u00ea e a Amaz\u00f4nia. Em cada barra, \u00f3leo 100% vegetal puro da Amaz\u00f4nia e f\u00f3rmulas biodegrad\u00e1veis exclusivas. Cont\u00e9m barras cremosas que limpam sem agredir a barreira de hidrata\u00e7\u00e3o natural da pele.<\/p>\n<p>&nbsp;<\/p>\n<p><strong>Conte\u00fado:<\/strong><\/p>\n<p>1 Caixa com 4 sabonetes em barra puro vegetal cremosos de 100 g cada.<\/p>\n<\/div>\n<\/div>\n","protected":false},"excerpt":{"rendered":"<p>Explos\u00e3o de fragr\u00e2ncia e texturas \u00fanicas, com tecnologia biocosm\u00e9tica de ativos amaz\u00f4nicos. Os Sabonetes Natura Ekos proporcionam m\u00faltiplas sensa\u00e7\u00f5es e amplo cuidado com voc\u00ea e a Amaz\u00f4nia. Em cada barra, \u00f3leo 100% vegetal puro da Amaz\u00f4nia e f\u00f3rmulas biodegrad\u00e1veis exclusivas. Cont\u00e9m barras cremosas que limpam sem agredir a barreira de hidrata\u00e7\u00e3o natural da pele. &nbsp; [&hellip;]<\/p>\n","protected":false},"featured_media":24044,"comment_status":"open","ping_status":"closed","template":"","meta":{"_kadence_starter_templates_imported_post":false},"product_brand":[],"product_cat":[465,206,580,203,228],"product_tag":[272,329,234,332],"class_list":{"0":"post-24042","1":"product","2":"type-product","3":"status-publish","4":"has-post-thumbnail","6":"product_cat-anuncios","7":"product_cat-cosmeticos-cremes-hidradantesperfumes","8":"product_cat-destaques","9":"product_cat-natura-creme-oleo-sabonete-perfume","10":"product_cat-sabonete-sabonete-liquido-natura","11":"product_tag-cosmeticos","12":"product_tag-ekos","13":"product_tag-natura","14":"product_tag-sabonetes","16":"first","17":"instock","18":"shipping-taxable","19":"purchasable","20":"product-type-simple"},"_links":{"self":[{"href":"https:\/\/sfashionaccessories.com\/index.php?rest_route=\/wp\/v2\/product\/24042","targetHints":{"allow":["GET"]}}],"collection":[{"href":"https:\/\/sfashionaccessories.com\/index.php?rest_route=\/wp\/v2\/product"}],"about":[{"href":"https:\/\/sfashionaccessories.com\/index.php?rest_route=\/wp\/v2\/types\/product"}],"replies":[{"embeddable":true,"href":"https:\/\/sfashionaccessories.com\/index.php?rest_route=%2Fwp%2Fv2%2Fcomments&post=24042"}],"wp:featuredmedia":[{"embeddable":true,"href":"https:\/\/sfashionaccessories.com\/index.php?rest_route=\/wp\/v2\/media\/24044"}],"wp:attachment":[{"href":"https:\/\/sfashionaccessories.com\/index.php?rest_route=%2Fwp%2Fv2%2Fmedia&parent=24042"}],"wp:term":[{"taxonomy":"product_brand","embeddable":true,"href":"https:\/\/sfashionaccessories.com\/index.php?rest_route=%2Fwp%2Fv2%2Fproduct_brand&post=24042"},{"taxonomy":"product_cat","embeddable":true,"href":"https:\/\/sfashionaccessories.com\/index.php?rest_route=%2Fwp%2Fv2%2Fproduct_cat&post=24042"},{"taxonomy":"product_tag","embeddable":true,"href":"https:\/\/sfashionaccessories.com\/index.php?rest_route=%2Fwp%2Fv2%2Fproduct_tag&post=24042"}],"curies":[{"name":"wp","href":"https:\/\/api.w.org\/{rel}","templated":true}]}}