{"id":24045,"date":"2025-11-14T15:55:55","date_gmt":"2025-11-14T06:55:55","guid":{"rendered":"https:\/\/sfashionaccessories.com\/?post_type=product&#038;p=24045"},"modified":"2026-03-28T12:50:55","modified_gmt":"2026-03-28T03:50:55","slug":"oleo-trifasico-desodorante-corporal-ekos-buriti-natura","status":"publish","type":"product","link":"https:\/\/sfashionaccessories.com\/?product=oleo-trifasico-desodorante-corporal-ekos-buriti-natura","title":{"rendered":"\u00d3leo Trif\u00e1sico Desodorante Corporal Ekos Buriti &#8211; Natura"},"content":{"rendered":"<div class=\"relative flex\">\n<div class=\"flex gap-2 items-center\"><span class=\"text-sm font-bold\">Protege, hidrata, ilumina e real\u00e7a a pele bronzeada<\/span><\/div>\n<\/div>\n<div class=\"relative flex\">\n<div class=\"flex gap-2 items-center\"><span class=\"text-sm\">Com uma textura surpreendente, forma um filme protetor e perfuma a pele. Cont\u00e9m \u00f3leo bruto de buriti, rico em betacaroteno, que ajuda a prevenir o fotoenvelhecimento da pele causado pelos radicais livres.<\/span><\/div>\n<\/div>\n","protected":false},"excerpt":{"rendered":"<p>Protege, hidrata, ilumina e real\u00e7a a pele bronzeada Com uma textura surpreendente, forma um filme protetor e perfuma a pele. Cont\u00e9m \u00f3leo bruto de buriti, rico em betacaroteno, que ajuda a prevenir o fotoenvelhecimento da pele causado pelos radicais livres.<\/p>\n","protected":false},"featured_media":24049,"comment_status":"open","ping_status":"closed","template":"","meta":{"_kadence_starter_templates_imported_post":false},"product_brand":[],"product_cat":[206,213,580,203,542,254],"product_tag":[272,429,234,539],"class_list":{"0":"post-24045","1":"product","2":"type-product","3":"status-publish","4":"has-post-thumbnail","6":"product_cat-cosmeticos-cremes-hidradantesperfumes","7":"product_cat-desodorantes-anti-transpirantes","8":"product_cat-destaques","9":"product_cat-natura-creme-oleo-sabonete-perfume","10":"product_cat-oleo-corporal","11":"product_cat-promocoes-descontos","12":"product_tag-cosmeticos","13":"product_tag-hidratantes","14":"product_tag-natura","15":"product_tag-oleo-corporal","17":"first","18":"instock","19":"sale","20":"shipping-taxable","21":"purchasable","22":"product-type-simple"},"_links":{"self":[{"href":"https:\/\/sfashionaccessories.com\/index.php?rest_route=\/wp\/v2\/product\/24045","targetHints":{"allow":["GET"]}}],"collection":[{"href":"https:\/\/sfashionaccessories.com\/index.php?rest_route=\/wp\/v2\/product"}],"about":[{"href":"https:\/\/sfashionaccessories.com\/index.php?rest_route=\/wp\/v2\/types\/product"}],"replies":[{"embeddable":true,"href":"https:\/\/sfashionaccessories.com\/index.php?rest_route=%2Fwp%2Fv2%2Fcomments&post=24045"}],"wp:featuredmedia":[{"embeddable":true,"href":"https:\/\/sfashionaccessories.com\/index.php?rest_route=\/wp\/v2\/media\/24049"}],"wp:attachment":[{"href":"https:\/\/sfashionaccessories.com\/index.php?rest_route=%2Fwp%2Fv2%2Fmedia&parent=24045"}],"wp:term":[{"taxonomy":"product_brand","embeddable":true,"href":"https:\/\/sfashionaccessories.com\/index.php?rest_route=%2Fwp%2Fv2%2Fproduct_brand&post=24045"},{"taxonomy":"product_cat","embeddable":true,"href":"https:\/\/sfashionaccessories.com\/index.php?rest_route=%2Fwp%2Fv2%2Fproduct_cat&post=24045"},{"taxonomy":"product_tag","embeddable":true,"href":"https:\/\/sfashionaccessories.com\/index.php?rest_route=%2Fwp%2Fv2%2Fproduct_tag&post=24045"}],"curies":[{"name":"wp","href":"https:\/\/api.w.org\/{rel}","templated":true}]}}