{"id":24075,"date":"2025-11-14T23:12:47","date_gmt":"2025-11-14T14:12:47","guid":{"rendered":"https:\/\/sfashionaccessories.com\/?post_type=product&#038;p=24075"},"modified":"2026-02-11T10:40:03","modified_gmt":"2026-02-11T01:40:03","slug":"natura-homem-especiarias-desodorante-colonia-100ml","status":"publish","type":"product","link":"https:\/\/sfashionaccessories.com\/?product=natura-homem-especiarias-desodorante-colonia-100ml","title":{"rendered":"Natura homem especiarias desodorante colonia 100ml"},"content":{"rendered":"<p>Para quem gosta de trazer o surpreendente para o dia a dia.<br \/>\nUma fragr\u00e2ncia amadeirada com um toque a mais.<\/p>\n<p>A perfeita combina\u00e7\u00e3o do frescor de notas c\u00edtricas, com uma variedade de pimentas.<\/p>\n<p>O Desodorante Col\u00f4nia foi feito para todos os momentos e todas as horas. \u00e9 para quem n\u00e3o v\u00ea rotina no dia a dia.<\/p>\n","protected":false},"excerpt":{"rendered":"<p>Para quem gosta de trazer o surpreendente para o dia a dia. Uma fragr\u00e2ncia amadeirada com um toque a mais. A perfeita combina\u00e7\u00e3o do frescor de notas c\u00edtricas, com uma variedade de pimentas. O Desodorante Col\u00f4nia foi feito para todos os momentos e todas as horas. \u00e9 para quem n\u00e3o v\u00ea rotina no dia a [&hellip;]<\/p>\n","protected":false},"featured_media":24076,"comment_status":"open","ping_status":"closed","template":"","meta":{"_kadence_starter_templates_imported_post":false},"product_brand":[],"product_cat":[465,713,206,213,580,203,251,231],"product_tag":[342,272,234,401],"class_list":{"0":"post-24075","1":"product","2":"type-product","3":"status-publish","4":"has-post-thumbnail","6":"product_cat-anuncios","7":"product_cat-colonia","8":"product_cat-cosmeticos-cremes-hidradantesperfumes","9":"product_cat-desodorantes-anti-transpirantes","10":"product_cat-destaques","11":"product_cat-natura-creme-oleo-sabonete-perfume","12":"product_cat-perfume-perfumes","13":"product_cat-perfumes-natura","14":"product_tag-colonia","15":"product_tag-cosmeticos","16":"product_tag-natura","17":"product_tag-perfumes","19":"first","20":"outofstock","21":"shipping-taxable","22":"product-type-simple"},"_links":{"self":[{"href":"https:\/\/sfashionaccessories.com\/index.php?rest_route=\/wp\/v2\/product\/24075","targetHints":{"allow":["GET"]}}],"collection":[{"href":"https:\/\/sfashionaccessories.com\/index.php?rest_route=\/wp\/v2\/product"}],"about":[{"href":"https:\/\/sfashionaccessories.com\/index.php?rest_route=\/wp\/v2\/types\/product"}],"replies":[{"embeddable":true,"href":"https:\/\/sfashionaccessories.com\/index.php?rest_route=%2Fwp%2Fv2%2Fcomments&post=24075"}],"wp:featuredmedia":[{"embeddable":true,"href":"https:\/\/sfashionaccessories.com\/index.php?rest_route=\/wp\/v2\/media\/24076"}],"wp:attachment":[{"href":"https:\/\/sfashionaccessories.com\/index.php?rest_route=%2Fwp%2Fv2%2Fmedia&parent=24075"}],"wp:term":[{"taxonomy":"product_brand","embeddable":true,"href":"https:\/\/sfashionaccessories.com\/index.php?rest_route=%2Fwp%2Fv2%2Fproduct_brand&post=24075"},{"taxonomy":"product_cat","embeddable":true,"href":"https:\/\/sfashionaccessories.com\/index.php?rest_route=%2Fwp%2Fv2%2Fproduct_cat&post=24075"},{"taxonomy":"product_tag","embeddable":true,"href":"https:\/\/sfashionaccessories.com\/index.php?rest_route=%2Fwp%2Fv2%2Fproduct_tag&post=24075"}],"curies":[{"name":"wp","href":"https:\/\/api.w.org\/{rel}","templated":true}]}}