{"id":24085,"date":"2025-11-15T00:06:17","date_gmt":"2025-11-14T15:06:17","guid":{"rendered":"https:\/\/sfashionaccessories.com\/?post_type=product&#038;p=24085"},"modified":"2026-02-22T23:03:40","modified_gmt":"2026-02-22T14:03:40","slug":"fio-sexy-com-perolas-angelise","status":"publish","type":"product","link":"https:\/\/sfashionaccessories.com\/?product=fio-sexy-com-perolas-angelise","title":{"rendered":"Calcinha fio Angelise c\/P\u00e9rola"},"content":{"rendered":"<p>Sensualidade, Estilo e Muito Brilho com o Fio Sexy com P\u00e9rola- Angelise! Desperte seu melhor lado com essa calcinha super sensual, ideal para aquele jogo de sedu\u00e7\u00e3o no momento a dois.<\/p>\n","protected":false},"excerpt":{"rendered":"<p>Sensualidade, Estilo e Muito Brilho com o Fio Sexy com P\u00e9rola- Angelise! Desperte seu melhor lado com essa calcinha super sensual, ideal para aquele jogo de sedu\u00e7\u00e3o no momento a dois.<\/p>\n","protected":false},"featured_media":24087,"comment_status":"open","ping_status":"closed","template":"","meta":{"_kadence_starter_templates_imported_post":false},"product_brand":[],"product_cat":[465,215,580,293,29],"product_tag":[380,458,958],"class_list":{"0":"post-24085","1":"product","2":"type-product","3":"status-publish","4":"has-post-thumbnail","6":"product_cat-anuncios","7":"product_cat-calcinhas-tangas-fio-dental","8":"product_cat-destaques","9":"product_cat-feminino","10":"product_cat-lingeries","11":"product_tag-calcinhas","12":"product_tag-lingeries","13":"product_tag-moda-intima","15":"first","16":"instock","17":"shipping-taxable","18":"purchasable","19":"product-type-variable"},"_links":{"self":[{"href":"https:\/\/sfashionaccessories.com\/index.php?rest_route=\/wp\/v2\/product\/24085","targetHints":{"allow":["GET"]}}],"collection":[{"href":"https:\/\/sfashionaccessories.com\/index.php?rest_route=\/wp\/v2\/product"}],"about":[{"href":"https:\/\/sfashionaccessories.com\/index.php?rest_route=\/wp\/v2\/types\/product"}],"replies":[{"embeddable":true,"href":"https:\/\/sfashionaccessories.com\/index.php?rest_route=%2Fwp%2Fv2%2Fcomments&post=24085"}],"wp:featuredmedia":[{"embeddable":true,"href":"https:\/\/sfashionaccessories.com\/index.php?rest_route=\/wp\/v2\/media\/24087"}],"wp:attachment":[{"href":"https:\/\/sfashionaccessories.com\/index.php?rest_route=%2Fwp%2Fv2%2Fmedia&parent=24085"}],"wp:term":[{"taxonomy":"product_brand","embeddable":true,"href":"https:\/\/sfashionaccessories.com\/index.php?rest_route=%2Fwp%2Fv2%2Fproduct_brand&post=24085"},{"taxonomy":"product_cat","embeddable":true,"href":"https:\/\/sfashionaccessories.com\/index.php?rest_route=%2Fwp%2Fv2%2Fproduct_cat&post=24085"},{"taxonomy":"product_tag","embeddable":true,"href":"https:\/\/sfashionaccessories.com\/index.php?rest_route=%2Fwp%2Fv2%2Fproduct_tag&post=24085"}],"curies":[{"name":"wp","href":"https:\/\/api.w.org\/{rel}","templated":true}]}}