{"id":24122,"date":"2026-03-18T13:26:24","date_gmt":"2026-03-18T04:26:24","guid":{"rendered":"https:\/\/sfashionaccessories.com\/?post_type=product&#038;p=24122"},"modified":"2026-03-18T19:48:13","modified_gmt":"2026-03-18T10:48:13","slug":"o-u-i-madeleine-862-eau-de-parfum-feminino-30ml","status":"publish","type":"product","link":"https:\/\/sfashionaccessories.com\/?product=o-u-i-madeleine-862-eau-de-parfum-feminino-30ml","title":{"rendered":"O.U.i Madeleine 862 | Eau de Parfum Feminino 30ml"},"content":{"rendered":"<p>Fragr\u00e2ncia Marcante e FemininaO Eau de Parfum O.U.i Madeleine 862 oferece uma combina\u00e7\u00e3o irresist\u00edvel de notas florais que exalam\u00a0feminilidade\u00a0e\u00a0charme. Seu aroma \u00e9 ideal para qualquer ocasi\u00e3o, seja em compromissos formais ou momentos descontra\u00eddos, garantindo que voc\u00ea se sinta sempre\u00a0confiante\u00a0e\u00a0atraente.Durabilidade ExcepcionalDesenvolvido para proporcionar uma experi\u00eancia olfativa duradoura, o O.U.i Madeleine 862 assegura que sua presen\u00e7a seja notada ao longo do dia. Sua f\u00f3rmula intensa e refinada mant\u00e9m voc\u00ea perfumada, mesmo nas situa\u00e7\u00f5es mais exigentes.Design Elegante e Pr\u00e1ticoO frasco do O.U.i Madeleine 862 \u00e9 uma verdadeira obra de arte, refletindo a\u00a0modernidade\u00a0e\u00a0eleg\u00e2ncia\u00a0da ess\u00eancia que cont\u00e9m. Compacto e estiloso, \u00e9 perfeito para levar em viagens ou simplesmente exibir na sua prateleira, pronto a qualquer momento.<\/p>\n","protected":false},"excerpt":{"rendered":"<p>Fragr\u00e2ncia Marcante e FemininaO Eau de Parfum O.U.i Madeleine 862 oferece uma combina\u00e7\u00e3o irresist\u00edvel de notas florais que exalam\u00a0feminilidade\u00a0e\u00a0charme. Seu aroma \u00e9 ideal para qualquer ocasi\u00e3o, seja em compromissos formais ou momentos descontra\u00eddos, garantindo que voc\u00ea se sinta sempre\u00a0confiante\u00a0e\u00a0atraente.Durabilidade ExcepcionalDesenvolvido para proporcionar uma experi\u00eancia olfativa duradoura, o O.U.i Madeleine 862 assegura que sua presen\u00e7a seja [&hellip;]<\/p>\n","protected":false},"featured_media":24129,"comment_status":"open","ping_status":"closed","template":"","meta":{"_kadence_starter_templates_imported_post":false},"product_brand":[],"product_cat":[580,293,1014,251],"product_tag":[272,1013,401],"class_list":{"0":"post-24122","1":"product","2":"type-product","3":"status-publish","4":"has-post-thumbnail","6":"product_cat-destaques","7":"product_cat-feminino","8":"product_cat-o-u-i","9":"product_cat-perfume-perfumes","10":"product_tag-cosmeticos","11":"product_tag-o-u-i","12":"product_tag-perfumes","14":"first","15":"instock","16":"sale","17":"shipping-taxable","18":"purchasable","19":"product-type-simple"},"_links":{"self":[{"href":"https:\/\/sfashionaccessories.com\/index.php?rest_route=\/wp\/v2\/product\/24122","targetHints":{"allow":["GET"]}}],"collection":[{"href":"https:\/\/sfashionaccessories.com\/index.php?rest_route=\/wp\/v2\/product"}],"about":[{"href":"https:\/\/sfashionaccessories.com\/index.php?rest_route=\/wp\/v2\/types\/product"}],"replies":[{"embeddable":true,"href":"https:\/\/sfashionaccessories.com\/index.php?rest_route=%2Fwp%2Fv2%2Fcomments&post=24122"}],"wp:featuredmedia":[{"embeddable":true,"href":"https:\/\/sfashionaccessories.com\/index.php?rest_route=\/wp\/v2\/media\/24129"}],"wp:attachment":[{"href":"https:\/\/sfashionaccessories.com\/index.php?rest_route=%2Fwp%2Fv2%2Fmedia&parent=24122"}],"wp:term":[{"taxonomy":"product_brand","embeddable":true,"href":"https:\/\/sfashionaccessories.com\/index.php?rest_route=%2Fwp%2Fv2%2Fproduct_brand&post=24122"},{"taxonomy":"product_cat","embeddable":true,"href":"https:\/\/sfashionaccessories.com\/index.php?rest_route=%2Fwp%2Fv2%2Fproduct_cat&post=24122"},{"taxonomy":"product_tag","embeddable":true,"href":"https:\/\/sfashionaccessories.com\/index.php?rest_route=%2Fwp%2Fv2%2Fproduct_tag&post=24122"}],"curies":[{"name":"wp","href":"https:\/\/api.w.org\/{rel}","templated":true}]}}