{"id":24158,"date":"2026-03-13T20:00:16","date_gmt":"2026-03-13T11:00:16","guid":{"rendered":"https:\/\/sfashionaccessories.com\/?post_type=product&#038;p=24158"},"modified":"2026-04-16T09:39:27","modified_gmt":"2026-04-16T00:39:27","slug":"sutia-sustentacao-com-renda-demillus-iridien-65204","status":"publish","type":"product","link":"https:\/\/sfashionaccessories.com\/?product=sutia-sustentacao-com-renda-demillus-iridien-65204","title":{"rendered":"Suti\u00e3 Sustenta\u00e7\u00e3o com Renda DeMillus Iridien (65204)"},"content":{"rendered":"<p>Suti\u00e3 Sustenta\u00e7\u00e3o com Renda DeMillus (65204), cole\u00e7\u00e3o Iridien. Confeccionado em microfibra, de toque leve e macio. Suti\u00e3 com aro e bojo espumado, que modela e acomoda os seios perfeitamente. Decote, base e in\u00edcio das al\u00e7as com aplica\u00e7\u00e3o em delicada renda el\u00e1stica. Centro do decote adornado por lindo lacinho em cetim, que acrescenta charme \u00e0 pe\u00e7a. Al\u00e7as largas, fixas e ajust\u00e1veis para maior sustenta\u00e7\u00e3o e conforto. Costas com fecho em colchetes duplos de tripla regulagem. Composi\u00e7\u00e3o: 81% Poliamida e 19% Elastano. Renda: 85% Poliamida e 15% Elastano. Bojo: 100% Poli\u00e9ster.<\/p>\n","protected":false},"excerpt":{"rendered":"<p>Suti\u00e3 Sustenta\u00e7\u00e3o com Renda DeMillus (65204), cole\u00e7\u00e3o Iridien. Confeccionado em microfibra, de toque leve e macio. Suti\u00e3 com aro e bojo espumado, que modela e acomoda os seios perfeitamente. Decote, base e in\u00edcio das al\u00e7as com aplica\u00e7\u00e3o em delicada renda el\u00e1stica. Centro do decote adornado por lindo lacinho em cetim, que acrescenta charme \u00e0 pe\u00e7a. [&hellip;]<\/p>\n","protected":false},"featured_media":25585,"comment_status":"open","ping_status":"closed","template":"","meta":{"_kadence_starter_templates_imported_post":false},"product_brand":[],"product_cat":[465,268,580,293,29],"product_tag":[266,458,188,265],"class_list":{"0":"post-24158","1":"product","2":"type-product","3":"status-publish","4":"has-post-thumbnail","6":"product_cat-anuncios","7":"product_cat-demillus","8":"product_cat-destaques","9":"product_cat-feminino","10":"product_cat-lingeries","11":"product_tag-demillus","12":"product_tag-lingeries","13":"product_tag-moda-feminina","14":"product_tag-sutia","16":"first","17":"instock","18":"shipping-taxable","19":"purchasable","20":"product-type-variable"},"_links":{"self":[{"href":"https:\/\/sfashionaccessories.com\/index.php?rest_route=\/wp\/v2\/product\/24158","targetHints":{"allow":["GET"]}}],"collection":[{"href":"https:\/\/sfashionaccessories.com\/index.php?rest_route=\/wp\/v2\/product"}],"about":[{"href":"https:\/\/sfashionaccessories.com\/index.php?rest_route=\/wp\/v2\/types\/product"}],"replies":[{"embeddable":true,"href":"https:\/\/sfashionaccessories.com\/index.php?rest_route=%2Fwp%2Fv2%2Fcomments&post=24158"}],"wp:featuredmedia":[{"embeddable":true,"href":"https:\/\/sfashionaccessories.com\/index.php?rest_route=\/wp\/v2\/media\/25585"}],"wp:attachment":[{"href":"https:\/\/sfashionaccessories.com\/index.php?rest_route=%2Fwp%2Fv2%2Fmedia&parent=24158"}],"wp:term":[{"taxonomy":"product_brand","embeddable":true,"href":"https:\/\/sfashionaccessories.com\/index.php?rest_route=%2Fwp%2Fv2%2Fproduct_brand&post=24158"},{"taxonomy":"product_cat","embeddable":true,"href":"https:\/\/sfashionaccessories.com\/index.php?rest_route=%2Fwp%2Fv2%2Fproduct_cat&post=24158"},{"taxonomy":"product_tag","embeddable":true,"href":"https:\/\/sfashionaccessories.com\/index.php?rest_route=%2Fwp%2Fv2%2Fproduct_tag&post=24158"}],"curies":[{"name":"wp","href":"https:\/\/api.w.org\/{rel}","templated":true}]}}