{"id":24180,"date":"2025-11-18T21:26:02","date_gmt":"2025-11-18T12:26:02","guid":{"rendered":"https:\/\/sfashionaccessories.com\/?post_type=product&#038;p=24180"},"modified":"2026-02-15T20:15:31","modified_gmt":"2026-02-15T11:15:31","slug":"calca-sarja-sawary-modela-bumbum-277452-preto","status":"publish","type":"product","link":"https:\/\/sfashionaccessories.com\/?product=calca-sarja-sawary-modela-bumbum-277452-preto","title":{"rendered":"Cal\u00e7a Sarja Sawary Modela Bumbum &#8211; 277452 PRETO"},"content":{"rendered":"<p>A modelagem modela bumbum cont\u00e9m bojo remov\u00edvel interno que aumenta at\u00e9 3 cm do seu bumbum. Cintura m\u00e9dia Fechamento com bot\u00f5es e z\u00edper Bolsos frontais falsos e posteriores funcionais Barra tem acabamento simples Tecido: Jeans Tipo de lavagem: Sarja Cor: Preta<\/p>\n","protected":false},"excerpt":{"rendered":"<p>A modelagem modela bumbum cont\u00e9m bojo remov\u00edvel interno que aumenta at\u00e9 3 cm do seu bumbum. Cintura m\u00e9dia Fechamento com bot\u00f5es e z\u00edper Bolsos frontais falsos e posteriores funcionais Barra tem acabamento simples Tecido: Jeans Tipo de lavagem: Sarja Cor: Preta<\/p>\n","protected":false},"featured_media":24194,"comment_status":"open","ping_status":"closed","template":"","meta":{"_kadence_starter_templates_imported_post":false},"product_brand":[],"product_cat":[465,508,580,293,507,259],"product_tag":[241,242,188,256],"class_list":{"0":"post-24180","1":"product","2":"type-product","3":"status-publish","4":"has-post-thumbnail","6":"product_cat-anuncios","7":"product_cat-calcas-femininas","8":"product_cat-destaques","9":"product_cat-feminino","10":"product_cat-medidas-calcas-e-shorts-feminino-plus-size-sawary","11":"product_cat-sawary","12":"product_tag-calcas","13":"product_tag-calcas-femininas","14":"product_tag-moda-feminina","15":"product_tag-sawary","17":"first","18":"instock","19":"shipping-taxable","20":"purchasable","21":"product-type-variable"},"_links":{"self":[{"href":"https:\/\/sfashionaccessories.com\/index.php?rest_route=\/wp\/v2\/product\/24180","targetHints":{"allow":["GET"]}}],"collection":[{"href":"https:\/\/sfashionaccessories.com\/index.php?rest_route=\/wp\/v2\/product"}],"about":[{"href":"https:\/\/sfashionaccessories.com\/index.php?rest_route=\/wp\/v2\/types\/product"}],"replies":[{"embeddable":true,"href":"https:\/\/sfashionaccessories.com\/index.php?rest_route=%2Fwp%2Fv2%2Fcomments&post=24180"}],"wp:featuredmedia":[{"embeddable":true,"href":"https:\/\/sfashionaccessories.com\/index.php?rest_route=\/wp\/v2\/media\/24194"}],"wp:attachment":[{"href":"https:\/\/sfashionaccessories.com\/index.php?rest_route=%2Fwp%2Fv2%2Fmedia&parent=24180"}],"wp:term":[{"taxonomy":"product_brand","embeddable":true,"href":"https:\/\/sfashionaccessories.com\/index.php?rest_route=%2Fwp%2Fv2%2Fproduct_brand&post=24180"},{"taxonomy":"product_cat","embeddable":true,"href":"https:\/\/sfashionaccessories.com\/index.php?rest_route=%2Fwp%2Fv2%2Fproduct_cat&post=24180"},{"taxonomy":"product_tag","embeddable":true,"href":"https:\/\/sfashionaccessories.com\/index.php?rest_route=%2Fwp%2Fv2%2Fproduct_tag&post=24180"}],"curies":[{"name":"wp","href":"https:\/\/api.w.org\/{rel}","templated":true}]}}