{"id":24242,"date":"2025-11-26T19:02:24","date_gmt":"2025-11-26T10:02:24","guid":{"rendered":"https:\/\/sfashionaccessories.com\/?post_type=product&#038;p=24242"},"modified":"2026-03-18T12:06:04","modified_gmt":"2026-03-18T03:06:04","slug":"sr-n-100-ml-natura","status":"publish","type":"product","link":"https:\/\/sfashionaccessories.com\/?product=sr-n-100-ml-natura","title":{"rendered":"Sr. N 100 ml &#8211; Natura"},"content":{"rendered":"<div class=\"relative flex\">\n<div class=\"flex gap-2 items-center\"><span class=\"text-sm font-bold\">Sr N Natura: um cl\u00e1ssico atemporal<\/span><\/div>\n<\/div>\n<div class=\"relative flex\">\n<div class=\"flex gap-2 items-center\"><span class=\"text-sm\">O Sr N Natura \u00e9 uma fragr\u00e2ncia cl\u00e1ssica produzida desde 1979 para o homem que valoriza o tempo. Para isso, conta com uma combina\u00e7\u00e3o atemporal das madeiras de patchouli e vetiver em contraste com o frescor c\u00edtrico do lim\u00e3o e lavanda.<\/span><\/div>\n<div>\n<div class=\"relative flex\">\n<div><\/div>\n<div class=\"flex gap-2 items-center\"><span class=\"text-sm\">concentra\u00e7\u00e3o<\/span>:\u00a0<span class=\"text-sm font-medium\">deo col\u00f4nia<\/span><\/div>\n<\/div>\n<div class=\"relative flex\">\n<div class=\"flex gap-2 items-center\">\n<div class=\"bg-gray-100 rounded-full p-1\" aria-hidden=\"true\">\n<div class=\"text-center flex items-center justify-center\"><span class=\"text-sm\">fam\u00edlia olfativa<\/span>:\u00a0<span class=\"text-sm font-medium\">c\u00edtrico<\/span><\/div>\n<\/div>\n<\/div>\n<\/div>\n<div class=\"relative flex\">\n<div class=\"flex gap-2 items-center\">\n<div class=\"bg-gray-100 rounded-full p-1\" aria-hidden=\"true\">\n<div class=\"text-center flex items-center justify-center\"><span class=\"text-sm\">notas de topo<\/span>:\u00a0<span class=\"text-sm font-medium\">lim\u00e3o, bergamota, lima, grapefruit, g\u00e1lbano, folhas de cassis<\/span><\/div>\n<\/div>\n<\/div>\n<\/div>\n<div class=\"relative flex\">\n<div class=\"flex gap-2 items-center\">\n<div class=\"bg-gray-100 rounded-full p-1\" aria-hidden=\"true\">\n<div class=\"text-center flex items-center justify-center\"><span class=\"text-sm\">notas de corpo<\/span>:\u00a0<span class=\"text-sm font-medium\">flor de laranjeira, cardamomo, lavanda, artem\u00edsia<\/span><\/div>\n<\/div>\n<\/div>\n<\/div>\n<div class=\"relative flex\">\n<div class=\"flex gap-2 items-center\">\n<div class=\"bg-gray-100 rounded-full p-1\" aria-hidden=\"true\">\n<div class=\"text-center flex items-center justify-center\"><span class=\"text-sm\">notas de fundo<\/span>:\u00a0<span class=\"text-sm font-medium\">vetiver, madeiras transparentes, musk, baunilha, \u00f3leo essencial de patchouli, cedro<\/span><\/div>\n<\/div>\n<\/div>\n<\/div>\n<div class=\"relative flex\">\n<div class=\"flex gap-2 items-center\"><span class=\"text-sm\">ocasi\u00e3o<\/span>:\u00a0<span class=\"text-sm font-medium\">dia a dia<\/span><\/div>\n<\/div>\n<div class=\"relative flex\">\n<div class=\"flex gap-2 items-center\">\n<div class=\"bg-gray-100 rounded-full p-1\" aria-hidden=\"true\">\n<div class=\"text-center flex items-center justify-center\"><span class=\"text-sm\">subfam\u00edlia<\/span>:\u00a0<span class=\"text-sm font-medium\">arom\u00e1tico<\/span><\/div>\n<\/div>\n<\/div>\n<\/div>\n<\/div>\n<\/div>\n","protected":false},"excerpt":{"rendered":"<p>Sr N Natura: um cl\u00e1ssico atemporal O Sr N Natura \u00e9 uma fragr\u00e2ncia cl\u00e1ssica produzida desde 1979 para o homem que valoriza o tempo. Para isso, conta com uma combina\u00e7\u00e3o atemporal das madeiras de patchouli e vetiver em contraste com o frescor c\u00edtrico do lim\u00e3o e lavanda. concentra\u00e7\u00e3o:\u00a0deo col\u00f4nia fam\u00edlia olfativa:\u00a0c\u00edtrico notas de topo:\u00a0lim\u00e3o, bergamota, [&hellip;]<\/p>\n","protected":false},"featured_media":24244,"comment_status":"open","ping_status":"closed","template":"","meta":{"_kadence_starter_templates_imported_post":false},"product_brand":[],"product_cat":[465,713,206,203,231],"product_tag":[1084,1080,272,947,234,401,1083],"class_list":{"0":"post-24242","1":"product","2":"type-product","3":"status-publish","4":"has-post-thumbnail","6":"product_cat-anuncios","7":"product_cat-colonia","8":"product_cat-cosmeticos-cremes-hidradantesperfumes","9":"product_cat-natura-creme-oleo-sabonete-perfume","10":"product_cat-perfumes-natura","11":"product_tag-aichi","12":"product_tag-anuncios","13":"product_tag-cosmeticos","14":"product_tag-japao","15":"product_tag-natura","16":"product_tag-perfumes","17":"product_tag-perfumes-masculinos","19":"first","20":"instock","21":"sale","22":"shipping-taxable","23":"purchasable","24":"product-type-simple"},"_links":{"self":[{"href":"https:\/\/sfashionaccessories.com\/index.php?rest_route=\/wp\/v2\/product\/24242","targetHints":{"allow":["GET"]}}],"collection":[{"href":"https:\/\/sfashionaccessories.com\/index.php?rest_route=\/wp\/v2\/product"}],"about":[{"href":"https:\/\/sfashionaccessories.com\/index.php?rest_route=\/wp\/v2\/types\/product"}],"replies":[{"embeddable":true,"href":"https:\/\/sfashionaccessories.com\/index.php?rest_route=%2Fwp%2Fv2%2Fcomments&post=24242"}],"wp:featuredmedia":[{"embeddable":true,"href":"https:\/\/sfashionaccessories.com\/index.php?rest_route=\/wp\/v2\/media\/24244"}],"wp:attachment":[{"href":"https:\/\/sfashionaccessories.com\/index.php?rest_route=%2Fwp%2Fv2%2Fmedia&parent=24242"}],"wp:term":[{"taxonomy":"product_brand","embeddable":true,"href":"https:\/\/sfashionaccessories.com\/index.php?rest_route=%2Fwp%2Fv2%2Fproduct_brand&post=24242"},{"taxonomy":"product_cat","embeddable":true,"href":"https:\/\/sfashionaccessories.com\/index.php?rest_route=%2Fwp%2Fv2%2Fproduct_cat&post=24242"},{"taxonomy":"product_tag","embeddable":true,"href":"https:\/\/sfashionaccessories.com\/index.php?rest_route=%2Fwp%2Fv2%2Fproduct_tag&post=24242"}],"curies":[{"name":"wp","href":"https:\/\/api.w.org\/{rel}","templated":true}]}}