{"id":24247,"date":"2025-11-22T23:19:37","date_gmt":"2025-11-22T14:19:37","guid":{"rendered":"https:\/\/sfashionaccessories.com\/?post_type=product&#038;p=24247"},"modified":"2026-03-20T17:24:16","modified_gmt":"2026-03-20T08:24:16","slug":"siage-eudora-condicionador-revela-os-cachos-200ml","status":"publish","type":"product","link":"https:\/\/sfashionaccessories.com\/?product=siage-eudora-condicionador-revela-os-cachos-200ml","title":{"rendered":"Si\u00e0ge Eudora Condicionador Revela os Cachos 200ml"},"content":{"rendered":"<p>O\u00a0<strong>Condicionador\u00a0<\/strong>promove um alto condicionamento dos fios, facilita o desembara\u00e7o e deixa os cachos com balan\u00e7o natural, sem pesar.\u00a0<strong>Si\u00e0ge Revela os Cachos<\/strong>\u00a0possui f\u00f3rmula inteligente que reconhece os pontos de tor\u00e7\u00e3o do fio, fornecendo tratamento ideal para todos os tipos de cacho: ondulados, cacheados, crespos e em transi\u00e7\u00e3o. F\u00f3rmulas com\u00a0<strong>Elastina<\/strong>, combinada \u00e0\u00a0<strong>Manteiga de Karit\u00e9<\/strong>, que garantem alta defini\u00e7\u00e3o, for\u00e7a, elasticidade e 3x menos frizz.<\/p>\n<h2>TECNOLOGIA EXCLUSIVA AFFINIT\u00c9 4D<\/h2>\n<p><strong>Eudora Si\u00e0ge<\/strong>\u00a0uniu a for\u00e7a da natureza ao poder da ci\u00eancia e criou a exclusiva\u00a0<strong>biotecnologia Affinit\u00e9\u00a04D.<\/strong>\u00a0Com intelig\u00eancia detectora de danos, trata os fios at\u00e9 a camada mais profunda, mesmo ap\u00f3s o enx\u00e1gue.\u00a0<strong>Si\u00e0ge Tecnologia para o seu melhor cabelo, todos os dias.<\/strong><\/p>\n<h3>PRODUTO CONSCIENTE:<\/h3>\n<ul>\n<li>N\u00e3o testado\u00a0em animais<\/li>\n<li>Fragr\u00e2ncia e extra\u00e7\u00e3o de ingredientes de fontes \u00e9ticas<\/li>\n<li>Embalagem pl\u00e1stica verde sustent\u00e1vel<\/li>\n<li>Livre de Parabenos e Petrolatos e Corantes<\/li>\n<\/ul>\n","protected":false},"excerpt":{"rendered":"<p>O\u00a0Condicionador\u00a0promove um alto condicionamento dos fios, facilita o desembara\u00e7o e deixa os cachos com balan\u00e7o natural, sem pesar.\u00a0Si\u00e0ge Revela os Cachos\u00a0possui f\u00f3rmula inteligente que reconhece os pontos de tor\u00e7\u00e3o do fio, fornecendo tratamento ideal para todos os tipos de cacho: ondulados, cacheados, crespos e em transi\u00e7\u00e3o. F\u00f3rmulas com\u00a0Elastina, combinada \u00e0\u00a0Manteiga de Karit\u00e9, que garantem alta [&hellip;]<\/p>\n","protected":false},"featured_media":24249,"comment_status":"open","ping_status":"closed","template":"","meta":{"_kadence_starter_templates_imported_post":false},"product_brand":[],"product_cat":[465,204,206,580,790,865],"product_tag":[484,272,791],"class_list":{"0":"post-24247","1":"product","2":"type-product","3":"status-publish","4":"has-post-thumbnail","6":"product_cat-anuncios","7":"product_cat-matizador-sampoo-condicionador-hidratante","8":"product_cat-cosmeticos-cremes-hidradantesperfumes","9":"product_cat-destaques","10":"product_cat-eudora","11":"product_cat-shampoo-e-condicionador-eudora","12":"product_tag-condiconador","13":"product_tag-cosmeticos","14":"product_tag-eudora","16":"first","17":"instock","18":"shipping-taxable","19":"purchasable","20":"product-type-simple"},"_links":{"self":[{"href":"https:\/\/sfashionaccessories.com\/index.php?rest_route=\/wp\/v2\/product\/24247","targetHints":{"allow":["GET"]}}],"collection":[{"href":"https:\/\/sfashionaccessories.com\/index.php?rest_route=\/wp\/v2\/product"}],"about":[{"href":"https:\/\/sfashionaccessories.com\/index.php?rest_route=\/wp\/v2\/types\/product"}],"replies":[{"embeddable":true,"href":"https:\/\/sfashionaccessories.com\/index.php?rest_route=%2Fwp%2Fv2%2Fcomments&post=24247"}],"wp:featuredmedia":[{"embeddable":true,"href":"https:\/\/sfashionaccessories.com\/index.php?rest_route=\/wp\/v2\/media\/24249"}],"wp:attachment":[{"href":"https:\/\/sfashionaccessories.com\/index.php?rest_route=%2Fwp%2Fv2%2Fmedia&parent=24247"}],"wp:term":[{"taxonomy":"product_brand","embeddable":true,"href":"https:\/\/sfashionaccessories.com\/index.php?rest_route=%2Fwp%2Fv2%2Fproduct_brand&post=24247"},{"taxonomy":"product_cat","embeddable":true,"href":"https:\/\/sfashionaccessories.com\/index.php?rest_route=%2Fwp%2Fv2%2Fproduct_cat&post=24247"},{"taxonomy":"product_tag","embeddable":true,"href":"https:\/\/sfashionaccessories.com\/index.php?rest_route=%2Fwp%2Fv2%2Fproduct_tag&post=24247"}],"curies":[{"name":"wp","href":"https:\/\/api.w.org\/{rel}","templated":true}]}}