{"id":24255,"date":"2026-02-18T23:40:20","date_gmt":"2026-02-18T14:40:20","guid":{"rendered":"https:\/\/sfashionaccessories.com\/?post_type=product&#038;p=24255"},"modified":"2026-02-21T11:34:27","modified_gmt":"2026-02-21T02:34:27","slug":"hidratante-cuide-se-bem-deleite-refil-oboticario-400ml","status":"publish","type":"product","link":"https:\/\/sfashionaccessories.com\/?product=hidratante-cuide-se-bem-deleite-refil-oboticario-400ml","title":{"rendered":"Hidratante Cuide-se Bem &#8211; Deleite refil &#8211; oBoticario -400ml"},"content":{"rendered":"<p>Refil Lo\u00e7\u00e3o Desodorante Hidratante Corporal Cuide-se Bem Deleite 350ml<br \/>\nConforto e hidrata\u00e7\u00e3o com fragr\u00e2ncia envolvente.<\/p>\n<p>A Lo\u00e7\u00e3o Cuide-se Bem Deleite foi desenvolvida para envolver sua pele em um cuidado nutritivo e acolhedor. Com textura cremosa e toque aveludado, ela proporciona hidrata\u00e7\u00e3o intensa e duradoura, deixando a pele macia e perfumada. Sua fragr\u00e2ncia \u00e9 inspirada na cremosidade do leite, oferecendo uma sensa\u00e7\u00e3o de conforto e bem-estar ao longo do dia.<\/p>\n","protected":false},"excerpt":{"rendered":"<p>Refil Lo\u00e7\u00e3o Desodorante Hidratante Corporal Cuide-se Bem Deleite 350ml Conforto e hidrata\u00e7\u00e3o com fragr\u00e2ncia envolvente. A Lo\u00e7\u00e3o Cuide-se Bem Deleite foi desenvolvida para envolver sua pele em um cuidado nutritivo e acolhedor. Com textura cremosa e toque aveludado, ela proporciona hidrata\u00e7\u00e3o intensa e duradoura, deixando a pele macia e perfumada. Sua fragr\u00e2ncia \u00e9 inspirada na [&hellip;]<\/p>\n","protected":false},"featured_media":24258,"comment_status":"open","ping_status":"closed","template":"","meta":{"_kadence_starter_templates_imported_post":false},"product_brand":[],"product_cat":[465,206,322,580,296,282],"product_tag":[1080,272,195,284,316],"class_list":{"0":"post-24255","1":"product","2":"type-product","3":"status-publish","4":"has-post-thumbnail","6":"product_cat-anuncios","7":"product_cat-cosmeticos-cremes-hidradantesperfumes","8":"product_cat-cremes-hidratantes-oleos","9":"product_cat-destaques","10":"product_cat-hidratantes-cremes","11":"product_cat-o-boticario","12":"product_tag-anuncios","13":"product_tag-cosmeticos","14":"product_tag-creme-hidratante","15":"product_tag-o-boticario","16":"product_tag-refil","18":"first","19":"instock","20":"sale","21":"shipping-taxable","22":"purchasable","23":"product-type-simple"},"_links":{"self":[{"href":"https:\/\/sfashionaccessories.com\/index.php?rest_route=\/wp\/v2\/product\/24255","targetHints":{"allow":["GET"]}}],"collection":[{"href":"https:\/\/sfashionaccessories.com\/index.php?rest_route=\/wp\/v2\/product"}],"about":[{"href":"https:\/\/sfashionaccessories.com\/index.php?rest_route=\/wp\/v2\/types\/product"}],"replies":[{"embeddable":true,"href":"https:\/\/sfashionaccessories.com\/index.php?rest_route=%2Fwp%2Fv2%2Fcomments&post=24255"}],"wp:featuredmedia":[{"embeddable":true,"href":"https:\/\/sfashionaccessories.com\/index.php?rest_route=\/wp\/v2\/media\/24258"}],"wp:attachment":[{"href":"https:\/\/sfashionaccessories.com\/index.php?rest_route=%2Fwp%2Fv2%2Fmedia&parent=24255"}],"wp:term":[{"taxonomy":"product_brand","embeddable":true,"href":"https:\/\/sfashionaccessories.com\/index.php?rest_route=%2Fwp%2Fv2%2Fproduct_brand&post=24255"},{"taxonomy":"product_cat","embeddable":true,"href":"https:\/\/sfashionaccessories.com\/index.php?rest_route=%2Fwp%2Fv2%2Fproduct_cat&post=24255"},{"taxonomy":"product_tag","embeddable":true,"href":"https:\/\/sfashionaccessories.com\/index.php?rest_route=%2Fwp%2Fv2%2Fproduct_tag&post=24255"}],"curies":[{"name":"wp","href":"https:\/\/api.w.org\/{rel}","templated":true}]}}