{"id":24314,"date":"2025-11-23T19:33:24","date_gmt":"2025-11-23T10:33:24","guid":{"rendered":"https:\/\/sfashionaccessories.com\/?post_type=product&#038;p=24314"},"modified":"2025-11-23T19:33:25","modified_gmt":"2025-11-23T10:33:25","slug":"pulseira-infantil-banhada-a-ouro-18k-com-cristais-rommanel","status":"publish","type":"product","link":"https:\/\/sfashionaccessories.com\/?product=pulseira-infantil-banhada-a-ouro-18k-com-cristais-rommanel","title":{"rendered":"PULSEIRA INFANTIL BANHADA A OURO 18K COM CRISTAIS &#8211; Rommanel"},"content":{"rendered":"<div class=\"vtex-flex-layout-0-x-flexColChild vtex-flex-layout-0-x-flexColChild--pdp-description-fac-0001 pb0\">\n<div class=\"vtex-store-components-3-x-productDescriptionContainer vtex-store-components-3-x-productDescriptionContainer--pdp-description-fac-0001\">\n<h2 class=\"vtex-store-components-3-x-productDescriptionTitle vtex-store-components-3-x-productDescriptionTitle--pdp-description-fac-0001 t-heading-5 mb5 mt0\">Especifica\u00e7\u00f5es<\/h2>\n<div class=\"vtex-store-components-3-x-productDescriptionText vtex-store-components-3-x-productDescriptionText--pdp-description-fac-0001 c-muted-1\">\n<div>Pulseira infantil formada por pe\u00e7as retangulares trabalhadas, intercaladas por cristais baguetes de 2,5 x5 mm. med 15 cm ajust\u00e1vel 14 cm<\/div>\n<\/div>\n<\/div>\n<\/div>\n<div class=\"vtex-flex-layout-0-x-flexColChild vtex-flex-layout-0-x-flexColChild--pdp-description-fac-0001 pb0\">\n<p class=\"maeztraio-any-product-field-0-x-AnyProductFieldInfo maeztraio-any-product-field-0-x-AnyProductFieldInfo--pdp-product-value-fac-0001 maeztraio-any-product-field-0-x-AnyProductFieldInfo--pdp-description-material-fac-0001\">\u2022 Material:<\/p>\n<div class=\"maeztraio-any-product-field-0-x-AnyProductFieldWrapper maeztraio-any-product-field-0-x-AnyProductFieldWrapper--pdp-product-value-fac-0001 maeztraio-any-product-field-0-x-AnyProductFieldWrapper--pdp-description-material-fac-0001\">\n<p class=\"maeztraio-any-product-field-0-x-AnyProductFieldData maeztraio-any-product-field-0-x-AnyProductFieldData--pdp-product-value-fac-0001 maeztraio-any-product-field-0-x-AnyProductFieldData--pdp-description-material-fac-0001\">Banhado \u00e0 ouro 18k<\/p>\n<\/div>\n<\/div>\n<div class=\"vtex-flex-layout-0-x-flexColChild vtex-flex-layout-0-x-flexColChild--pdp-description-fac-0001 pb0\">\n<p class=\"maeztraio-any-product-field-0-x-AnyProductFieldInfo maeztraio-any-product-field-0-x-AnyProductFieldInfo--pdp-product-value-fac-0001 maeztraio-any-product-field-0-x-AnyProductFieldInfo--pdp-description-collection-fac-0001\">\u2022\u00a0 Cor: Rosa<\/p>\n<\/div>\n<div class=\"vtex-flex-layout-0-x-flexColChild vtex-flex-layout-0-x-flexColChild--pdp-description-fac-0001 pb0\">\n<p class=\"maeztraio-any-product-field-0-x-AnyProductFieldInfo maeztraio-any-product-field-0-x-AnyProductFieldInfo--pdp-product-value-fac-0001 maeztraio-any-product-field-0-x-AnyProductFieldInfo--pdp-description-collection-fac-0001\">\u2022 Composi\u00e7\u00e3o: Cristal<\/p>\n<p class=\"maeztraio-any-product-field-0-x-AnyProductFieldInfo maeztraio-any-product-field-0-x-AnyProductFieldInfo--pdp-product-value-fac-0001 maeztraio-any-product-field-0-x-AnyProductFieldInfo--pdp-description-collection-fac-0001\">\u2022 Faixa Et\u00e1ria: Infantil<\/p>\n<\/div>\n","protected":false},"excerpt":{"rendered":"<p>Especifica\u00e7\u00f5es Pulseira infantil formada por pe\u00e7as retangulares trabalhadas, intercaladas por cristais baguetes de 2,5 x5 mm. med 15 cm ajust\u00e1vel 14 cm \u2022 Material: Banhado \u00e0 ouro 18k \u2022\u00a0 Cor: Rosa \u2022 Composi\u00e7\u00e3o: Cristal \u2022 Faixa Et\u00e1ria: Infantil<\/p>\n","protected":false},"featured_media":24317,"comment_status":"open","ping_status":"closed","template":"","meta":{"_kadence_starter_templates_imported_post":false},"product_brand":[],"product_cat":[200,580,293,878,793,372,209],"product_tag":[182,879,235,724,232],"class_list":{"0":"post-24314","1":"product","2":"type-product","3":"status-publish","4":"has-post-thumbnail","6":"product_cat-acessorios-bijuterias-semi-joias","7":"product_cat-destaques","8":"product_cat-feminino","9":"product_cat-joias","10":"product_cat-presente","11":"product_cat-pulseiras","12":"product_cat-semi-joias","13":"product_tag-acessorios","14":"product_tag-joias","15":"product_tag-pulseira","16":"product_tag-rommanel","17":"product_tag-semi-joias","19":"first","20":"instock","21":"shipping-taxable","22":"purchasable","23":"product-type-simple"},"_links":{"self":[{"href":"https:\/\/sfashionaccessories.com\/index.php?rest_route=\/wp\/v2\/product\/24314","targetHints":{"allow":["GET"]}}],"collection":[{"href":"https:\/\/sfashionaccessories.com\/index.php?rest_route=\/wp\/v2\/product"}],"about":[{"href":"https:\/\/sfashionaccessories.com\/index.php?rest_route=\/wp\/v2\/types\/product"}],"replies":[{"embeddable":true,"href":"https:\/\/sfashionaccessories.com\/index.php?rest_route=%2Fwp%2Fv2%2Fcomments&post=24314"}],"wp:featuredmedia":[{"embeddable":true,"href":"https:\/\/sfashionaccessories.com\/index.php?rest_route=\/wp\/v2\/media\/24317"}],"wp:attachment":[{"href":"https:\/\/sfashionaccessories.com\/index.php?rest_route=%2Fwp%2Fv2%2Fmedia&parent=24314"}],"wp:term":[{"taxonomy":"product_brand","embeddable":true,"href":"https:\/\/sfashionaccessories.com\/index.php?rest_route=%2Fwp%2Fv2%2Fproduct_brand&post=24314"},{"taxonomy":"product_cat","embeddable":true,"href":"https:\/\/sfashionaccessories.com\/index.php?rest_route=%2Fwp%2Fv2%2Fproduct_cat&post=24314"},{"taxonomy":"product_tag","embeddable":true,"href":"https:\/\/sfashionaccessories.com\/index.php?rest_route=%2Fwp%2Fv2%2Fproduct_tag&post=24314"}],"curies":[{"name":"wp","href":"https:\/\/api.w.org\/{rel}","templated":true}]}}