{"id":24344,"date":"2025-11-24T22:06:43","date_gmt":"2025-11-24T13:06:43","guid":{"rendered":"https:\/\/sfashionaccessories.com\/?post_type=product&#038;p=24344"},"modified":"2026-04-19T17:52:11","modified_gmt":"2026-04-19T08:52:11","slug":"calcinha-fio-duplo-de-renda-com-pala-larga-lateral-mayte","status":"publish","type":"product","link":"https:\/\/sfashionaccessories.com\/?product=calcinha-fio-duplo-de-renda-com-pala-larga-lateral-mayte","title":{"rendered":"Calcinha Fio Duplo de Renda com Pala Larga Lateral \u2013 Mayte -Lilas"},"content":{"rendered":"<h2>Calcinha Fio Duplo de Renda com Pala Larga Lateral<\/h2>\n<p>Se voc\u00ea curte uma pe\u00e7a pr\u00e1tica, sensual, cheia de charme e com muito conforto, voc\u00ea vai AMAR a Calcinha Fio Duplo de Renda com Pala Larga Lateral \u2013 Mayte, afinal, voc\u00ea merece o melhor em Moda \u00cdntima!<\/p>\n<p>O modelo fio duplo de microfibra, com frente em renda, aviamentos de microfibra e palas de renda laterais franzidas.\u00a0Por fim, ela possui a composi\u00e7\u00e3o de 90% Poliamida com 10% de Elastano para deixar o tecido leve e suave ao toque. Ainda possui um forro feito com 100% de algod\u00e3o, pensado para sua maior seguran\u00e7a \u00edntima.<\/p>\n","protected":false},"excerpt":{"rendered":"<p>Calcinha Fio Duplo de Renda com Pala Larga Lateral Se voc\u00ea curte uma pe\u00e7a pr\u00e1tica, sensual, cheia de charme e com muito conforto, voc\u00ea vai AMAR a Calcinha Fio Duplo de Renda com Pala Larga Lateral \u2013 Mayte, afinal, voc\u00ea merece o melhor em Moda \u00cdntima! O modelo fio duplo de microfibra, com frente em [&hellip;]<\/p>\n","protected":false},"featured_media":24351,"comment_status":"open","ping_status":"closed","template":"","meta":{"_kadence_starter_templates_imported_post":false},"product_brand":[],"product_cat":[215,580,293,29],"product_tag":[380,458,958],"class_list":{"0":"post-24344","1":"product","2":"type-product","3":"status-publish","4":"has-post-thumbnail","6":"product_cat-calcinhas-tangas-fio-dental","7":"product_cat-destaques","8":"product_cat-feminino","9":"product_cat-lingeries","10":"product_tag-calcinhas","11":"product_tag-lingeries","12":"product_tag-moda-intima","14":"first","15":"instock","16":"shipping-taxable","17":"purchasable","18":"product-type-variable"},"_links":{"self":[{"href":"https:\/\/sfashionaccessories.com\/index.php?rest_route=\/wp\/v2\/product\/24344","targetHints":{"allow":["GET"]}}],"collection":[{"href":"https:\/\/sfashionaccessories.com\/index.php?rest_route=\/wp\/v2\/product"}],"about":[{"href":"https:\/\/sfashionaccessories.com\/index.php?rest_route=\/wp\/v2\/types\/product"}],"replies":[{"embeddable":true,"href":"https:\/\/sfashionaccessories.com\/index.php?rest_route=%2Fwp%2Fv2%2Fcomments&post=24344"}],"wp:featuredmedia":[{"embeddable":true,"href":"https:\/\/sfashionaccessories.com\/index.php?rest_route=\/wp\/v2\/media\/24351"}],"wp:attachment":[{"href":"https:\/\/sfashionaccessories.com\/index.php?rest_route=%2Fwp%2Fv2%2Fmedia&parent=24344"}],"wp:term":[{"taxonomy":"product_brand","embeddable":true,"href":"https:\/\/sfashionaccessories.com\/index.php?rest_route=%2Fwp%2Fv2%2Fproduct_brand&post=24344"},{"taxonomy":"product_cat","embeddable":true,"href":"https:\/\/sfashionaccessories.com\/index.php?rest_route=%2Fwp%2Fv2%2Fproduct_cat&post=24344"},{"taxonomy":"product_tag","embeddable":true,"href":"https:\/\/sfashionaccessories.com\/index.php?rest_route=%2Fwp%2Fv2%2Fproduct_tag&post=24344"}],"curies":[{"name":"wp","href":"https:\/\/api.w.org\/{rel}","templated":true}]}}