{"id":24444,"date":"2025-11-27T18:02:06","date_gmt":"2025-11-27T09:02:06","guid":{"rendered":"https:\/\/sfashionaccessories.com\/?post_type=product&#038;p=24444"},"modified":"2026-03-13T17:03:59","modified_gmt":"2026-03-13T08:03:59","slug":"hidratante-desodorante-corporal-style-pleasures-200ml-mahogany","status":"publish","type":"product","link":"https:\/\/sfashionaccessories.com\/?product=hidratante-desodorante-corporal-style-pleasures-200ml-mahogany","title":{"rendered":"Hidratante Desodorante Corporal Style Pleasures 200ml Mahogany"},"content":{"rendered":"<p>O caminho da passarela est\u00e1 aberto para o desfile da sua pele! O Hidratante Desodorante Corporal Style Pleasures Mahogany 200ml traz a ess\u00eancia sensual de um dos maiores sucessos da marca, em embalagem animal print, a express\u00e3o imortal da moda. Com textura fin\u00edssima e r\u00e1pida absor\u00e7\u00e3o, hidrata intensamente, deixa toque macio, ajuda a desodorizar e garante perfuma\u00e7\u00e3o duradoura. A fragr\u00e2ncia segue o caminho olfativo Floral Oriental, feminina e envolvente, perfeita para rotina de cuidados e para ocasi\u00f5es especiais. Eleve seu autocuidado com o hidratante Mahogany que une estilo, performance e glamour.<\/p>\n","protected":false},"excerpt":{"rendered":"<p>O caminho da passarela est\u00e1 aberto para o desfile da sua pele! O Hidratante Desodorante Corporal Style Pleasures Mahogany 200ml traz a ess\u00eancia sensual de um dos maiores sucessos da marca, em embalagem animal print, a express\u00e3o imortal da moda. Com textura fin\u00edssima e r\u00e1pida absor\u00e7\u00e3o, hidrata intensamente, deixa toque macio, ajuda a desodorizar e [&hellip;]<\/p>\n","protected":false},"featured_media":24445,"comment_status":"open","ping_status":"closed","template":"","meta":{"_kadence_starter_templates_imported_post":false},"product_brand":[],"product_cat":[206,304,322,278,226,167],"product_tag":[272,195,417],"class_list":{"0":"post-24444","1":"product","2":"type-product","3":"status-publish","4":"has-post-thumbnail","6":"product_cat-cosmeticos-cremes-hidradantesperfumes","7":"product_cat-cremes-mascaras-oleos","8":"product_cat-cremes-hidratantes-oleos","9":"product_cat-desodorante-feminino","10":"product_cat-hidratantes-cremes-mahogany","11":"product_cat-mahogany","12":"product_tag-cosmeticos","13":"product_tag-creme-hidratante","14":"product_tag-mahoganny","16":"first","17":"instock","18":"sale","19":"shipping-taxable","20":"purchasable","21":"product-type-simple"},"_links":{"self":[{"href":"https:\/\/sfashionaccessories.com\/index.php?rest_route=\/wp\/v2\/product\/24444","targetHints":{"allow":["GET"]}}],"collection":[{"href":"https:\/\/sfashionaccessories.com\/index.php?rest_route=\/wp\/v2\/product"}],"about":[{"href":"https:\/\/sfashionaccessories.com\/index.php?rest_route=\/wp\/v2\/types\/product"}],"replies":[{"embeddable":true,"href":"https:\/\/sfashionaccessories.com\/index.php?rest_route=%2Fwp%2Fv2%2Fcomments&post=24444"}],"wp:featuredmedia":[{"embeddable":true,"href":"https:\/\/sfashionaccessories.com\/index.php?rest_route=\/wp\/v2\/media\/24445"}],"wp:attachment":[{"href":"https:\/\/sfashionaccessories.com\/index.php?rest_route=%2Fwp%2Fv2%2Fmedia&parent=24444"}],"wp:term":[{"taxonomy":"product_brand","embeddable":true,"href":"https:\/\/sfashionaccessories.com\/index.php?rest_route=%2Fwp%2Fv2%2Fproduct_brand&post=24444"},{"taxonomy":"product_cat","embeddable":true,"href":"https:\/\/sfashionaccessories.com\/index.php?rest_route=%2Fwp%2Fv2%2Fproduct_cat&post=24444"},{"taxonomy":"product_tag","embeddable":true,"href":"https:\/\/sfashionaccessories.com\/index.php?rest_route=%2Fwp%2Fv2%2Fproduct_tag&post=24444"}],"curies":[{"name":"wp","href":"https:\/\/api.w.org\/{rel}","templated":true}]}}