{"id":24463,"date":"2026-02-18T23:44:33","date_gmt":"2026-02-18T14:44:33","guid":{"rendered":"https:\/\/sfashionaccessories.com\/?post_type=product&#038;p=24463"},"modified":"2026-02-26T19:34:33","modified_gmt":"2026-02-26T10:34:33","slug":"oboticario-kit-hidratante-corporal-boa-noite-refil-400ml-boa-noite","status":"publish","type":"product","link":"https:\/\/sfashionaccessories.com\/?product=oboticario-kit-hidratante-corporal-boa-noite-refil-400ml-boa-noite","title":{"rendered":"Oboticario Kit Hidratante Corporal Boa Noite +refil 400ml Boa Noite"},"content":{"rendered":"<p>Kit com 2 produtos-lo\u00e7\u00e3o hidratante Boa noite cuide se bem Regular +refil<\/p>\n<p>Refil Lo\u00e7\u00e3o Desodorante Hidratante Corporal Cuide-se Bem Boa Noite 400ml<br \/>\nSua lo\u00e7\u00e3o favorita acabou? Sem problemas! Com o Refil Lo\u00e7\u00e3o Desodorante Hidratante Corporal Cuide-se Bem Boa Noite voc\u00ea rep\u00f5e o conte\u00fado do frasco e garante o sucesso do seu ritual de cuidados pessoais. Afinal, ter uma boa noite de sono faz toda a diferen\u00e7a no dia a dia agitado, n\u00e3o \u00e9 mesmo?<\/p>\n<p>A f\u00f3rmula da lo\u00e7\u00e3o corporal possui 5x mais camomila, ingrediente que proporciona sensa\u00e7\u00e3o de bem-estar e conforto na hora de dormir. Sua textura cremosa absorve rapidinho, \u00e9 f\u00e1cil de espalhar e \u00e9 ultra hidratante. Com sua fragr\u00e2ncia Floral Musk, a lo\u00e7\u00e3o para o corpo oferece uma pele macia, revitalizada e perfumada a noite inteira.<\/p>\n<p>Al\u00e9m de aproveitar todos os benef\u00edcios da lo\u00e7\u00e3o hidratante, apostando no refil voc\u00ea cuida de si mesmo e do meio ambiente, j\u00e1 que \u00e9 uma forma sustent\u00e1vel de ter o seu item favorito de volta.<\/p>\n<p>Segredinho do bem: Cuide-se Bem Boa Noite \u00e9 uma linha do Botic\u00e1rio com produtos veganos e embalagens feitas com pl\u00e1stico recicl\u00e1vel.<\/p>\n<p>1 lo\u00e7\u00e3o hidratante+REFIL<br \/>\nkit com 2 hidratante de 400ml do mesmo<\/p>\n","protected":false},"excerpt":{"rendered":"<p>Kit com 2 produtos-lo\u00e7\u00e3o hidratante Boa noite cuide se bem Regular +refil Refil Lo\u00e7\u00e3o Desodorante Hidratante Corporal Cuide-se Bem Boa Noite 400ml Sua lo\u00e7\u00e3o favorita acabou? Sem problemas! Com o Refil Lo\u00e7\u00e3o Desodorante Hidratante Corporal Cuide-se Bem Boa Noite voc\u00ea rep\u00f5e o conte\u00fado do frasco e garante o sucesso do seu ritual de cuidados pessoais. [&hellip;]<\/p>\n","protected":false},"featured_media":24465,"comment_status":"open","ping_status":"closed","template":"","meta":{"_kadence_starter_templates_imported_post":false},"product_brand":[],"product_cat":[465,713,206,304,322,580,296,289,282,251,295,254,533],"product_tag":[1080,272,475,284],"class_list":{"0":"post-24463","1":"product","2":"type-product","3":"status-publish","4":"has-post-thumbnail","6":"product_cat-anuncios","7":"product_cat-colonia","8":"product_cat-cosmeticos-cremes-hidradantesperfumes","9":"product_cat-cremes-mascaras-oleos","10":"product_cat-cremes-hidratantes-oleos","11":"product_cat-destaques","12":"product_cat-hidratantes-cremes","13":"product_cat-kit-o-boticario","14":"product_cat-o-boticario","15":"product_cat-perfume-perfumes","16":"product_cat-o-boticario-2","17":"product_cat-promocoes-descontos","18":"product_cat-sabonete-sabonete-liquido-esfoliante-oboticario","19":"product_tag-anuncios","20":"product_tag-cosmeticos","21":"product_tag-kits","22":"product_tag-o-boticario","24":"first","25":"instock","26":"sale","27":"shipping-taxable","28":"purchasable","29":"product-type-simple"},"_links":{"self":[{"href":"https:\/\/sfashionaccessories.com\/index.php?rest_route=\/wp\/v2\/product\/24463","targetHints":{"allow":["GET"]}}],"collection":[{"href":"https:\/\/sfashionaccessories.com\/index.php?rest_route=\/wp\/v2\/product"}],"about":[{"href":"https:\/\/sfashionaccessories.com\/index.php?rest_route=\/wp\/v2\/types\/product"}],"replies":[{"embeddable":true,"href":"https:\/\/sfashionaccessories.com\/index.php?rest_route=%2Fwp%2Fv2%2Fcomments&post=24463"}],"wp:featuredmedia":[{"embeddable":true,"href":"https:\/\/sfashionaccessories.com\/index.php?rest_route=\/wp\/v2\/media\/24465"}],"wp:attachment":[{"href":"https:\/\/sfashionaccessories.com\/index.php?rest_route=%2Fwp%2Fv2%2Fmedia&parent=24463"}],"wp:term":[{"taxonomy":"product_brand","embeddable":true,"href":"https:\/\/sfashionaccessories.com\/index.php?rest_route=%2Fwp%2Fv2%2Fproduct_brand&post=24463"},{"taxonomy":"product_cat","embeddable":true,"href":"https:\/\/sfashionaccessories.com\/index.php?rest_route=%2Fwp%2Fv2%2Fproduct_cat&post=24463"},{"taxonomy":"product_tag","embeddable":true,"href":"https:\/\/sfashionaccessories.com\/index.php?rest_route=%2Fwp%2Fv2%2Fproduct_tag&post=24463"}],"curies":[{"name":"wp","href":"https:\/\/api.w.org\/{rel}","templated":true}]}}