{"id":24481,"date":"2025-12-01T12:46:27","date_gmt":"2025-12-01T03:46:27","guid":{"rendered":"https:\/\/sfashionaccessories.com\/?post_type=product&#038;p=24481"},"modified":"2026-01-23T14:33:59","modified_gmt":"2026-01-23T05:33:59","slug":"body-splash-nativa-spa-quinoa-200ml-oboticario","status":"publish","type":"product","link":"https:\/\/sfashionaccessories.com\/?product=body-splash-nativa-spa-quinoa-200ml-oboticario","title":{"rendered":"Body Splash Nativa Spa Quinoa, 200ml-oBoticario"},"content":{"rendered":"<p><span data-sheets-value=\"{\" data-sheets-userformat=\"{\"><strong>Nativa Spa. Cuidado do gr\u00e3o \u00e0 pele.<\/strong><\/p>\n<p>Se gostas daquela\u00a0<strong>sensa\u00e7\u00e3o de frescura a toda a hora<\/strong>\u00a0as nossas Splashes s\u00e3o a resposta! A\u00a0<strong>Body Splash Quinoa entrega uma fragr\u00e2ncia sensual, intensa e duradoura<\/strong>\u00a0que envolve o teu corpo com\u00a0<strong>muita delicadeza e cuidado<\/strong>. A fragr\u00e2ncia de Quinoa conta com o\u00a0<strong>\u00f3leo 100% puro<\/strong>\u00a0que oferece\u00a0<strong>todas as vitaminas e nutrientes que a tua pele e cabelo precisam todos os dias.<\/strong><br \/>\n<\/span><\/p>\n<ul>\n<li><span data-sheets-value=\"{\" data-sheets-userformat=\"{\"><strong>Sensa\u00e7\u00e3o de frescura a toda a hora<\/strong>\u00a0e em qualquer lugar;<\/span><\/li>\n<li>Pode ser reaplicado v\u00e1rias vezes ao longo do dia, ajudando a\u00a0<strong>manter a sensa\u00e7\u00e3o refrescante do p\u00f3s-banho<\/strong>;<\/li>\n<li>Oferece um\u00a0<strong>aroma \u00fanico e explosivo<\/strong>;<\/li>\n<li>\u00c9 de\u00a0<strong>longa dura\u00e7\u00e3o<\/strong>;<\/li>\n<\/ul>\n<p><span data-sheets-value=\"{\" data-sheets-userformat=\"{\"><strong>Leva esse cheirinho contigo para todo o lado!<\/strong><\/span><\/p>\n<p><span data-sheets-value=\"{\" data-sheets-userformat=\"{\">Como usar: Aplica o Body Splash Nativa Spa Quinoa em todo o o corpo para sentires a sensa\u00e7\u00e3o de frescura. Reaplica durante o dia, sempre que achares necess\u00e1rio. As Body \u202fSplash s\u00e3o um produto muito vers\u00e1til, podendo ser usadas para perfumar a roupa acabada de passar a ferro, perfumar a roupa de cama e as almofadas antes deitar, e ainda podem ser usadas como ambientador de casa ou de autom\u00f3ve<\/span><\/p>\n","protected":false},"excerpt":{"rendered":"<p>Nativa Spa. Cuidado do gr\u00e3o \u00e0 pele. Se gostas daquela\u00a0sensa\u00e7\u00e3o de frescura a toda a hora\u00a0as nossas Splashes s\u00e3o a resposta! A\u00a0Body Splash Quinoa entrega uma fragr\u00e2ncia sensual, intensa e duradoura\u00a0que envolve o teu corpo com\u00a0muita delicadeza e cuidado. A fragr\u00e2ncia de Quinoa conta com o\u00a0\u00f3leo 100% puro\u00a0que oferece\u00a0todas as vitaminas e nutrientes que a [&hellip;]<\/p>\n","protected":false},"featured_media":24483,"comment_status":"open","ping_status":"closed","template":"","meta":{"_kadence_starter_templates_imported_post":false},"product_brand":[],"product_cat":[465,530,713,276,278,580,296,282,295],"product_tag":[412,272,284,401],"class_list":{"0":"post-24481","1":"product","2":"type-product","3":"status-publish","4":"has-post-thumbnail","6":"product_cat-anuncios","7":"product_cat-body-splash","8":"product_cat-colonia","9":"product_cat-desodorante","10":"product_cat-desodorante-feminino","11":"product_cat-destaques","12":"product_cat-hidratantes-cremes","13":"product_cat-o-boticario","14":"product_cat-o-boticario-2","15":"product_tag-body-splash","16":"product_tag-cosmeticos","17":"product_tag-o-boticario","18":"product_tag-perfumes","20":"first","21":"instock","22":"sale","23":"shipping-taxable","24":"purchasable","25":"product-type-simple"},"_links":{"self":[{"href":"https:\/\/sfashionaccessories.com\/index.php?rest_route=\/wp\/v2\/product\/24481","targetHints":{"allow":["GET"]}}],"collection":[{"href":"https:\/\/sfashionaccessories.com\/index.php?rest_route=\/wp\/v2\/product"}],"about":[{"href":"https:\/\/sfashionaccessories.com\/index.php?rest_route=\/wp\/v2\/types\/product"}],"replies":[{"embeddable":true,"href":"https:\/\/sfashionaccessories.com\/index.php?rest_route=%2Fwp%2Fv2%2Fcomments&post=24481"}],"wp:featuredmedia":[{"embeddable":true,"href":"https:\/\/sfashionaccessories.com\/index.php?rest_route=\/wp\/v2\/media\/24483"}],"wp:attachment":[{"href":"https:\/\/sfashionaccessories.com\/index.php?rest_route=%2Fwp%2Fv2%2Fmedia&parent=24481"}],"wp:term":[{"taxonomy":"product_brand","embeddable":true,"href":"https:\/\/sfashionaccessories.com\/index.php?rest_route=%2Fwp%2Fv2%2Fproduct_brand&post=24481"},{"taxonomy":"product_cat","embeddable":true,"href":"https:\/\/sfashionaccessories.com\/index.php?rest_route=%2Fwp%2Fv2%2Fproduct_cat&post=24481"},{"taxonomy":"product_tag","embeddable":true,"href":"https:\/\/sfashionaccessories.com\/index.php?rest_route=%2Fwp%2Fv2%2Fproduct_tag&post=24481"}],"curies":[{"name":"wp","href":"https:\/\/api.w.org\/{rel}","templated":true}]}}