{"id":24623,"date":"2025-12-12T12:06:30","date_gmt":"2025-12-12T03:06:30","guid":{"rendered":"https:\/\/sfashionaccessories.com\/?post_type=product&#038;p=24623"},"modified":"2026-02-07T13:55:31","modified_gmt":"2026-02-07T04:55:31","slug":"colonia-frozen-avon","status":"publish","type":"product","link":"https:\/\/sfashionaccessories.com\/?product=colonia-frozen-avon","title":{"rendered":"Col\u00f4nia Frozen &#8211; Avon"},"content":{"rendered":"<p>Prepare-se para um dia de aventura com a Col\u00f4nia Frozen! Sua embalagem \u00e9 super pr\u00e1tica para levar na bolsa, permitindo reaplicar a qualquer momento.<\/p>\n<p>&nbsp;<\/p>\n<p>Dermatologicamente e clinicamente testado.<\/p>\n<p>Livre de corantes e parabenos.<\/p>\n<p>N\u00e3o resseca e n\u00e3o deixa sensa\u00e7\u00e3o oleosa na pele.<\/p>\n<p>Agradavelmente perfumada e adequada para uso di\u00e1rio.<\/p>\n<p>&nbsp;<\/p>\n<p>Modo de uso: Aplique pequenas quantidades da col\u00f4nia atr\u00e1s das orelhas, no pesco\u00e7o e punhos da crian\u00e7a. Deve ser aplicada por um adulto ou com a supervis\u00e3o de um adulto. Evite contato com os olhos. Pode ser usada diariamente.<\/p>\n<p>&nbsp;<\/p>\n<p>Para crian\u00e7as a partir de 3 anos.<\/p>\n<p>\u00a9Disney<\/p>\n<p>Pl\u00e1stico<\/p>\n<p>70 ml<\/p>\n","protected":false},"excerpt":{"rendered":"<p>Prepare-se para um dia de aventura com a Col\u00f4nia Frozen! Sua embalagem \u00e9 super pr\u00e1tica para levar na bolsa, permitindo reaplicar a qualquer momento. &nbsp; Dermatologicamente e clinicamente testado. Livre de corantes e parabenos. N\u00e3o resseca e n\u00e3o deixa sensa\u00e7\u00e3o oleosa na pele. Agradavelmente perfumada e adequada para uso di\u00e1rio. &nbsp; Modo de uso: Aplique [&hellip;]<\/p>\n","protected":false},"featured_media":24624,"comment_status":"open","ping_status":"closed","template":"","meta":{"_kadence_starter_templates_imported_post":false},"product_brand":[],"product_cat":[826,465,548,721,530,713],"product_tag":[549,272,1043],"class_list":{"0":"post-24623","1":"product","2":"type-product","3":"status-publish","4":"has-post-thumbnail","6":"product_cat-agua-de-colonia","7":"product_cat-anuncios","8":"product_cat-avon","9":"product_cat-avon-care-baby","10":"product_cat-body-splash","11":"product_cat-colonia","12":"product_tag-avon","13":"product_tag-cosmeticos","14":"product_tag-kids","16":"first","17":"instock","18":"shipping-taxable","19":"purchasable","20":"product-type-simple"},"_links":{"self":[{"href":"https:\/\/sfashionaccessories.com\/index.php?rest_route=\/wp\/v2\/product\/24623","targetHints":{"allow":["GET"]}}],"collection":[{"href":"https:\/\/sfashionaccessories.com\/index.php?rest_route=\/wp\/v2\/product"}],"about":[{"href":"https:\/\/sfashionaccessories.com\/index.php?rest_route=\/wp\/v2\/types\/product"}],"replies":[{"embeddable":true,"href":"https:\/\/sfashionaccessories.com\/index.php?rest_route=%2Fwp%2Fv2%2Fcomments&post=24623"}],"wp:featuredmedia":[{"embeddable":true,"href":"https:\/\/sfashionaccessories.com\/index.php?rest_route=\/wp\/v2\/media\/24624"}],"wp:attachment":[{"href":"https:\/\/sfashionaccessories.com\/index.php?rest_route=%2Fwp%2Fv2%2Fmedia&parent=24623"}],"wp:term":[{"taxonomy":"product_brand","embeddable":true,"href":"https:\/\/sfashionaccessories.com\/index.php?rest_route=%2Fwp%2Fv2%2Fproduct_brand&post=24623"},{"taxonomy":"product_cat","embeddable":true,"href":"https:\/\/sfashionaccessories.com\/index.php?rest_route=%2Fwp%2Fv2%2Fproduct_cat&post=24623"},{"taxonomy":"product_tag","embeddable":true,"href":"https:\/\/sfashionaccessories.com\/index.php?rest_route=%2Fwp%2Fv2%2Fproduct_tag&post=24623"}],"curies":[{"name":"wp","href":"https:\/\/api.w.org\/{rel}","templated":true}]}}