{"id":24625,"date":"2025-12-12T15:28:42","date_gmt":"2025-12-12T06:28:42","guid":{"rendered":"https:\/\/sfashionaccessories.com\/?post_type=product&#038;p=24625"},"modified":"2026-04-21T15:16:51","modified_gmt":"2026-04-21T06:16:51","slug":"body-splash-ameixa-rubi-paixao","status":"publish","type":"product","link":"https:\/\/sfashionaccessories.com\/?product=body-splash-ameixa-rubi-paixao","title":{"rendered":"Body Splash Ameixa Rubi -Paix\u00e3o"},"content":{"rendered":"<p>O body splash com a\u00e7\u00e3o desodorante Ameixa Rubi envolve com um topo suculento de morango, harmonizado com notas florais de violeta e rosa, finalizando com a do\u00e7ura da baunilha. 200ml.<\/p>\n<p>&nbsp;<\/p>\n<p>.Notas de Topoc\u00edtricos (laranja-mandarina), frutas vermelhas, ameixa, p\u00eassego, ma\u00e7\u00e3 e pera.<\/p>\n<p>.Notas de Cora\u00e7\u00e3obuqu\u00ea floral (rosa, jasmim, violeta).<\/p>\n<p>. Notas de Basealm\u00edscar, s\u00e2ndalo, baunilha e \u00e2mbar.<\/p>\n<p>&nbsp;<\/p>\n<p>.<strong>Composi\u00e7\u00e3o<\/strong>: Alcohol, Aqua, Glycerin, PEG-40 Hydrogenated Castor Oil, Parfum, Ethylhexyl Salicylate, Ethylhexylglycerin, Butyl Methoxydibenzoylmethane, Hexyl Cinnamal, Linalool, Limonene, Geraniol, Citronellol, Alpha-Isometyl Ionone, Coumarin, Cinnamyl Alcohol, Eugenol, Citral,<\/p>\n","protected":false},"excerpt":{"rendered":"<p>O body splash com a\u00e7\u00e3o desodorante Ameixa Rubi envolve com um topo suculento de morango, harmonizado com notas florais de violeta e rosa, finalizando com a do\u00e7ura da baunilha. 200ml. &nbsp; .Notas de Topoc\u00edtricos (laranja-mandarina), frutas vermelhas, ameixa, p\u00eassego, ma\u00e7\u00e3 e pera. .Notas de Cora\u00e7\u00e3obuqu\u00ea floral (rosa, jasmim, violeta). . Notas de Basealm\u00edscar, s\u00e2ndalo, baunilha [&hellip;]<\/p>\n","protected":false},"featured_media":24631,"comment_status":"open","ping_status":"closed","template":"","meta":{"_kadence_starter_templates_imported_post":false},"product_brand":[],"product_cat":[465,530,713,278,293,1066],"product_tag":[412,272,239,502,1067],"class_list":{"0":"post-24625","1":"product","2":"type-product","3":"status-publish","4":"has-post-thumbnail","6":"product_cat-anuncios","7":"product_cat-body-splash","8":"product_cat-colonia","9":"product_cat-desodorante-feminino","10":"product_cat-feminino","11":"product_cat-paixao","12":"product_tag-body-splash","13":"product_tag-cosmeticos","14":"product_tag-desodorante","15":"product_tag-desodorante-feminino","16":"product_tag-paixao","18":"first","19":"outofstock","20":"shipping-taxable","21":"purchasable","22":"product-type-simple"},"_links":{"self":[{"href":"https:\/\/sfashionaccessories.com\/index.php?rest_route=\/wp\/v2\/product\/24625","targetHints":{"allow":["GET"]}}],"collection":[{"href":"https:\/\/sfashionaccessories.com\/index.php?rest_route=\/wp\/v2\/product"}],"about":[{"href":"https:\/\/sfashionaccessories.com\/index.php?rest_route=\/wp\/v2\/types\/product"}],"replies":[{"embeddable":true,"href":"https:\/\/sfashionaccessories.com\/index.php?rest_route=%2Fwp%2Fv2%2Fcomments&post=24625"}],"wp:featuredmedia":[{"embeddable":true,"href":"https:\/\/sfashionaccessories.com\/index.php?rest_route=\/wp\/v2\/media\/24631"}],"wp:attachment":[{"href":"https:\/\/sfashionaccessories.com\/index.php?rest_route=%2Fwp%2Fv2%2Fmedia&parent=24625"}],"wp:term":[{"taxonomy":"product_brand","embeddable":true,"href":"https:\/\/sfashionaccessories.com\/index.php?rest_route=%2Fwp%2Fv2%2Fproduct_brand&post=24625"},{"taxonomy":"product_cat","embeddable":true,"href":"https:\/\/sfashionaccessories.com\/index.php?rest_route=%2Fwp%2Fv2%2Fproduct_cat&post=24625"},{"taxonomy":"product_tag","embeddable":true,"href":"https:\/\/sfashionaccessories.com\/index.php?rest_route=%2Fwp%2Fv2%2Fproduct_tag&post=24625"}],"curies":[{"name":"wp","href":"https:\/\/api.w.org\/{rel}","templated":true}]}}