{"id":24641,"date":"2025-12-12T16:31:32","date_gmt":"2025-12-12T07:31:32","guid":{"rendered":"https:\/\/sfashionaccessories.com\/?post_type=product&#038;p=24641"},"modified":"2026-04-09T12:41:50","modified_gmt":"2026-04-09T03:41:50","slug":"nectar-desodorante-hidratante-para-o-corpo-ekos-maracuja","status":"publish","type":"product","link":"https:\/\/sfashionaccessories.com\/?product=nectar-desodorante-hidratante-para-o-corpo-ekos-maracuja","title":{"rendered":"N\u00e9ctar Desodorante Hidratante para o Corpo Ekos Maracuj\u00e1"},"content":{"rendered":"<div class=\"relative flex\">\n<div class=\"flex gap-2 items-center\"><span class=\"text-sm font-bold\">Potente antistress cut\u00e2neo para seu corpo<\/span><\/div>\n<\/div>\n<div class=\"relative flex\">\n<div class=\"flex gap-2 items-center\"><span class=\"text-sm\">Elaborado com \u00f3leo bruto de maracuj\u00e1, este n\u00e9ctar tem a\u00e7\u00e3o antiestresse cut\u00e2neo e \u00e9 potente para acalmar e reequilibrar a pele. Sua pele protegida, hidratada e macia.<\/span><\/div>\n<\/div>\n<div>\n<div class=\"relative flex\">\n<div class=\"flex gap-2 items-center\"><span class=\"text-sm\">possui bioativo<\/span>:\u00a0<span class=\"text-sm font-medium\">\u00f3leo bruto do maracuj\u00e1<\/span><\/div>\n<\/div>\n<div class=\"relative flex\">\n<div class=\"flex gap-2 items-center\">\n<div class=\"bg-gray-100 rounded-full p-1\" aria-hidden=\"true\">\n<div class=\"text-center flex items-center justify-center\"><\/div>\n<\/div>\n<p><span class=\"text-sm\">testado dermatologicamente<\/span><\/p>\n<\/div>\n<\/div>\n<div class=\"relative flex\">\n<div class=\"flex gap-2 items-center\">\n<div class=\"bg-gray-100 rounded-full p-1\" aria-hidden=\"true\">\n<div class=\"text-center flex items-center justify-center\"><\/div>\n<\/div>\n<\/div>\n<\/div>\n<div class=\"relative flex\">\n<div class=\"flex gap-2 items-center\">\n<div class=\"bg-gray-100 rounded-full p-1\" aria-hidden=\"true\">\n<div class=\"text-center flex items-center justify-center\">cruelty free<\/div>\n<\/div>\n<\/div>\n<\/div>\n<div class=\"relative flex\">\n<div class=\"flex gap-2 items-center\">\n<div class=\"bg-gray-100 rounded-full p-1\" aria-hidden=\"true\">\n<div class=\"text-center flex items-center justify-center\"><\/div>\n<\/div>\n<p><span class=\"text-sm\">vegano<\/span><\/p>\n<\/div>\n<\/div>\n<div class=\"relative flex\">\n<div class=\"flex gap-2 items-center\">\n<div class=\"bg-gray-100 rounded-full p-1\" aria-hidden=\"true\">\n<div class=\"text-center flex items-center justify-center\"><\/div>\n<\/div>\n<p><span class=\"text-sm\">tipo de pele<\/span>:\u00a0<span class=\"text-sm font-medium\">todos os tipos de pele<\/span><\/p>\n<\/div>\n<\/div>\n<\/div>\n","protected":false},"excerpt":{"rendered":"<p>Potente antistress cut\u00e2neo para seu corpo Elaborado com \u00f3leo bruto de maracuj\u00e1, este n\u00e9ctar tem a\u00e7\u00e3o antiestresse cut\u00e2neo e \u00e9 potente para acalmar e reequilibrar a pele. Sua pele protegida, hidratada e macia. possui bioativo:\u00a0\u00f3leo bruto do maracuj\u00e1 testado dermatologicamente cruelty free vegano tipo de pele:\u00a0todos os tipos de pele<\/p>\n","protected":false},"featured_media":24643,"comment_status":"open","ping_status":"closed","template":"","meta":{"_kadence_starter_templates_imported_post":false},"product_brand":[],"product_cat":[465,206,322,213,580,203],"product_tag":[272,195,329,234],"class_list":{"0":"post-24641","1":"product","2":"type-product","3":"status-publish","4":"has-post-thumbnail","6":"product_cat-anuncios","7":"product_cat-cosmeticos-cremes-hidradantesperfumes","8":"product_cat-cremes-hidratantes-oleos","9":"product_cat-desodorantes-anti-transpirantes","10":"product_cat-destaques","11":"product_cat-natura-creme-oleo-sabonete-perfume","12":"product_tag-cosmeticos","13":"product_tag-creme-hidratante","14":"product_tag-ekos","15":"product_tag-natura","17":"first","18":"instock","19":"sale","20":"shipping-taxable","21":"purchasable","22":"product-type-simple"},"_links":{"self":[{"href":"https:\/\/sfashionaccessories.com\/index.php?rest_route=\/wp\/v2\/product\/24641","targetHints":{"allow":["GET"]}}],"collection":[{"href":"https:\/\/sfashionaccessories.com\/index.php?rest_route=\/wp\/v2\/product"}],"about":[{"href":"https:\/\/sfashionaccessories.com\/index.php?rest_route=\/wp\/v2\/types\/product"}],"replies":[{"embeddable":true,"href":"https:\/\/sfashionaccessories.com\/index.php?rest_route=%2Fwp%2Fv2%2Fcomments&post=24641"}],"wp:featuredmedia":[{"embeddable":true,"href":"https:\/\/sfashionaccessories.com\/index.php?rest_route=\/wp\/v2\/media\/24643"}],"wp:attachment":[{"href":"https:\/\/sfashionaccessories.com\/index.php?rest_route=%2Fwp%2Fv2%2Fmedia&parent=24641"}],"wp:term":[{"taxonomy":"product_brand","embeddable":true,"href":"https:\/\/sfashionaccessories.com\/index.php?rest_route=%2Fwp%2Fv2%2Fproduct_brand&post=24641"},{"taxonomy":"product_cat","embeddable":true,"href":"https:\/\/sfashionaccessories.com\/index.php?rest_route=%2Fwp%2Fv2%2Fproduct_cat&post=24641"},{"taxonomy":"product_tag","embeddable":true,"href":"https:\/\/sfashionaccessories.com\/index.php?rest_route=%2Fwp%2Fv2%2Fproduct_tag&post=24641"}],"curies":[{"name":"wp","href":"https:\/\/api.w.org\/{rel}","templated":true}]}}