{"id":24646,"date":"2025-12-13T11:19:47","date_gmt":"2025-12-13T02:19:47","guid":{"rendered":"https:\/\/sfashionaccessories.com\/?post_type=product&#038;p=24646"},"modified":"2026-02-11T13:04:26","modified_gmt":"2026-02-11T04:04:26","slug":"calca-linho-sawary-balone-281519-off-white","status":"publish","type":"product","link":"https:\/\/sfashionaccessories.com\/?product=calca-linho-sawary-balone-281519-off-white","title":{"rendered":"Cal\u00e7a Linho Sawary Balon\u00ea &#8211; 281519 &#8211; OFF WHITE"},"content":{"rendered":"<p>DESCRI\u00c7\u00c3O<\/p>\n<div class=\"details-content\">Cal\u00e7a feminina confeccionada em linho. A cal\u00e7a balon\u00ea \u00e9 um modelo caracterizado pelo volume arredondado concentrado na regi\u00e3o das pernas, criando uma silhueta ampla e estruturada, que lembra um bal\u00e3o. Cintura alta Fechamento z\u00edper lateral Bolsos frontais e bolsos traseiros funcionais Barra com el\u00e1stico Tecido: linho Cor: bege<\/div>\n","protected":false},"excerpt":{"rendered":"<p>DESCRI\u00c7\u00c3O Cal\u00e7a feminina confeccionada em linho. A cal\u00e7a balon\u00ea \u00e9 um modelo caracterizado pelo volume arredondado concentrado na regi\u00e3o das pernas, criando uma silhueta ampla e estruturada, que lembra um bal\u00e3o. Cintura alta Fechamento z\u00edper lateral Bolsos frontais e bolsos traseiros funcionais Barra com el\u00e1stico Tecido: linho Cor: bege<\/p>\n","protected":false},"featured_media":24657,"comment_status":"open","ping_status":"closed","template":"","meta":{"_kadence_starter_templates_imported_post":false},"product_brand":[],"product_cat":[15,465,508,580,293,507,259],"product_tag":[242,470,188,256],"class_list":{"0":"post-24646","1":"product","2":"type-product","3":"status-publish","4":"has-post-thumbnail","6":"product_cat-padrao","7":"product_cat-anuncios","8":"product_cat-calcas-femininas","9":"product_cat-destaques","10":"product_cat-feminino","11":"product_cat-medidas-calcas-e-shorts-feminino-plus-size-sawary","12":"product_cat-sawary","13":"product_tag-calcas-femininas","14":"product_tag-calcas-jeans","15":"product_tag-moda-feminina","16":"product_tag-sawary","18":"first","19":"instock","20":"shipping-taxable","21":"purchasable","22":"product-type-variable"},"_links":{"self":[{"href":"https:\/\/sfashionaccessories.com\/index.php?rest_route=\/wp\/v2\/product\/24646","targetHints":{"allow":["GET"]}}],"collection":[{"href":"https:\/\/sfashionaccessories.com\/index.php?rest_route=\/wp\/v2\/product"}],"about":[{"href":"https:\/\/sfashionaccessories.com\/index.php?rest_route=\/wp\/v2\/types\/product"}],"replies":[{"embeddable":true,"href":"https:\/\/sfashionaccessories.com\/index.php?rest_route=%2Fwp%2Fv2%2Fcomments&post=24646"}],"wp:featuredmedia":[{"embeddable":true,"href":"https:\/\/sfashionaccessories.com\/index.php?rest_route=\/wp\/v2\/media\/24657"}],"wp:attachment":[{"href":"https:\/\/sfashionaccessories.com\/index.php?rest_route=%2Fwp%2Fv2%2Fmedia&parent=24646"}],"wp:term":[{"taxonomy":"product_brand","embeddable":true,"href":"https:\/\/sfashionaccessories.com\/index.php?rest_route=%2Fwp%2Fv2%2Fproduct_brand&post=24646"},{"taxonomy":"product_cat","embeddable":true,"href":"https:\/\/sfashionaccessories.com\/index.php?rest_route=%2Fwp%2Fv2%2Fproduct_cat&post=24646"},{"taxonomy":"product_tag","embeddable":true,"href":"https:\/\/sfashionaccessories.com\/index.php?rest_route=%2Fwp%2Fv2%2Fproduct_tag&post=24646"}],"curies":[{"name":"wp","href":"https:\/\/api.w.org\/{rel}","templated":true}]}}