{"id":24689,"date":"2025-12-14T19:56:11","date_gmt":"2025-12-14T10:56:11","guid":{"rendered":"https:\/\/sfashionaccessories.com\/?post_type=product&#038;p=24689"},"modified":"2026-01-29T13:44:22","modified_gmt":"2026-01-29T04:44:22","slug":"o-boticario-malbec-noir-eau-de-toilette-100ml","status":"publish","type":"product","link":"https:\/\/sfashionaccessories.com\/?product=o-boticario-malbec-noir-eau-de-toilette-100ml","title":{"rendered":"O Boticario Malbec Noir Eau de Toilette, 100ml"},"content":{"rendered":"<p>Uma\u00a0combina\u00e7\u00e3o de notas e acordes\u00a0que criam uma\u00a0fragr\u00e2ncia masculina misteriosa e sofisticada, Malbec Noir foi feito para o\u00a0homem contempor\u00e2neo, que sabe apreciar o que a vida oferece de melhor e envolve todos com o seu modo enigm\u00e1tico.<\/p>\n<p>O Perfume Malbec Noir de O Botic\u00e1rio possui um acorde exclusivo de uva Pinot Noir, sendo marcante e \u00fanico. A sua fragr\u00e2ncia amadeirada com um fundo especiado deixa um intrigante rasto masculino, que seduz e conquista.<\/p>\n","protected":false},"excerpt":{"rendered":"<p>Uma\u00a0combina\u00e7\u00e3o de notas e acordes\u00a0que criam uma\u00a0fragr\u00e2ncia masculina misteriosa e sofisticada, Malbec Noir foi feito para o\u00a0homem contempor\u00e2neo, que sabe apreciar o que a vida oferece de melhor e envolve todos com o seu modo enigm\u00e1tico. O Perfume Malbec Noir de O Botic\u00e1rio possui um acorde exclusivo de uva Pinot Noir, sendo marcante e \u00fanico. [&hellip;]<\/p>\n","protected":false},"featured_media":24690,"comment_status":"open","ping_status":"closed","template":"","meta":{"_kadence_starter_templates_imported_post":false},"product_brand":[],"product_cat":[465,713,206,276,580,294,282,295],"product_tag":[338,272,401],"class_list":{"0":"post-24689","1":"product","2":"type-product","3":"status-publish","4":"has-post-thumbnail","6":"product_cat-anuncios","7":"product_cat-colonia","8":"product_cat-cosmeticos-cremes-hidradantesperfumes","9":"product_cat-desodorante","10":"product_cat-destaques","11":"product_cat-masculino","12":"product_cat-o-boticario","13":"product_cat-o-boticario-2","14":"product_tag-boticario","15":"product_tag-cosmeticos","16":"product_tag-perfumes","18":"first","19":"instock","20":"sale","21":"shipping-taxable","22":"purchasable","23":"product-type-simple"},"_links":{"self":[{"href":"https:\/\/sfashionaccessories.com\/index.php?rest_route=\/wp\/v2\/product\/24689","targetHints":{"allow":["GET"]}}],"collection":[{"href":"https:\/\/sfashionaccessories.com\/index.php?rest_route=\/wp\/v2\/product"}],"about":[{"href":"https:\/\/sfashionaccessories.com\/index.php?rest_route=\/wp\/v2\/types\/product"}],"replies":[{"embeddable":true,"href":"https:\/\/sfashionaccessories.com\/index.php?rest_route=%2Fwp%2Fv2%2Fcomments&post=24689"}],"wp:featuredmedia":[{"embeddable":true,"href":"https:\/\/sfashionaccessories.com\/index.php?rest_route=\/wp\/v2\/media\/24690"}],"wp:attachment":[{"href":"https:\/\/sfashionaccessories.com\/index.php?rest_route=%2Fwp%2Fv2%2Fmedia&parent=24689"}],"wp:term":[{"taxonomy":"product_brand","embeddable":true,"href":"https:\/\/sfashionaccessories.com\/index.php?rest_route=%2Fwp%2Fv2%2Fproduct_brand&post=24689"},{"taxonomy":"product_cat","embeddable":true,"href":"https:\/\/sfashionaccessories.com\/index.php?rest_route=%2Fwp%2Fv2%2Fproduct_cat&post=24689"},{"taxonomy":"product_tag","embeddable":true,"href":"https:\/\/sfashionaccessories.com\/index.php?rest_route=%2Fwp%2Fv2%2Fproduct_tag&post=24689"}],"curies":[{"name":"wp","href":"https:\/\/api.w.org\/{rel}","templated":true}]}}