{"id":24711,"date":"2025-12-18T19:04:52","date_gmt":"2025-12-18T10:04:52","guid":{"rendered":"https:\/\/sfashionaccessories.com\/?post_type=product&#038;p=24711"},"modified":"2026-01-29T13:44:05","modified_gmt":"2026-01-29T04:44:05","slug":"meia-calca-loba-opaca-fio-80-lupo","status":"publish","type":"product","link":"https:\/\/sfashionaccessories.com\/?product=meia-calca-loba-opaca-fio-80-lupo","title":{"rendered":"Meia-cal\u00e7a loba Opaca Fio 80 &#8211; Lupo"},"content":{"rendered":"<div class=\"vtex-rich-text-0-x-container vtex-rich-text-0-x-container--pdp-specification-trigger-title flex tl items-start justify-start t-body c-on-base\">\n<div class=\"vtex-rich-text-0-x-wrapper vtex-rich-text-0-x-wrapper--pdp-specification-trigger-title\">\n<p class=\"lh-copy vtex-rich-text-0-x-paragraph vtex-rich-text-0-x-paragraph--pdp-specification-trigger-title\">Descri\u00e7\u00e3o<\/p>\n<p class=\"lh-copy vtex-rich-text-0-x-paragraph vtex-rich-text-0-x-paragraph--pdp-specification-trigger-title\">Confeccionada em microfibra el\u00e1stica, de toque macio, super confort\u00e1vel e resistente. Meia-cal\u00e7a opaca fio 80 com c\u00f3s em tecido duplo, para ajuste perfeito. Possui calcanhares e tornozelos sem costuras que n\u00e3o irritam a pele.<\/p>\n<p>\u2022 Sem demarca\u00e7\u00e3o de cal\u00e7a<\/p>\n<\/div>\n<\/div>\n<div id=\"id-05ronu\" class=\"vtex-disclosure-layout-1-x-content vtex-disclosure-layout-1-x-content--visible\">\n<div class=\"vtex-store-components-3-x-productDescriptionContainer\">\n<div class=\"vtex-store-components-3-x-productDescriptionText c-muted-1\">\n<div>\n<p>\u2022 Sem demarca\u00e7\u00e3o de ponteira<\/p>\n<\/div>\n<\/div>\n<\/div>\n<\/div>\n","protected":false},"excerpt":{"rendered":"<p>Descri\u00e7\u00e3o Confeccionada em microfibra el\u00e1stica, de toque macio, super confort\u00e1vel e resistente. Meia-cal\u00e7a opaca fio 80 com c\u00f3s em tecido duplo, para ajuste perfeito. Possui calcanhares e tornozelos sem costuras que n\u00e3o irritam a pele. \u2022 Sem demarca\u00e7\u00e3o de cal\u00e7a \u2022 Sem demarca\u00e7\u00e3o de ponteira<\/p>\n","protected":false},"featured_media":24716,"comment_status":"open","ping_status":"closed","template":"","meta":{"_kadence_starter_templates_imported_post":false},"product_brand":[],"product_cat":[465,580,552,554],"product_tag":[1068,553,558],"class_list":{"0":"post-24711","1":"product","2":"type-product","3":"status-publish","4":"has-post-thumbnail","6":"product_cat-anuncios","7":"product_cat-destaques","8":"product_cat-lupo","9":"product_cat-meia-calca","10":"product_tag-loba","11":"product_tag-lupo","12":"product_tag-meia-calca","14":"first","15":"instock","16":"shipping-taxable","17":"purchasable","18":"product-type-variable"},"_links":{"self":[{"href":"https:\/\/sfashionaccessories.com\/index.php?rest_route=\/wp\/v2\/product\/24711","targetHints":{"allow":["GET"]}}],"collection":[{"href":"https:\/\/sfashionaccessories.com\/index.php?rest_route=\/wp\/v2\/product"}],"about":[{"href":"https:\/\/sfashionaccessories.com\/index.php?rest_route=\/wp\/v2\/types\/product"}],"replies":[{"embeddable":true,"href":"https:\/\/sfashionaccessories.com\/index.php?rest_route=%2Fwp%2Fv2%2Fcomments&post=24711"}],"wp:featuredmedia":[{"embeddable":true,"href":"https:\/\/sfashionaccessories.com\/index.php?rest_route=\/wp\/v2\/media\/24716"}],"wp:attachment":[{"href":"https:\/\/sfashionaccessories.com\/index.php?rest_route=%2Fwp%2Fv2%2Fmedia&parent=24711"}],"wp:term":[{"taxonomy":"product_brand","embeddable":true,"href":"https:\/\/sfashionaccessories.com\/index.php?rest_route=%2Fwp%2Fv2%2Fproduct_brand&post=24711"},{"taxonomy":"product_cat","embeddable":true,"href":"https:\/\/sfashionaccessories.com\/index.php?rest_route=%2Fwp%2Fv2%2Fproduct_cat&post=24711"},{"taxonomy":"product_tag","embeddable":true,"href":"https:\/\/sfashionaccessories.com\/index.php?rest_route=%2Fwp%2Fv2%2Fproduct_tag&post=24711"}],"curies":[{"name":"wp","href":"https:\/\/api.w.org\/{rel}","templated":true}]}}