{"id":24719,"date":"2025-12-21T13:19:12","date_gmt":"2025-12-21T04:19:12","guid":{"rendered":"https:\/\/sfashionaccessories.com\/?post_type=product&#038;p=24719"},"modified":"2026-04-19T17:46:47","modified_gmt":"2026-04-19T08:46:47","slug":"calcinha-com-pala-dupla-de-microfibra-selena","status":"publish","type":"product","link":"https:\/\/sfashionaccessories.com\/?product=calcinha-com-pala-dupla-de-microfibra-selena","title":{"rendered":"Calcinha com pala dupla de microfibra- Selena"},"content":{"rendered":"<p>Calcinha pala dupla super confort\u00e1vel e perfeita para garantir ao seu dia a dia ainda mais charme. E o melhor, a composi\u00e7\u00e3o desta calcinha vai te surpreender. Ela \u00e9 composta por 90% poli\u00e9ster e 10% elastano. O forro est\u00e1 em 100% algod\u00e3o. O desenho do detalhe em renda pode variar.\u00a0N\u00e3o deixe de aproveitar e ficar ainda mais linda e sexy em apenas um clique!<\/p>\n","protected":false},"excerpt":{"rendered":"<p>Calcinha pala dupla super confort\u00e1vel e perfeita para garantir ao seu dia a dia ainda mais charme. E o melhor, a composi\u00e7\u00e3o desta calcinha vai te surpreender. Ela \u00e9 composta por 90% poli\u00e9ster e 10% elastano. O forro est\u00e1 em 100% algod\u00e3o. O desenho do detalhe em renda pode variar.\u00a0N\u00e3o deixe de aproveitar e ficar [&hellip;]<\/p>\n","protected":false},"featured_media":24733,"comment_status":"open","ping_status":"closed","template":"","meta":{"_kadence_starter_templates_imported_post":false},"product_brand":[],"product_cat":[215,153,580,29],"product_tag":[380,458,188],"class_list":{"0":"post-24719","1":"product","2":"type-product","3":"status-publish","4":"has-post-thumbnail","6":"product_cat-calcinhas-tangas-fio-dental","7":"product_cat-casual","8":"product_cat-destaques","9":"product_cat-lingeries","10":"product_tag-calcinhas","11":"product_tag-lingeries","12":"product_tag-moda-feminina","14":"first","15":"instock","16":"shipping-taxable","17":"purchasable","18":"product-type-variable"},"_links":{"self":[{"href":"https:\/\/sfashionaccessories.com\/index.php?rest_route=\/wp\/v2\/product\/24719","targetHints":{"allow":["GET"]}}],"collection":[{"href":"https:\/\/sfashionaccessories.com\/index.php?rest_route=\/wp\/v2\/product"}],"about":[{"href":"https:\/\/sfashionaccessories.com\/index.php?rest_route=\/wp\/v2\/types\/product"}],"replies":[{"embeddable":true,"href":"https:\/\/sfashionaccessories.com\/index.php?rest_route=%2Fwp%2Fv2%2Fcomments&post=24719"}],"wp:featuredmedia":[{"embeddable":true,"href":"https:\/\/sfashionaccessories.com\/index.php?rest_route=\/wp\/v2\/media\/24733"}],"wp:attachment":[{"href":"https:\/\/sfashionaccessories.com\/index.php?rest_route=%2Fwp%2Fv2%2Fmedia&parent=24719"}],"wp:term":[{"taxonomy":"product_brand","embeddable":true,"href":"https:\/\/sfashionaccessories.com\/index.php?rest_route=%2Fwp%2Fv2%2Fproduct_brand&post=24719"},{"taxonomy":"product_cat","embeddable":true,"href":"https:\/\/sfashionaccessories.com\/index.php?rest_route=%2Fwp%2Fv2%2Fproduct_cat&post=24719"},{"taxonomy":"product_tag","embeddable":true,"href":"https:\/\/sfashionaccessories.com\/index.php?rest_route=%2Fwp%2Fv2%2Fproduct_tag&post=24719"}],"curies":[{"name":"wp","href":"https:\/\/api.w.org\/{rel}","templated":true}]}}