{"id":24745,"date":"2025-12-21T13:42:25","date_gmt":"2025-12-21T04:42:25","guid":{"rendered":"https:\/\/sfashionaccessories.com\/?post_type=product&#038;p=24745"},"modified":"2026-02-21T11:40:23","modified_gmt":"2026-02-21T02:40:23","slug":"boticario-coffee-man-unique-colonia-masculina-100ml","status":"publish","type":"product","link":"https:\/\/sfashionaccessories.com\/?product=boticario-coffee-man-unique-colonia-masculina-100ml","title":{"rendered":"Boticario &#8211; Coffee Man &#8211; Unique &#8211; Colonia Masculina 100Ml &#8211;"},"content":{"rendered":"<p>Coffee Man Unique Foug\u00e8re Oriental Desodorante Col\u00f4nia \u00e9 para quem sabe viver a pr\u00f3pria individualidade, mesmo quando est\u00e1 acompanhado. Assim como todas as fragr\u00e2ncias de Coffee O Botic\u00e1rio, traz a infus\u00e3o do nobre caf\u00e9 ar\u00e1bica, extra\u00edda a partir de um processo exclusivo. A intera\u00e7\u00e3o exclusiva dos gr\u00e3os de Caf\u00e9 Ar\u00e1bica com a cremosidade do Caramelo Salgado agu\u00e7a os sentidos. Uma fragr\u00e2ncia sensual de Caf\u00e9 Com Caramelo, extraordin\u00e1ria e \u00fanica, que alia o frescor provocativo e o contraste arom\u00e1tico da Lavanda. O desodorante col\u00f4nia masculino \u00e9 a escolha vers\u00e1til para o dia a dia, que une uma concentra\u00e7\u00e3o equilibrada de fragr\u00e2ncia similar ao eau de toilette com ingredientes de alta qualidade. Entrega perfuma\u00e7\u00e3o com personalidade e um toque de refinamento, mantendo uma assinatura agrad\u00e1vel em todos os momentos. A nova embalagem desta fragr\u00e2ncia masculina com aroma de caf\u00e9 \u00e9 singular e exclusiva, mostrando o poder da individualidade em criar contrastes que aumentam ainda mais a combina\u00e7\u00e3o, fazendo do momento juntos, atrav\u00e9s dessa perfumaria para casal sofisticada e sensual, algo ainda mais \u00fanico e marcante COFFEE. Novas possibilidades a dois. Fam\u00edlia Olfativa: Foug\u00e8re Oriental Pir\u00e2mide Olfativa: Topo: Lim\u00e3o, Pimenta Rosa, Bergamota; Corpo: Caf\u00e9 Ar\u00e1bica, Lavanda; Fundo: T\u00e2mara, Suede, Baunilha, Caramelo Salgado, Cedro e \u00c2mbar.<\/p>\n","protected":false},"excerpt":{"rendered":"<p>Coffee Man Unique Foug\u00e8re Oriental Desodorante Col\u00f4nia \u00e9 para quem sabe viver a pr\u00f3pria individualidade, mesmo quando est\u00e1 acompanhado. Assim como todas as fragr\u00e2ncias de Coffee O Botic\u00e1rio, traz a infus\u00e3o do nobre caf\u00e9 ar\u00e1bica, extra\u00edda a partir de um processo exclusivo. A intera\u00e7\u00e3o exclusiva dos gr\u00e3os de Caf\u00e9 Ar\u00e1bica com a cremosidade do Caramelo [&hellip;]<\/p>\n","protected":false},"featured_media":24748,"comment_status":"open","ping_status":"closed","template":"","meta":{"_kadence_starter_templates_imported_post":false},"product_brand":[],"product_cat":[465,713,206,277,294,282,251,295],"product_tag":[1084,1080,272,947,572,234,284],"class_list":{"0":"post-24745","1":"product","2":"type-product","3":"status-publish","4":"has-post-thumbnail","6":"product_cat-anuncios","7":"product_cat-colonia","8":"product_cat-cosmeticos-cremes-hidradantesperfumes","9":"product_cat-desodorante-masculino","10":"product_cat-masculino","11":"product_cat-o-boticario","12":"product_cat-perfume-perfumes","13":"product_cat-o-boticario-2","14":"product_tag-aichi","15":"product_tag-anuncios","16":"product_tag-cosmeticos","17":"product_tag-japao","18":"product_tag-masculino","19":"product_tag-natura","20":"product_tag-o-boticario","22":"first","23":"instock","24":"sale","25":"shipping-taxable","26":"purchasable","27":"product-type-simple"},"_links":{"self":[{"href":"https:\/\/sfashionaccessories.com\/index.php?rest_route=\/wp\/v2\/product\/24745","targetHints":{"allow":["GET"]}}],"collection":[{"href":"https:\/\/sfashionaccessories.com\/index.php?rest_route=\/wp\/v2\/product"}],"about":[{"href":"https:\/\/sfashionaccessories.com\/index.php?rest_route=\/wp\/v2\/types\/product"}],"replies":[{"embeddable":true,"href":"https:\/\/sfashionaccessories.com\/index.php?rest_route=%2Fwp%2Fv2%2Fcomments&post=24745"}],"wp:featuredmedia":[{"embeddable":true,"href":"https:\/\/sfashionaccessories.com\/index.php?rest_route=\/wp\/v2\/media\/24748"}],"wp:attachment":[{"href":"https:\/\/sfashionaccessories.com\/index.php?rest_route=%2Fwp%2Fv2%2Fmedia&parent=24745"}],"wp:term":[{"taxonomy":"product_brand","embeddable":true,"href":"https:\/\/sfashionaccessories.com\/index.php?rest_route=%2Fwp%2Fv2%2Fproduct_brand&post=24745"},{"taxonomy":"product_cat","embeddable":true,"href":"https:\/\/sfashionaccessories.com\/index.php?rest_route=%2Fwp%2Fv2%2Fproduct_cat&post=24745"},{"taxonomy":"product_tag","embeddable":true,"href":"https:\/\/sfashionaccessories.com\/index.php?rest_route=%2Fwp%2Fv2%2Fproduct_tag&post=24745"}],"curies":[{"name":"wp","href":"https:\/\/api.w.org\/{rel}","templated":true}]}}