{"id":24756,"date":"2025-12-24T12:26:12","date_gmt":"2025-12-24T03:26:12","guid":{"rendered":"https:\/\/sfashionaccessories.com\/?post_type=product&#038;p=24756"},"modified":"2026-03-14T20:26:49","modified_gmt":"2026-03-14T11:26:49","slug":"locao-hidratante-desodorante-corporal-malbec-200ml-oboticario","status":"publish","type":"product","link":"https:\/\/sfashionaccessories.com\/?product=locao-hidratante-desodorante-corporal-malbec-200ml-oboticario","title":{"rendered":"Lo\u00e7\u00e3o Hidratante Desodorante Corporal Malbec 200Ml-oBoticario"},"content":{"rendered":"<p>A\u00a0<strong>Lo\u00e7\u00e3o Hidratante Desodorante Corporal Malbec\u00a0<\/strong>foi criada para homens que desejam incrementar a rotina de autocuidado de maneira completa e eficiente.<\/p>\n<p>&nbsp;<\/p>\n<p>Ideal para uso di\u00e1rio, este hidratante corporal possui uma\u00a0<strong>textura leve e de r\u00e1pida absor\u00e7\u00e3o<\/strong>\u00a0que n\u00e3o acumula nos pelos, deixando a pele macia, perfumada e hidratada na medida certa.<\/p>\n<p>&nbsp;<\/p>\n<p>Com f\u00f3rmula inovadora, cont\u00e9m\u00a0<strong>extrato de semente de uva<\/strong>, ativo com a\u00e7\u00e3o antioxidante que auxilia nos cuidados com o corpo e a pele.\u00a0 Confira os benef\u00edcios desta\u00a0<strong>lo\u00e7\u00e3o corporal:<\/strong><\/p>\n<p>&nbsp;<\/p>\n<ul>\n<li><strong>Hidrata\u00e7\u00e3o por at\u00e9 48h;<\/strong><\/li>\n<li><strong>Textura leve e r\u00e1pida absor\u00e7\u00e3o.<\/strong><\/li>\n<\/ul>\n<p>&nbsp;<\/p>\n<p>Com\u00a0<strong>nova embalagem\u00a0<\/strong>que traz o encontro da perfumaria e cuidados, a Linha Malbec aprimorou sua performance para atender \u00e0s necessidades de cuidados masculinos.<\/p>\n<p>&nbsp;<\/p>\n<p>Com o uso cont\u00ednuo, voc\u00ea ter\u00e1 uma\u00a0<strong>pele hidratada por at\u00e9 48h<\/strong>\u00a0e uma sensa\u00e7\u00e3o de\u00a0<strong>pele bem cuidada\u00a0<\/strong>e macia.<\/p>\n","protected":false},"excerpt":{"rendered":"<p>A\u00a0Lo\u00e7\u00e3o Hidratante Desodorante Corporal Malbec\u00a0foi criada para homens que desejam incrementar a rotina de autocuidado de maneira completa e eficiente. &nbsp; Ideal para uso di\u00e1rio, este hidratante corporal possui uma\u00a0textura leve e de r\u00e1pida absor\u00e7\u00e3o\u00a0que n\u00e3o acumula nos pelos, deixando a pele macia, perfumada e hidratada na medida certa. &nbsp; Com f\u00f3rmula inovadora, cont\u00e9m\u00a0extrato de [&hellip;]<\/p>\n","protected":false},"featured_media":24758,"comment_status":"open","ping_status":"closed","template":"","meta":{"_kadence_starter_templates_imported_post":false},"product_brand":[],"product_cat":[322,277,580,296,282],"product_tag":[272,195,1000,284],"class_list":{"0":"post-24756","1":"product","2":"type-product","3":"status-publish","4":"has-post-thumbnail","6":"product_cat-cremes-hidratantes-oleos","7":"product_cat-desodorante-masculino","8":"product_cat-destaques","9":"product_cat-hidratantes-cremes","10":"product_cat-o-boticario","11":"product_tag-cosmeticos","12":"product_tag-creme-hidratante","13":"product_tag-locao","14":"product_tag-o-boticario","16":"first","17":"instock","18":"shipping-taxable","19":"purchasable","20":"product-type-simple"},"_links":{"self":[{"href":"https:\/\/sfashionaccessories.com\/index.php?rest_route=\/wp\/v2\/product\/24756","targetHints":{"allow":["GET"]}}],"collection":[{"href":"https:\/\/sfashionaccessories.com\/index.php?rest_route=\/wp\/v2\/product"}],"about":[{"href":"https:\/\/sfashionaccessories.com\/index.php?rest_route=\/wp\/v2\/types\/product"}],"replies":[{"embeddable":true,"href":"https:\/\/sfashionaccessories.com\/index.php?rest_route=%2Fwp%2Fv2%2Fcomments&post=24756"}],"wp:featuredmedia":[{"embeddable":true,"href":"https:\/\/sfashionaccessories.com\/index.php?rest_route=\/wp\/v2\/media\/24758"}],"wp:attachment":[{"href":"https:\/\/sfashionaccessories.com\/index.php?rest_route=%2Fwp%2Fv2%2Fmedia&parent=24756"}],"wp:term":[{"taxonomy":"product_brand","embeddable":true,"href":"https:\/\/sfashionaccessories.com\/index.php?rest_route=%2Fwp%2Fv2%2Fproduct_brand&post=24756"},{"taxonomy":"product_cat","embeddable":true,"href":"https:\/\/sfashionaccessories.com\/index.php?rest_route=%2Fwp%2Fv2%2Fproduct_cat&post=24756"},{"taxonomy":"product_tag","embeddable":true,"href":"https:\/\/sfashionaccessories.com\/index.php?rest_route=%2Fwp%2Fv2%2Fproduct_tag&post=24756"}],"curies":[{"name":"wp","href":"https:\/\/api.w.org\/{rel}","templated":true}]}}