{"id":24808,"date":"2025-12-27T14:22:58","date_gmt":"2025-12-27T05:22:58","guid":{"rendered":"https:\/\/sfashionaccessories.com\/?post_type=product&#038;p=24808"},"modified":"2026-03-15T18:40:45","modified_gmt":"2026-03-15T09:40:45","slug":"leau-de-lily-soleil-desodorante-colonia-75ml-o-boticario","status":"publish","type":"product","link":"https:\/\/sfashionaccessories.com\/?product=leau-de-lily-soleil-desodorante-colonia-75ml-o-boticario","title":{"rendered":"L&#8217;eau de Lily Soleil Desodorante Col\u00f4nia 75ml &#8211; O Botic\u00e1rio"},"content":{"rendered":"<p>L&#8217;eau de Lily Soleil Desodorante Col\u00f4nia 75ml<\/p>\n<p>Para aquelas que almejam o protagonismo da pr\u00f3pria hist\u00f3ria e a descoberta da melhor vers\u00e3o de si, L&#8217;eau de Lily Soleil Desodorante Col\u00f4nia traz um novo olfativo floral para uma rotina mais perfumada.<\/p>\n<p>Pensada para ser um desodorante col\u00f4nia fresco para o dia a dia, L&#8217;eau de Lily Soleil traz uma fragr\u00e2ncia agrad\u00e1vel como um encontro da brisa do mar com a exuber\u00e2ncia do nascer do Sol.<\/p>\n<p>Como todo amanhecer representa algo novo, Lily acredita que todo dia representa uma oportunidade para voc\u00ea ser quem realmente \u00e9, refor\u00e7ando suas escolhas e protagonizando seu pr\u00f3prio enredo.<\/p>\n<p>Com Lily voc\u00ea tem frescor e sofistica\u00e7\u00e3o para o seu dia com um segredinho: Ylang Ylang, uma flor de Madagascar que floresce no encontro da brisa do mar com a exuber\u00e2ncia do nascer do Sol.<\/p>\n<p>Com o contraste do brilho das frutas e a cremosidade da am\u00eandoa, L&#8217;eau de Lily Soleil tem o toque de frescor perfeito para tornar cada dia um momento m\u00e1gico.<\/p>\n<p>Lily O Botic\u00e1rio \u00e9 uma das marcas mais valorizadas na perfumaria nacional , tornando-se uma das queridinhas da perfumaria feminina do pa\u00eds.<\/p>\n<p>Fam\u00edlia Olfativa: Floral Floral.<\/p>\n","protected":false},"excerpt":{"rendered":"<p>L&#8217;eau de Lily Soleil Desodorante Col\u00f4nia 75ml Para aquelas que almejam o protagonismo da pr\u00f3pria hist\u00f3ria e a descoberta da melhor vers\u00e3o de si, L&#8217;eau de Lily Soleil Desodorante Col\u00f4nia traz um novo olfativo floral para uma rotina mais perfumada. Pensada para ser um desodorante col\u00f4nia fresco para o dia a dia, L&#8217;eau de Lily [&hellip;]<\/p>\n","protected":false},"featured_media":24810,"comment_status":"open","ping_status":"closed","template":"","meta":{"_kadence_starter_templates_imported_post":false},"product_brand":[],"product_cat":[465,713,206,322,580,293,296,282,295,793,254],"product_tag":[272,284,401],"class_list":{"0":"post-24808","1":"product","2":"type-product","3":"status-publish","4":"has-post-thumbnail","6":"product_cat-anuncios","7":"product_cat-colonia","8":"product_cat-cosmeticos-cremes-hidradantesperfumes","9":"product_cat-cremes-hidratantes-oleos","10":"product_cat-destaques","11":"product_cat-feminino","12":"product_cat-hidratantes-cremes","13":"product_cat-o-boticario","14":"product_cat-o-boticario-2","15":"product_cat-presente","16":"product_cat-promocoes-descontos","17":"product_tag-cosmeticos","18":"product_tag-o-boticario","19":"product_tag-perfumes","21":"first","22":"instock","23":"shipping-taxable","24":"purchasable","25":"product-type-simple"},"_links":{"self":[{"href":"https:\/\/sfashionaccessories.com\/index.php?rest_route=\/wp\/v2\/product\/24808","targetHints":{"allow":["GET"]}}],"collection":[{"href":"https:\/\/sfashionaccessories.com\/index.php?rest_route=\/wp\/v2\/product"}],"about":[{"href":"https:\/\/sfashionaccessories.com\/index.php?rest_route=\/wp\/v2\/types\/product"}],"replies":[{"embeddable":true,"href":"https:\/\/sfashionaccessories.com\/index.php?rest_route=%2Fwp%2Fv2%2Fcomments&post=24808"}],"wp:featuredmedia":[{"embeddable":true,"href":"https:\/\/sfashionaccessories.com\/index.php?rest_route=\/wp\/v2\/media\/24810"}],"wp:attachment":[{"href":"https:\/\/sfashionaccessories.com\/index.php?rest_route=%2Fwp%2Fv2%2Fmedia&parent=24808"}],"wp:term":[{"taxonomy":"product_brand","embeddable":true,"href":"https:\/\/sfashionaccessories.com\/index.php?rest_route=%2Fwp%2Fv2%2Fproduct_brand&post=24808"},{"taxonomy":"product_cat","embeddable":true,"href":"https:\/\/sfashionaccessories.com\/index.php?rest_route=%2Fwp%2Fv2%2Fproduct_cat&post=24808"},{"taxonomy":"product_tag","embeddable":true,"href":"https:\/\/sfashionaccessories.com\/index.php?rest_route=%2Fwp%2Fv2%2Fproduct_tag&post=24808"}],"curies":[{"name":"wp","href":"https:\/\/api.w.org\/{rel}","templated":true}]}}