{"id":24827,"date":"2025-12-27T23:12:29","date_gmt":"2025-12-27T14:12:29","guid":{"rendered":"https:\/\/sfashionaccessories.com\/?post_type=product&#038;p=24827"},"modified":"2026-03-29T18:15:53","modified_gmt":"2026-03-29T09:15:53","slug":"boti-baby-locao-banho-e-pos-banho-200ml-oboticario","status":"publish","type":"product","link":"https:\/\/sfashionaccessories.com\/?product=boti-baby-locao-banho-e-pos-banho-200ml-oboticario","title":{"rendered":"Boti Baby  Lo\u00e7\u00e3o Banho e P\u00f3s Banho, 200ml -oBoticario"},"content":{"rendered":"<p>A Boti Baby Lo\u00e7\u00e3o Banho e P\u00f3s Banho foi especialmente desenvolvida para deixar a pele do beb\u00e9 hidratada, protegida do ressecamento, macia e cheirosa de forma delicada e pr\u00e1tica. Indicada para rosto e corpo, com 96% de ingredientes de origem natural, hidrata com carinho depois do banho ou durante uma massagem perfumada e delicada. Testado e recomendado por pediatras e dermatologistas, \u00e9 \u00e0 prova de l\u00e1grimas e especialmente desenvolvida para a pele delicada do beb\u00e9.<\/p>\n<p>Indicada para beb\u00e9s desde os primeiros dias de vida, a sua nova f\u00f3rmula conta com a inovadora tecnologia Boti Baby Skin, uma pele 3D in vitro que simula a pele de um rec\u00e9m nascido. Fortalece a barreira natural da pele, mantendo-a hidratada e protegida do ressecamento.<br \/>\nTudo isto para proporcionar o que o teu beb\u00e9 merece, com uma mistura deliciosa de carinho e cuidado.<\/p>\n<p>Como usar: Coloca um pouco da lo\u00e7\u00e3o numa das m\u00e3os e espalha por o todo o corpinho do teu beb\u00e9 durante o banho ou ap\u00f3s o banho.<\/p>\n","protected":false},"excerpt":{"rendered":"<p>A Boti Baby Lo\u00e7\u00e3o Banho e P\u00f3s Banho foi especialmente desenvolvida para deixar a pele do beb\u00e9 hidratada, protegida do ressecamento, macia e cheirosa de forma delicada e pr\u00e1tica. Indicada para rosto e corpo, com 96% de ingredientes de origem natural, hidrata com carinho depois do banho ou durante uma massagem perfumada e delicada. Testado [&hellip;]<\/p>\n","protected":false},"featured_media":24830,"comment_status":"open","ping_status":"closed","template":"","meta":{"_kadence_starter_templates_imported_post":false},"product_brand":[],"product_cat":[206,580,296,739,282,254],"product_tag":[1070,195,340,284],"class_list":{"0":"post-24827","1":"product","2":"type-product","3":"status-publish","4":"has-post-thumbnail","6":"product_cat-cosmeticos-cremes-hidradantesperfumes","7":"product_cat-destaques","8":"product_cat-hidratantes-cremes","9":"product_cat-mamae-e-bebe","10":"product_cat-o-boticario","11":"product_cat-promocoes-descontos","12":"product_tag-botibaby","13":"product_tag-creme-hidratante","14":"product_tag-mamae-e-bebe","15":"product_tag-o-boticario","17":"first","18":"instock","19":"sale","20":"shipping-taxable","21":"purchasable","22":"product-type-simple"},"_links":{"self":[{"href":"https:\/\/sfashionaccessories.com\/index.php?rest_route=\/wp\/v2\/product\/24827","targetHints":{"allow":["GET"]}}],"collection":[{"href":"https:\/\/sfashionaccessories.com\/index.php?rest_route=\/wp\/v2\/product"}],"about":[{"href":"https:\/\/sfashionaccessories.com\/index.php?rest_route=\/wp\/v2\/types\/product"}],"replies":[{"embeddable":true,"href":"https:\/\/sfashionaccessories.com\/index.php?rest_route=%2Fwp%2Fv2%2Fcomments&post=24827"}],"wp:featuredmedia":[{"embeddable":true,"href":"https:\/\/sfashionaccessories.com\/index.php?rest_route=\/wp\/v2\/media\/24830"}],"wp:attachment":[{"href":"https:\/\/sfashionaccessories.com\/index.php?rest_route=%2Fwp%2Fv2%2Fmedia&parent=24827"}],"wp:term":[{"taxonomy":"product_brand","embeddable":true,"href":"https:\/\/sfashionaccessories.com\/index.php?rest_route=%2Fwp%2Fv2%2Fproduct_brand&post=24827"},{"taxonomy":"product_cat","embeddable":true,"href":"https:\/\/sfashionaccessories.com\/index.php?rest_route=%2Fwp%2Fv2%2Fproduct_cat&post=24827"},{"taxonomy":"product_tag","embeddable":true,"href":"https:\/\/sfashionaccessories.com\/index.php?rest_route=%2Fwp%2Fv2%2Fproduct_tag&post=24827"}],"curies":[{"name":"wp","href":"https:\/\/api.w.org\/{rel}","templated":true}]}}